{"id":2015,"date":"2019-07-10T18:34:35","date_gmt":"2019-07-10T16:34:35","guid":{"rendered":"http:\/\/disseny-test.uoc.edu\/materials\/programacio\/?page_id=2015"},"modified":"2019-08-11T14:21:53","modified_gmt":"2019-08-11T12:21:53","slug":"5-1-introduccion","status":"publish","type":"page","link":"http:\/\/disseny-test.uoc.edu\/materials\/programacio\/es\/5-1-introduccion\/","title":{"rendered":"5.1. Introducci\u00f3n"},"content":{"rendered":"<div class=\"featured featured-blue\"><p>Un <strong>sistema<\/strong> <strong>de<\/strong> <strong>dise\u00f1o<\/strong> es una forma de organizaci\u00f3n de los elementos que componen uno o varios dise\u00f1os, los cuales definen una l\u00ednea gr\u00e1fica que los identifica.<\/p>\n<\/div>\n<div class=\"featured featured-grey\"><p>Por ejemplo, una marca tiene un sistema de dise\u00f1o que hace que identifiquemos su imagen corporativa en diferentes aplicaciones: una tarjeta, su web, un cartel, etc.<\/p>\n<\/div>\n<p>Los par\u00e1metros que podemos utilizar para crear este sistema pueden ser una determinada ret\u00edcula, colores, tipograf\u00edas, entre otros. En este reto veremos a fondo dos asuntos diferentes: por un lado, c\u00f3mo crear funciones; ahora ya estamos usando funciones, <span style=\"font-family: Courier, Arial;\">ellipse()<\/span> o <span style=\"font-family: Courier, Arial;\">rect()<\/span> son funciones; aprenderemos el modo de crear nuevas y c\u00f3mo usarlas. Por otro lado, veremos c\u00f3mo usar <span style=\"font-family: Courier, Arial;\">arrays<\/span>, un tipo de variables que nos permitir\u00e1 guardar muchos valores. Adem\u00e1s, veremos dos temas m\u00e1s un poco por encima, solo para que teng\u00e1is conciencia de su existencia, pero sin entrar a fondo.<\/p>\n<p>Los temas que trabajaremos a fondo se corresponden a los cap\u00edtulos 9 \u00abFunctions\u00bb y 11 \u00abArrays\u00bb del libro. Los otros dos, a los que solamente echaremos un vistazo, son el 10 y el 12. Y con esto habremos hecho una revisi\u00f3n completa del libro de referencia de la asignatura y tendremos una buena base de programaci\u00f3n que nos ayudar\u00e1 a poder generar nuestros dise\u00f1os de manera din\u00e1mica.<\/p>\n","protected":false},"excerpt":{"rendered":"<p>Los par\u00e1metros que podemos utilizar para crear este sistema pueden ser una determinada ret\u00edcula, colores, tipograf\u00edas, entre otros. En este reto veremos a fondo dos asuntos diferentes: por un lado, c\u00f3mo crear funciones; ahora ya estamos usando funciones, ellipse() o rect() son funciones; aprenderemos el modo de crear nuevas y c\u00f3mo usarlas. Por otro lado, [&hellip;]<\/p>\n","protected":false},"author":1,"featured_media":0,"parent":0,"menu_order":0,"comment_status":"closed","ping_status":"closed","template":"","meta":{"inline_featured_image":false},"acf":[],"_links":{"self":[{"href":"http:\/\/disseny-test.uoc.edu\/materials\/programacio\/es\/wp-json\/wp\/v2\/pages\/2015"}],"collection":[{"href":"http:\/\/disseny-test.uoc.edu\/materials\/programacio\/es\/wp-json\/wp\/v2\/pages"}],"about":[{"href":"http:\/\/disseny-test.uoc.edu\/materials\/programacio\/es\/wp-json\/wp\/v2\/types\/page"}],"author":[{"embeddable":true,"href":"http:\/\/disseny-test.uoc.edu\/materials\/programacio\/es\/wp-json\/wp\/v2\/users\/1"}],"replies":[{"embeddable":true,"href":"http:\/\/disseny-test.uoc.edu\/materials\/programacio\/es\/wp-json\/wp\/v2\/comments?post=2015"}],"version-history":[{"count":8,"href":"http:\/\/disseny-test.uoc.edu\/materials\/programacio\/es\/wp-json\/wp\/v2\/pages\/2015\/revisions"}],"predecessor-version":[{"id":3485,"href":"http:\/\/disseny-test.uoc.edu\/materials\/programacio\/es\/wp-json\/wp\/v2\/pages\/2015\/revisions\/3485"}],"wp:attachment":[{"href":"http:\/\/disseny-test.uoc.edu\/materials\/programacio\/es\/wp-json\/wp\/v2\/media?parent=2015"}],"curies":[{"name":"wp","href":"https:\/\/api.w.org\/{rel}","templated":true}]}}