{"id":385,"date":"2019-07-04T21:41:17","date_gmt":"2019-07-04T19:41:17","guid":{"rendered":"http:\/\/disseny-test.uoc.edu\/materials\/programacio\/?page_id=385"},"modified":"2019-09-02T16:56:51","modified_gmt":"2019-09-02T14:56:51","slug":"2-1-introduccio","status":"publish","type":"page","link":"http:\/\/disseny-test.uoc.edu\/materials\/programacio\/2-1-introduccio\/","title":{"rendered":"2.1. Introducci\u00f3"},"content":{"rendered":"<p>En aquest repte treballarem tres temes diferents:<\/p>\n<ol>\n<li>Primer aprendrem a emmagatzemar valors a les variables. Veurem qu\u00e8 s\u00f3n aquestes variables, quina \u00e9s la seva utilitat i escriurem algun programa que les faci servir. Tamb\u00e9 veurem c\u00f3mo fer algunes operacions aritm\u00e8tiques amb valors i\/o variables.<\/li>\n<li>Treballarem les estructures de control: les condicionals i la iteraci\u00f3 amb la instrucci\u00f3 <strong><span style=\"font-family: Courier, Arial;\"> for<\/span><\/strong>.<\/li>\n<li>I, finalment, veurem com moure els nostres dibuixos.<\/li>\n<\/ol>\n<p>Reforcem aquesta guia amb els cap\u00edtols 4 i 6 del llibre. Tot i aix\u00f2, farem alguna cosa m\u00e9s del que es veu al llibre, aix\u00ed que \u00e9s important seguir aquesta guia amb cura.<\/p>\n","protected":false},"excerpt":{"rendered":"<p>En aquest repte treballarem tres temes diferents: Primer aprendrem a emmagatzemar valors a les variables. Veurem qu\u00e8 s\u00f3n aquestes variables, quina \u00e9s la seva utilitat i escriurem algun programa que les faci servir. Tamb\u00e9 veurem c\u00f3mo fer algunes operacions aritm\u00e8tiques amb valors i\/o variables. Treballarem les estructures de control: les condicionals i la iteraci\u00f3 amb [&hellip;]<\/p>\n","protected":false},"author":1,"featured_media":0,"parent":0,"menu_order":0,"comment_status":"closed","ping_status":"closed","template":"","meta":{"inline_featured_image":false},"acf":[],"_links":{"self":[{"href":"http:\/\/disseny-test.uoc.edu\/materials\/programacio\/wp-json\/wp\/v2\/pages\/385"}],"collection":[{"href":"http:\/\/disseny-test.uoc.edu\/materials\/programacio\/wp-json\/wp\/v2\/pages"}],"about":[{"href":"http:\/\/disseny-test.uoc.edu\/materials\/programacio\/wp-json\/wp\/v2\/types\/page"}],"author":[{"embeddable":true,"href":"http:\/\/disseny-test.uoc.edu\/materials\/programacio\/wp-json\/wp\/v2\/users\/1"}],"replies":[{"embeddable":true,"href":"http:\/\/disseny-test.uoc.edu\/materials\/programacio\/wp-json\/wp\/v2\/comments?post=385"}],"version-history":[{"count":5,"href":"http:\/\/disseny-test.uoc.edu\/materials\/programacio\/wp-json\/wp\/v2\/pages\/385\/revisions"}],"predecessor-version":[{"id":4182,"href":"http:\/\/disseny-test.uoc.edu\/materials\/programacio\/wp-json\/wp\/v2\/pages\/385\/revisions\/4182"}],"wp:attachment":[{"href":"http:\/\/disseny-test.uoc.edu\/materials\/programacio\/wp-json\/wp\/v2\/media?parent=385"}],"curies":[{"name":"wp","href":"https:\/\/api.w.org\/{rel}","templated":true}]}}