{"id":704,"date":"2019-07-07T17:11:20","date_gmt":"2019-07-07T15:11:20","guid":{"rendered":"http:\/\/disseny-test.uoc.edu\/materials\/programacio\/?page_id=704"},"modified":"2020-04-22T22:53:01","modified_gmt":"2020-04-22T20:53:01","slug":"3-9-annex-2-pujar-arxius-al-servidor-remot-de-la-uoc","status":"publish","type":"page","link":"http:\/\/disseny-test.uoc.edu\/materials\/programacio\/3-9-annex-2-pujar-arxius-al-servidor-remot-de-la-uoc\/","title":{"rendered":"3.9. Annex 2. Pujar arxius al servidor remot de la UOC"},"content":{"rendered":"<p>La UOC ens ofereix la possibilitat de tenir un espai on poder pujar els nostres arxius HTML i JavaScript per a poder compartir les nostres creacions. Per a fer-ho, necessitarem instal\u00b7lar un programa client FTP (<em>File Transfer Protocol<\/em>), configurar-lo i fer-lo servir per a pujar els arxius.<\/p>\n<h2>Pas 1. Instal\u00b7lar FileZilla<\/h2>\n<p>Tot i que podem fer servir qualsevol client d\u2019FTP, aqu\u00ed us explicarem com instal\u00b7lar i fer servir FileZilla perqu\u00e8 \u00e9s un programa de codi lliure, gratu\u00eft i senzill d\u2019utilitzar.<\/p>\n<p>Per a instal\u00b7lar-lo, anirem a la p\u00e0gina de <a href=\"https:\/\/filezilla-project.org\/\" target=\"_blank\" rel=\"noopener\">FileZilla<\/a> i descarregarem el client.<\/p>\n<p><img loading=\"lazy\" class=\"alignnone size-full wp-image-623\" src=\"http:\/\/disseny-test.uoc.edu\/materials\/programacio\/wp-content\/uploads\/sites\/17\/2019\/07\/PID_00258586_3_015.jpg\" alt=\"\" width=\"255\" height=\"87\" \/><\/p>\n<h2>Pas 2. Configurar FileZilla<\/h2>\n<p>Un cop instal\u00b7lat, cal configurar l\u2019acc\u00e9s al servidor UOC. Anem a <em>File: Site Manager<\/em> i ens apareixer\u00e0 aquest quadre de di\u00e0leg:<\/p>\n<p><img loading=\"lazy\" class=\"alignnone size-full wp-image-4321\" src=\"http:\/\/disseny-test.uoc.edu\/materials\/programacio\/wp-content\/uploads\/sites\/17\/2020\/04\/Sin-t\u00edtulo-1-1.jpg\" alt=\"\" width=\"740\" height=\"503\" srcset=\"http:\/\/disseny-test.uoc.edu\/materials\/programacio\/wp-content\/uploads\/sites\/17\/2020\/04\/Sin-t\u00edtulo-1-1.jpg 740w, http:\/\/disseny-test.uoc.edu\/materials\/programacio\/wp-content\/uploads\/sites\/17\/2020\/04\/Sin-t\u00edtulo-1-1-300x204.jpg 300w\" sizes=\"(max-width: 740px) 100vw, 740px\" \/><\/p>\n<p>Hem de crear un nou lloc, a qu\u00e8 podem dir <strong>UOC<\/strong> i que ha de tenir aquesta configuraci\u00f3:<\/p>\n<ul>\n<li>Protocol: SFTP<\/li>\n<li>Host: eimtcms.eimt.uoc.edu<\/li>\n<li>Port: 55000<\/li>\n<li>Logon Type: Normal<\/li>\n<li>User: <em>El nostre usuari del campus<\/em><\/li>\n<li>Password:<em> La contrasenya que ens enviaran per correu<\/em><\/li>\n<\/ul>\n<p>Una vegada fets aquests passos, podem clicar el bot\u00f3 <strong>Connecta<\/strong> i, si tot va b\u00e9, ens connectarem al nostre espai de disc de la UOC.<\/p>\n<div class=\"featured featured-blue\"><p>Un cop connectats ens apareixer\u00e0 una carpeta que es diu <strong>public_html<\/strong>. Tot el que vulgueu que es vegi a internet haur\u00e0 d&#8217;estar dins d&#8217;aquesta carpeta.<\/p>\n<\/div>\n<h2>Pas 3. Pujar els nostres fitxers al servidor<\/h2>\n<p>Per a pujar els arxius nom\u00e9s caldr\u00e0 arrossegar-los al FileZilla. Podem arrossegar les carpetes senceres i es crear\u00e0 la carpeta al servidor i es copiaran els arxius que hi hagi dins.<\/p>\n<h2>Pas 4. Visualitzar els nostres programes al servidor<\/h2>\n<p>Per a accedir a un fitxer que haguem pujat al servidor (recordeu, dins de la carpeta public_html), accedirem a:<\/p>\n<p>https:\/\/eimtcms.eimt.uoc.edu\/~nomUsuari<\/p>\n<p>Generalment per a accedir a un determinat arxiu haurem de posar el seu nom. No obstant aix\u00f2, en la majoria de servidors web, si posem com a nom d\u2019arxiu index.html, no caldr\u00e0 especificar-ho.<\/p>\n<div class=\"featured featured-blue\"><p><strong>Un consell<\/strong>. Feu carpetes diferents per a exercicis diferents. Les podeu numerar (00, 01, 02, 03, etc.) i, com que a dins hi tindreu l\u2019arxiu index.html, per a provar l\u2019exercici nom\u00e9s caldr\u00e0 anar a https:\/\/eimtcms.eimt.uoc.edu\/~nomUsuari\/00 per a accedir a l\u2019exercici 00, per exemple.<\/p>\n<\/div>\n<p><strong>Important<\/strong>: Aquest servei FTP no \u00e9s un servei est\u00e0ndard de la UOC i, per tant, heu de tenir present qu\u00e8 l\u2019acc\u00e9s \u00e9s temporal i <strong>un cop acabat el curs perdreu l\u2019acc\u00e9s<\/strong>. Assegureu-vos de tenir una c\u00f2pia al vostre disc dur de tot all\u00f2 que vulgueu conservar.<\/p>\n<h2>Les eines per a desenvolupadors<\/h2>\n<p>Un cop tinguem els nostres arxius al servidor i executem els nostres programes al navegador, les eines per a desenvolupadors dels navegadors ens aniran molt b\u00e9 per poder veure els errors que tingui el nostre codi. Recordeu que els errors apareixeran a la <strong>Consola<\/strong>.<\/p>\n<p>Aquestes s\u00f3n les eines per a desenvolupadors de Chrome.<\/p>\n<p><img loading=\"lazy\" class=\"alignnone size-full wp-image-252\" src=\"http:\/\/disseny-test.uoc.edu\/materials\/programacio\/wp-content\/uploads\/sites\/17\/2019\/07\/PID_00258586_3_021.jpg\" alt=\"\" width=\"693\" height=\"282\" srcset=\"http:\/\/disseny-test.uoc.edu\/materials\/programacio\/wp-content\/uploads\/sites\/17\/2019\/07\/PID_00258586_3_021.jpg 693w, http:\/\/disseny-test.uoc.edu\/materials\/programacio\/wp-content\/uploads\/sites\/17\/2019\/07\/PID_00258586_3_021-300x122.jpg 300w\" sizes=\"(max-width: 693px) 100vw, 693px\" \/><\/p>\n<p>Aquestes s\u00f3n les de Firefox.<\/p>\n<p><img loading=\"lazy\" class=\"alignnone size-full wp-image-253\" src=\"http:\/\/disseny-test.uoc.edu\/materials\/programacio\/wp-content\/uploads\/sites\/17\/2019\/07\/PID_00258586_3_023.jpg\" alt=\"\" width=\"594\" height=\"282\" srcset=\"http:\/\/disseny-test.uoc.edu\/materials\/programacio\/wp-content\/uploads\/sites\/17\/2019\/07\/PID_00258586_3_023.jpg 594w, http:\/\/disseny-test.uoc.edu\/materials\/programacio\/wp-content\/uploads\/sites\/17\/2019\/07\/PID_00258586_3_023-300x142.jpg 300w\" sizes=\"(max-width: 594px) 100vw, 594px\" \/><\/p>\n<p>A les imatges, un navegador est\u00e0 en angl\u00e8s l\u2019altre en catal\u00e0, per\u00f2 independentment de l\u2019idioma \u00e9s f\u00e0cil trobar el codi que s\u2019est\u00e0 executant i, per tant, \u00e9s f\u00e0cil comprovar si el servidor ha carregat b\u00e9 el nostre codi.<\/p>\n","protected":false},"excerpt":{"rendered":"<p>La UOC ens ofereix la possibilitat de tenir un espai on poder pujar els nostres arxius HTML i JavaScript per a poder compartir les nostres creacions. Per a fer-ho, necessitarem instal\u00b7lar un programa client FTP (File Transfer Protocol), configurar-lo i fer-lo servir per a pujar els arxius. Pas 1. Instal\u00b7lar FileZilla Tot i que podem [&hellip;]<\/p>\n","protected":false},"author":1,"featured_media":0,"parent":0,"menu_order":0,"comment_status":"closed","ping_status":"closed","template":"","meta":{"inline_featured_image":false},"acf":[],"_links":{"self":[{"href":"http:\/\/disseny-test.uoc.edu\/materials\/programacio\/wp-json\/wp\/v2\/pages\/704"}],"collection":[{"href":"http:\/\/disseny-test.uoc.edu\/materials\/programacio\/wp-json\/wp\/v2\/pages"}],"about":[{"href":"http:\/\/disseny-test.uoc.edu\/materials\/programacio\/wp-json\/wp\/v2\/types\/page"}],"author":[{"embeddable":true,"href":"http:\/\/disseny-test.uoc.edu\/materials\/programacio\/wp-json\/wp\/v2\/users\/1"}],"replies":[{"embeddable":true,"href":"http:\/\/disseny-test.uoc.edu\/materials\/programacio\/wp-json\/wp\/v2\/comments?post=704"}],"version-history":[{"count":14,"href":"http:\/\/disseny-test.uoc.edu\/materials\/programacio\/wp-json\/wp\/v2\/pages\/704\/revisions"}],"predecessor-version":[{"id":4328,"href":"http:\/\/disseny-test.uoc.edu\/materials\/programacio\/wp-json\/wp\/v2\/pages\/704\/revisions\/4328"}],"wp:attachment":[{"href":"http:\/\/disseny-test.uoc.edu\/materials\/programacio\/wp-json\/wp\/v2\/media?parent=704"}],"curies":[{"name":"wp","href":"https:\/\/api.w.org\/{rel}","templated":true}]}}