{"id":888,"date":"2019-07-07T19:34:01","date_gmt":"2019-07-07T17:34:01","guid":{"rendered":"http:\/\/disseny-test.uoc.edu\/materials\/programacio\/?page_id=888"},"modified":"2019-07-26T21:03:05","modified_gmt":"2019-07-26T19:03:05","slug":"4-1-introduccio","status":"publish","type":"page","link":"http:\/\/disseny-test.uoc.edu\/materials\/programacio\/4-1-introduccio\/","title":{"rendered":"4.1. Introducci\u00f3"},"content":{"rendered":"<p>En aquest repte treballarem tres temes for\u00e7a diferents.<\/p>\n<p>Per una banda, veurem com importar imatges i adaptar-les a les nostres necessitats. Aix\u00f2 ens obre moltes possibilitats perqu\u00e8 podrem afegir fotografies o imatges a les nostres creacions. Tanmateix, presenta un inconvenient, per a importar imatges no podrem fer servir l\u2019editor de p5.js, per la qual cosa haurem de fer servir l\u2019entorn local de programaci\u00f3 que vam definir en el repte anterior.<\/p>\n<p>El segon tema que veurem ser\u00e0 com escriure textos al <em>canvas<\/em> fent servir diferents tipografies que, o tindrem al nostre servidor o aprofitarem les que estiguin disponibles a internet.<\/p>\n<p>El tercer i darrer tema que treballarem en aquest repte \u00e9s el moviment. Si b\u00e9 ja hem vist com canviar de lloc els nostres dibuixos, ara veurem com simular moviment.<\/p>\n<p>Els cap\u00edtols del llibre que treballen aquests tres temes s\u00f3n el 7 \u00abMedia\u00bb i el 8 \u00abMotion\u00bb.<\/p>\n","protected":false},"excerpt":{"rendered":"<p>En aquest repte treballarem tres temes for\u00e7a diferents. Per una banda, veurem com importar imatges i adaptar-les a les nostres necessitats. Aix\u00f2 ens obre moltes possibilitats perqu\u00e8 podrem afegir fotografies o imatges a les nostres creacions. Tanmateix, presenta un inconvenient, per a importar imatges no podrem fer servir l\u2019editor de p5.js, per la qual cosa [&hellip;]<\/p>\n","protected":false},"author":1,"featured_media":0,"parent":0,"menu_order":0,"comment_status":"closed","ping_status":"closed","template":"","meta":{"inline_featured_image":false},"acf":[],"_links":{"self":[{"href":"http:\/\/disseny-test.uoc.edu\/materials\/programacio\/wp-json\/wp\/v2\/pages\/888"}],"collection":[{"href":"http:\/\/disseny-test.uoc.edu\/materials\/programacio\/wp-json\/wp\/v2\/pages"}],"about":[{"href":"http:\/\/disseny-test.uoc.edu\/materials\/programacio\/wp-json\/wp\/v2\/types\/page"}],"author":[{"embeddable":true,"href":"http:\/\/disseny-test.uoc.edu\/materials\/programacio\/wp-json\/wp\/v2\/users\/1"}],"replies":[{"embeddable":true,"href":"http:\/\/disseny-test.uoc.edu\/materials\/programacio\/wp-json\/wp\/v2\/comments?post=888"}],"version-history":[{"count":3,"href":"http:\/\/disseny-test.uoc.edu\/materials\/programacio\/wp-json\/wp\/v2\/pages\/888\/revisions"}],"predecessor-version":[{"id":2751,"href":"http:\/\/disseny-test.uoc.edu\/materials\/programacio\/wp-json\/wp\/v2\/pages\/888\/revisions\/2751"}],"wp:attachment":[{"href":"http:\/\/disseny-test.uoc.edu\/materials\/programacio\/wp-json\/wp\/v2\/media?parent=888"}],"curies":[{"name":"wp","href":"https:\/\/api.w.org\/{rel}","templated":true}]}}