{"id":941,"date":"2019-07-07T20:27:42","date_gmt":"2019-07-07T18:27:42","guid":{"rendered":"http:\/\/disseny-test.uoc.edu\/materials\/programacio\/?page_id=941"},"modified":"2019-08-11T14:20:55","modified_gmt":"2019-08-11T12:20:55","slug":"5-1-introduccio","status":"publish","type":"page","link":"http:\/\/disseny-test.uoc.edu\/materials\/programacio\/5-1-introduccio\/","title":{"rendered":"5.1. Introducci\u00f3"},"content":{"rendered":"<div class=\"featured featured-blue\"><p>Un <strong>sistema de disseny<\/strong> \u00e9s una forma d\u2019organitzaci\u00f3 dels elements que componen un o diversos dissenys, els quals defineixen una l\u00ednia gr\u00e0fica que els identifica.<\/p>\n<\/div>\n<div class=\"featured featured-grey\"><p>Per exemple, una marca t\u00e9 un sistema de disseny que fa que identifiquem la seva imatge corporativa en diferents aplicacions: una targeta, el seu web, un cartell, etc.<\/p>\n<\/div>\n<p>Els par\u00e0metres que podem utilitzar per a crear aquest sistema poden ser una determinada ret\u00edcula, colors, tipografies, entre d\u2019altres. En aquest repte, veurem a fons dos temes diferents. Per una banda, veurem com crear funcions. Ara ja estem fent servir funcions, <span style=\"font-family: Courier, Arial;\">ellipse()<\/span> o <span style=\"font-family: Courier, Arial;\">rect()<\/span> s\u00f3n funcions. Aprendrem a crear-ne de noves i com fer-les servir. Per altra banda, veurem com fer servir els <span style=\"font-family: Courier, Arial;\">arrays<\/span>, un tipus de variables que ens permetr\u00e0 guardar molts valors. A m\u00e9s, veurem dos temes m\u00e9s una mica per sobre, nom\u00e9s perqu\u00e8 tingueu consci\u00e8ncia de la seva exist\u00e8ncia, per\u00f2 sense entrar-hi a fons.<\/p>\n<p>Els temes que treballarem a fons es corresponen als cap\u00edtols 9 \u00abFunctions\u00bb i 11 \u00abArrays\u00bb del llibre. Els altres dos, sobre els quals nom\u00e9s en farem una ullada, s\u00f3n el 10 i el 12. I amb aix\u00f2 haurem fet una revisi\u00f3 completa del llibre de refer\u00e8ncia de l\u2019assignatura i tindrem una bona base de programaci\u00f3 que ens ajudar\u00e0 a poder generar els nostres dissenys de manera din\u00e0mica.<\/p>\n","protected":false},"excerpt":{"rendered":"<p>Els par\u00e0metres que podem utilitzar per a crear aquest sistema poden ser una determinada ret\u00edcula, colors, tipografies, entre d\u2019altres. En aquest repte, veurem a fons dos temes diferents. Per una banda, veurem com crear funcions. Ara ja estem fent servir funcions, ellipse() o rect() s\u00f3n funcions. Aprendrem a crear-ne de noves i com fer-les servir. [&hellip;]<\/p>\n","protected":false},"author":1,"featured_media":0,"parent":0,"menu_order":0,"comment_status":"closed","ping_status":"closed","template":"","meta":{"inline_featured_image":false},"acf":[],"_links":{"self":[{"href":"http:\/\/disseny-test.uoc.edu\/materials\/programacio\/wp-json\/wp\/v2\/pages\/941"}],"collection":[{"href":"http:\/\/disseny-test.uoc.edu\/materials\/programacio\/wp-json\/wp\/v2\/pages"}],"about":[{"href":"http:\/\/disseny-test.uoc.edu\/materials\/programacio\/wp-json\/wp\/v2\/types\/page"}],"author":[{"embeddable":true,"href":"http:\/\/disseny-test.uoc.edu\/materials\/programacio\/wp-json\/wp\/v2\/users\/1"}],"replies":[{"embeddable":true,"href":"http:\/\/disseny-test.uoc.edu\/materials\/programacio\/wp-json\/wp\/v2\/comments?post=941"}],"version-history":[{"count":5,"href":"http:\/\/disseny-test.uoc.edu\/materials\/programacio\/wp-json\/wp\/v2\/pages\/941\/revisions"}],"predecessor-version":[{"id":3484,"href":"http:\/\/disseny-test.uoc.edu\/materials\/programacio\/wp-json\/wp\/v2\/pages\/941\/revisions\/3484"}],"wp:attachment":[{"href":"http:\/\/disseny-test.uoc.edu\/materials\/programacio\/wp-json\/wp\/v2\/media?parent=941"}],"curies":[{"name":"wp","href":"https:\/\/api.w.org\/{rel}","templated":true}]}}