{"id":266,"date":"2019-12-04T10:23:37","date_gmt":"2019-12-04T08:23:37","guid":{"rendered":"http:\/\/disseny-test.uoc.edu\/materials\/taller-color\/?page_id=266"},"modified":"2019-12-04T14:13:13","modified_gmt":"2019-12-04T12:13:13","slug":"1-1-introduccion","status":"publish","type":"page","link":"http:\/\/disseny-test.uoc.edu\/materials\/taller-color\/es\/","title":{"rendered":"1.1. Introducci\u00f3n"},"content":{"rendered":"<blockquote><p>\u00abCuando se ha escuchado todo&#8230; cuando se ha le\u00eddo todo&#8230; se puede caer en la saturaci\u00f3n si no se pone en pr\u00e1ctica\u00bb.<\/p>\n<p>Madhuban Murli (2018)<\/p><\/blockquote>\n<div class=\"featured featured-blue\"><p>El color es un medio de comunicaci\u00f3n que a menudo nos permite no tener que a\u00f1adir nada m\u00e1s para transmitir una idea, sugerir un estado de \u00e1nimo o alertar de un peligro.<\/p>\n<\/div>\n<p>De hecho, es el primer dato que registramos cuando vemos una cosa por primera vez y, a partir de nuestro condicionamiento cultural, le asociaremos un primer juicio de valor. Esta manera de relacionarnos con el color viene de un aprendizaje ancestral que empieza con la asociaci\u00f3n de ciertos colores con los elementos de la naturaleza y lo que nos rodea, y que se ha ido consolidando dentro de nuestros aprendizajes para hacernos reaccionar de manera instintiva hasta la actualidad. As\u00ed pues, el color nos permite representar ideas y emociones de manera incomparable y, considerando esta singularidad, est\u00e1 estrechamente ligado a las normas culturales y connotaciones de uso que se llevan a cabo en nuestro contexto, y que var\u00edan de un punto a otro del planeta.<\/p>\n<p>El color tambi\u00e9n presenta calidades decorativas y, dependiendo de la intensidad o de las combinaciones que hacemos de \u00e9l, podemos crear composiciones que dirijan al espectador hacia un punto de inter\u00e9s concreto, que maticen, diluyan o contrasten diferentes conceptos hasta conseguir, por ejemplo, dotarlos de una visi\u00f3n de conjunto integradora. Todo esto lo convierte en una herramienta muy importante para el dise\u00f1o y la comunicaci\u00f3n. Por este motivo, para poder aplicar el color con finalidades y objetivos precisos es necesario un conocimiento de la teor\u00eda del color, los sistemas crom\u00e1ticos, los canales de procesamiento o las connotaciones simb\u00f3licas que representa. En las pr\u00f3ximas p\u00e1ginas trataremos de mostrar este universo, acompa\u00f1\u00e1ndolo de la terminolog\u00eda b\u00e1sica relativa a la teor\u00eda del color, que debe ofrecernos un lenguaje com\u00fan y comprensivo entre dise\u00f1adores, impresores y clientes.<\/p>\n","protected":false},"excerpt":{"rendered":"<p>\u00abCuando se ha escuchado todo&#8230; cuando se ha le\u00eddo todo&#8230; se puede caer en la saturaci\u00f3n si no se pone en pr\u00e1ctica\u00bb. Madhuban Murli (2018) De hecho, es el primer dato que registramos cuando vemos una cosa por primera vez y, a partir de nuestro condicionamiento cultural, le asociaremos un primer juicio de valor. Esta [&hellip;]<\/p>\n","protected":false},"author":1,"featured_media":0,"parent":0,"menu_order":0,"comment_status":"closed","ping_status":"closed","template":"","meta":{"inline_featured_image":false},"acf":[],"_links":{"self":[{"href":"http:\/\/disseny-test.uoc.edu\/materials\/taller-color\/es\/wp-json\/wp\/v2\/pages\/266"}],"collection":[{"href":"http:\/\/disseny-test.uoc.edu\/materials\/taller-color\/es\/wp-json\/wp\/v2\/pages"}],"about":[{"href":"http:\/\/disseny-test.uoc.edu\/materials\/taller-color\/es\/wp-json\/wp\/v2\/types\/page"}],"author":[{"embeddable":true,"href":"http:\/\/disseny-test.uoc.edu\/materials\/taller-color\/es\/wp-json\/wp\/v2\/users\/1"}],"replies":[{"embeddable":true,"href":"http:\/\/disseny-test.uoc.edu\/materials\/taller-color\/es\/wp-json\/wp\/v2\/comments?post=266"}],"version-history":[{"count":4,"href":"http:\/\/disseny-test.uoc.edu\/materials\/taller-color\/es\/wp-json\/wp\/v2\/pages\/266\/revisions"}],"predecessor-version":[{"id":367,"href":"http:\/\/disseny-test.uoc.edu\/materials\/taller-color\/es\/wp-json\/wp\/v2\/pages\/266\/revisions\/367"}],"wp:attachment":[{"href":"http:\/\/disseny-test.uoc.edu\/materials\/taller-color\/es\/wp-json\/wp\/v2\/media?parent=266"}],"curies":[{"name":"wp","href":"https:\/\/api.w.org\/{rel}","templated":true}]}}