{"id":269,"date":"2019-12-04T10:23:58","date_gmt":"2019-12-04T08:23:58","guid":{"rendered":"http:\/\/disseny-test.uoc.edu\/materials\/taller-color\/?page_id=269"},"modified":"2020-02-20T16:24:37","modified_gmt":"2020-02-20T14:24:37","slug":"1-2-luz-y-color","status":"publish","type":"page","link":"http:\/\/disseny-test.uoc.edu\/materials\/taller-color\/es\/1-2-luz-y-color\/","title":{"rendered":"1.2. Luz y color"},"content":{"rendered":"<p>Existe una relaci\u00f3n directa entre el color, la luz y la percepci\u00f3n de la imagen. Isaac Newton (1643-1727) fue quien descubri\u00f3 sus bases cient\u00edficas cuando relacion\u00f3 la luz blanca y su descomposici\u00f3n en los diferentes colores y cuando defini\u00f3 el negro como la ausencia de luz. Todav\u00eda tuvo que pasar un siglo, hasta mediados del siglo <span class=\"roman\">xix<\/span> (1865), para que James Clerk Maxwell describiera que la luz es una onda electromagn\u00e9tica compuesta por oscilaciones de campos el\u00e9ctricos y magn\u00e9ticos.<\/p>\n<figure id=\"attachment_89\" aria-describedby=\"caption-attachment-89\" style=\"width: 2230px\" class=\"wp-caption aligncenter\"><img loading=\"lazy\" class=\"alignnone wp-image-536 size-full\" src=\"http:\/\/disseny-test.uoc.edu\/materials\/taller-color\/wp-content\/uploads\/sites\/18\/2020\/02\/1.png\" alt=\"\" width=\"2230\" height=\"1356\" \/><figcaption id=\"caption-attachment-89\" class=\"wp-caption-text\">Figura 1. La percepci\u00f3n del color<\/figcaption><\/figure>\n<p>Hasta bien avanzado el siglo <span class=\"roman\">xx<\/span>, la imagen estaba basada en el uso de la materia y los pigmentos \u2013s\u00edntesis sustractiva del color\u2013, pero con la llegada de la tecnolog\u00eda digital y el desarrollo de los softwares de infograf\u00eda la imagen ha pasado a estar estrechamente asociada a la s\u00edntesis aditiva del color, la que trabaja a partir de la descomposici\u00f3n de la luz, dado que la visi\u00f3n de la imagen digital se produce en un medio definido por la luz.<\/p>\n","protected":false},"excerpt":{"rendered":"<p>Existe una relaci\u00f3n directa entre el color, la luz y la percepci\u00f3n de la imagen. Isaac Newton (1643-1727) fue quien descubri\u00f3 sus bases cient\u00edficas cuando relacion\u00f3 la luz blanca y su descomposici\u00f3n en los diferentes colores y cuando defini\u00f3 el negro como la ausencia de luz. Todav\u00eda tuvo que pasar un siglo, hasta mediados del [&hellip;]<\/p>\n","protected":false},"author":1,"featured_media":0,"parent":0,"menu_order":0,"comment_status":"closed","ping_status":"closed","template":"","meta":{"inline_featured_image":false},"acf":[],"_links":{"self":[{"href":"http:\/\/disseny-test.uoc.edu\/materials\/taller-color\/es\/wp-json\/wp\/v2\/pages\/269"}],"collection":[{"href":"http:\/\/disseny-test.uoc.edu\/materials\/taller-color\/es\/wp-json\/wp\/v2\/pages"}],"about":[{"href":"http:\/\/disseny-test.uoc.edu\/materials\/taller-color\/es\/wp-json\/wp\/v2\/types\/page"}],"author":[{"embeddable":true,"href":"http:\/\/disseny-test.uoc.edu\/materials\/taller-color\/es\/wp-json\/wp\/v2\/users\/1"}],"replies":[{"embeddable":true,"href":"http:\/\/disseny-test.uoc.edu\/materials\/taller-color\/es\/wp-json\/wp\/v2\/comments?post=269"}],"version-history":[{"count":7,"href":"http:\/\/disseny-test.uoc.edu\/materials\/taller-color\/es\/wp-json\/wp\/v2\/pages\/269\/revisions"}],"predecessor-version":[{"id":620,"href":"http:\/\/disseny-test.uoc.edu\/materials\/taller-color\/es\/wp-json\/wp\/v2\/pages\/269\/revisions\/620"}],"wp:attachment":[{"href":"http:\/\/disseny-test.uoc.edu\/materials\/taller-color\/es\/wp-json\/wp\/v2\/media?parent=269"}],"curies":[{"name":"wp","href":"https:\/\/api.w.org\/{rel}","templated":true}]}}