{"id":272,"date":"2019-12-04T10:24:19","date_gmt":"2019-12-04T08:24:19","guid":{"rendered":"http:\/\/disseny-test.uoc.edu\/materials\/taller-color\/?page_id=272"},"modified":"2020-02-20T16:26:20","modified_gmt":"2020-02-20T14:26:20","slug":"1-3-1-introduccion","status":"publish","type":"page","link":"http:\/\/disseny-test.uoc.edu\/materials\/taller-color\/es\/1-3-1-introduccion\/","title":{"rendered":"1.3.1. Introducci\u00f3n"},"content":{"rendered":"<p>Los elementos f\u00edsicos pueden tener la propiedad de retener una parte de las longitudes de onda del espectro electromagn\u00e9tico que les llega y de reflejar otras. Nuestro sistema de percepci\u00f3n visual nos otorga la capacidad de reconocer una parte de estas longitudes de onda reflejadas y, como resultado de este proceso, identificamos colores que atribuimos a las cosas que los reflejan.<\/p>\n<p>El espectro electromagn\u00e9tico es muy amplio y va desde las ondas de radio, que tienen una larga longitud de onda (de la medida de un edificio), hasta las ondas gama, que tienen una longitud de medida at\u00f3mica. Entre las ondas m\u00e1s largas encontramos las <strong>ondas de radio<\/strong>, las de<strong> microondas<\/strong> o los <strong>infrarrojos<\/strong>. Entre las ondas cortas encontramos los <strong>rayos gama<\/strong>, los<strong> rayos X<\/strong> y las ondas <strong>ultravioletas<\/strong>. En el centro del espectro, hay una franja muy peque\u00f1a que puede detectar el sistema visual humano: la<strong> luz visible<\/strong>.<\/p>\n<figure id=\"attachment_89\" aria-describedby=\"caption-attachment-89\" style=\"width: 2296px\" class=\"wp-caption aligncenter\"><img loading=\"lazy\" class=\"alignnone wp-image-538 size-full\" src=\"http:\/\/disseny-test.uoc.edu\/materials\/taller-color\/wp-content\/uploads\/sites\/18\/2020\/02\/2.png\" alt=\"\" width=\"2296\" height=\"1364\" \/><figcaption id=\"caption-attachment-89\" class=\"wp-caption-text\">Figura 2. La percepci\u00f3n del color<\/figcaption><\/figure>\n<p>El sistema de percepci\u00f3n visual de la especie humana empieza en el ojo. El ojo es un conjunto de \u00f3rganos complejos que funciona con un mecanismo de reconocimiento de patrones de reflexi\u00f3n de luz. La luz est\u00e1 formada por ondas que se dispersan con longitudes, frecuencias y cargas energ\u00e9ticas diferentes. La<strong> frecuencia<\/strong> es una medida de la cantidad de ondas que atraviesa un punto en un periodo determinado; es directamente proporcional a la longitud: cuanto m\u00e1s corta es una onda, mayor es la frecuencia que tiene. La energ\u00eda es inversamente proporcional a las dos: cuanto m\u00e1s corta es una onda, mayor es la<strong> energ\u00eda<\/strong> que transporta.<\/p>\n<p>Los objetos, seg\u00fan su constituci\u00f3n at\u00f3mica, retienen una parte de estas ondas y reflejan otras. En funci\u00f3n de las longitudes de las ondas, los percibimos de un color o de otro. Esto incluye no solo el objeto, sino tambi\u00e9n el c\u00e1lculo de la posici\u00f3n en el espacio, la distancia, el movimiento respecto a nosotros, el tama\u00f1o y el reconocimiento de aspectos relevantes para nuestra relaci\u00f3n con este objeto. Podr\u00edamos decir que el sistema ojos-cerebro es como una c\u00e1mara de v\u00eddeo: el ojo hace el papel de objetivo y lente; el cerebro, el de disco duro de almacenamiento.<\/p>\n","protected":false},"excerpt":{"rendered":"<p>Los elementos f\u00edsicos pueden tener la propiedad de retener una parte de las longitudes de onda del espectro electromagn\u00e9tico que les llega y de reflejar otras. Nuestro sistema de percepci\u00f3n visual nos otorga la capacidad de reconocer una parte de estas longitudes de onda reflejadas y, como resultado de este proceso, identificamos colores que atribuimos [&hellip;]<\/p>\n","protected":false},"author":1,"featured_media":0,"parent":0,"menu_order":0,"comment_status":"closed","ping_status":"closed","template":"","meta":{"inline_featured_image":false},"acf":[],"_links":{"self":[{"href":"http:\/\/disseny-test.uoc.edu\/materials\/taller-color\/es\/wp-json\/wp\/v2\/pages\/272"}],"collection":[{"href":"http:\/\/disseny-test.uoc.edu\/materials\/taller-color\/es\/wp-json\/wp\/v2\/pages"}],"about":[{"href":"http:\/\/disseny-test.uoc.edu\/materials\/taller-color\/es\/wp-json\/wp\/v2\/types\/page"}],"author":[{"embeddable":true,"href":"http:\/\/disseny-test.uoc.edu\/materials\/taller-color\/es\/wp-json\/wp\/v2\/users\/1"}],"replies":[{"embeddable":true,"href":"http:\/\/disseny-test.uoc.edu\/materials\/taller-color\/es\/wp-json\/wp\/v2\/comments?post=272"}],"version-history":[{"count":6,"href":"http:\/\/disseny-test.uoc.edu\/materials\/taller-color\/es\/wp-json\/wp\/v2\/pages\/272\/revisions"}],"predecessor-version":[{"id":625,"href":"http:\/\/disseny-test.uoc.edu\/materials\/taller-color\/es\/wp-json\/wp\/v2\/pages\/272\/revisions\/625"}],"wp:attachment":[{"href":"http:\/\/disseny-test.uoc.edu\/materials\/taller-color\/es\/wp-json\/wp\/v2\/media?parent=272"}],"curies":[{"name":"wp","href":"https:\/\/api.w.org\/{rel}","templated":true}]}}