{"id":274,"date":"2019-12-04T10:24:39","date_gmt":"2019-12-04T08:24:39","guid":{"rendered":"http:\/\/disseny-test.uoc.edu\/materials\/taller-color\/?page_id=274"},"modified":"2020-02-20T16:28:32","modified_gmt":"2020-02-20T14:28:32","slug":"1-3-2-el-ojo","status":"publish","type":"page","link":"http:\/\/disseny-test.uoc.edu\/materials\/taller-color\/es\/1-3-2-el-ojo\/","title":{"rendered":"1.3.2. El ojo"},"content":{"rendered":"<p>En la parte izquierda del ojo, la pupila se contrae o expande en funci\u00f3n de la intensidad de la luz que ilumina la escena: una cantidad escasa nos deja ciegos; una cantidad excesiva, tambi\u00e9n. Los rayos atraviesan varias capas, que los ajustan y los regulan antes de impactar en la retina, una s\u00e1bana de tejido nervioso que recubre la parte posterior del ojo.<\/p>\n<p>La retina est\u00e1 compuesta de varios tipos de c\u00e9lulas. Las m\u00e1s importantes para la captaci\u00f3n de luz son los bastones y los conos, denominados as\u00ed por la forma que tienen. Los bastones (alrededor de <strong>cien millones<\/strong>) \u00abven\u00bb en blanco y negro y est\u00e1n activos en condiciones de luz d\u00e9bil, mientras que los conos (<strong>siete millones<\/strong>) son los encargados de la percepci\u00f3n de los colores, y tienen una mayor precisi\u00f3n.<\/p>\n<p>Los conos, concentrados en la <strong>f\u00f3vea<\/strong>, la regi\u00f3n de m\u00e1s precisi\u00f3n, son sensibles a diferentes longitudes de onda: algunos son m\u00e1s receptivos a ondas <strong>cortas<\/strong> (azules) y otros lo son <strong>a ondas largas<\/strong> (rojos). La combinaci\u00f3n de activaciones de conos dise\u00f1ados para percibir longitudes de ondas diferentes es lo que origina la percepci\u00f3n de colores derivados.<\/p>\n<p>Cada l\u00ednea de este gr\u00e1fico representa la sensibilidad de los tres tipos de conos presentes en la f\u00f3vea. Cuanto m\u00e1s alta es la curva, mayor es la sensibilidad al color correspondiente en la barra inferior. El mensaje obvio es que nuestra sensibilidad es mayor a los rayos de luz de ondas medias (azules claros, verdes, naranjas) que a ondas muy largas (en la frontera con los infrarrojos) y a ondas muy cortas (en la frontera con los ultravioletas).<\/p>\n<figure id=\"attachment_89\" aria-describedby=\"caption-attachment-89\" style=\"width: 640px\" class=\"wp-caption aligncenter\"><img loading=\"lazy\" class=\"alignnone wp-image-540 size-full\" src=\"http:\/\/disseny-test.uoc.edu\/materials\/taller-color\/wp-content\/uploads\/sites\/18\/2020\/02\/3.png\" alt=\"\" width=\"2266\" height=\"1384\" \/><figcaption id=\"caption-attachment-89\" class=\"wp-caption-text\">Figura 3. La percepci\u00f3n del color<\/figcaption><\/figure>\n<p>Si ponemos un texto azul sobre un fondo negro, nos resultar\u00e1 muy dif\u00edcil de leer. El negro no estimula ning\u00fan receptor, las superficies negras no reflejan luz, sino que la absorben, y el azul estimula un \u00fanico tipo de conos que, por desgracia, son mucho menos sensibles que los que detectan tonos naranjas. Por ello el texto de la derecha destaca m\u00e1s y es mucho m\u00e1s legible.<\/p>\n<p>La evoluci\u00f3n nos ha dotado de algunas defensas contra las ondas cortas de luz. Una de estas defensas es la c\u00f3rnea, la capa externa del ojo, que tiene una tonalidad amarillenta. Como consecuencia de esto, absorbe luz de onda corta y deja pasar la de onda larga hasta la retina.<\/p>\n<figure id=\"attachment_89\" aria-describedby=\"caption-attachment-89\" style=\"width: 640px\" class=\"wp-caption aligncenter\"><img loading=\"lazy\" class=\"alignnone wp-image-542 size-full\" src=\"http:\/\/disseny-test.uoc.edu\/materials\/taller-color\/wp-content\/uploads\/sites\/18\/2020\/02\/4.png\" alt=\"\" width=\"2292\" height=\"1386\" \/><figcaption id=\"caption-attachment-89\" class=\"wp-caption-text\">Figura 4. La percepci\u00f3n del color<\/figcaption><\/figure>\n<p>A medida que envejecemos, la c\u00f3rnea se vuelve m\u00e1s y m\u00e1s amarilla, de modo que disminuye nuestra sensibilidad a los azules y violetas. Si se dise\u00f1a un mapa para lectores de edad avanzada, es mejor dejar de lado los azules (izquierda) y optar por rojos o verdes (derecha).<\/p>\n<figure id=\"attachment_89\" aria-describedby=\"caption-attachment-89\" style=\"width: 640px\" class=\"wp-caption aligncenter\"><img loading=\"lazy\" class=\"alignnone wp-image-543 size-full\" src=\"http:\/\/disseny-test.uoc.edu\/materials\/taller-color\/wp-content\/uploads\/sites\/18\/2020\/02\/5a.png\" alt=\"\" width=\"2346\" height=\"1392\" \/><figcaption id=\"caption-attachment-89\" class=\"wp-caption-text\">Figura 5. La percepci\u00f3n del color<\/figcaption><\/figure>\n","protected":false},"excerpt":{"rendered":"<p>En la parte izquierda del ojo, la pupila se contrae o expande en funci\u00f3n de la intensidad de la luz que ilumina la escena: una cantidad escasa nos deja ciegos; una cantidad excesiva, tambi\u00e9n. Los rayos atraviesan varias capas, que los ajustan y los regulan antes de impactar en la retina, una s\u00e1bana de tejido [&hellip;]<\/p>\n","protected":false},"author":1,"featured_media":0,"parent":0,"menu_order":0,"comment_status":"closed","ping_status":"closed","template":"","meta":{"inline_featured_image":false},"acf":[],"_links":{"self":[{"href":"http:\/\/disseny-test.uoc.edu\/materials\/taller-color\/es\/wp-json\/wp\/v2\/pages\/274"}],"collection":[{"href":"http:\/\/disseny-test.uoc.edu\/materials\/taller-color\/es\/wp-json\/wp\/v2\/pages"}],"about":[{"href":"http:\/\/disseny-test.uoc.edu\/materials\/taller-color\/es\/wp-json\/wp\/v2\/types\/page"}],"author":[{"embeddable":true,"href":"http:\/\/disseny-test.uoc.edu\/materials\/taller-color\/es\/wp-json\/wp\/v2\/users\/1"}],"replies":[{"embeddable":true,"href":"http:\/\/disseny-test.uoc.edu\/materials\/taller-color\/es\/wp-json\/wp\/v2\/comments?post=274"}],"version-history":[{"count":7,"href":"http:\/\/disseny-test.uoc.edu\/materials\/taller-color\/es\/wp-json\/wp\/v2\/pages\/274\/revisions"}],"predecessor-version":[{"id":630,"href":"http:\/\/disseny-test.uoc.edu\/materials\/taller-color\/es\/wp-json\/wp\/v2\/pages\/274\/revisions\/630"}],"wp:attachment":[{"href":"http:\/\/disseny-test.uoc.edu\/materials\/taller-color\/es\/wp-json\/wp\/v2\/media?parent=274"}],"curies":[{"name":"wp","href":"https:\/\/api.w.org\/{rel}","templated":true}]}}