{"id":276,"date":"2019-12-04T10:25:01","date_gmt":"2019-12-04T08:25:01","guid":{"rendered":"http:\/\/disseny-test.uoc.edu\/materials\/taller-color\/?page_id=276"},"modified":"2020-02-20T12:22:05","modified_gmt":"2020-02-20T10:22:05","slug":"1-4-1-introduccion","status":"publish","type":"page","link":"http:\/\/disseny-test.uoc.edu\/materials\/taller-color\/es\/1-4-1-introduccion\/","title":{"rendered":"1.4.1. Introducci\u00f3n"},"content":{"rendered":"<p>Hay tres propiedades del color que son las que nos permiten describirlo y hacen que sea \u00fanico: el <strong>tono<\/strong>, la <strong>saturaci\u00f3n<\/strong> y la <strong>luminosidad<\/strong>.<\/p>\n<p>El <strong>tono (<em>hue<\/em>)<\/strong> es el color en s\u00ed mismo; el nombre que le damos. Por ejemplo, verde, azul, amarillo&#8230; De acuerdo con la tonalidad, dividimos los colores en <strong>c\u00e1lidos y fr\u00edos<\/strong>.<\/p>\n<figure id=\"attachment_96\" aria-describedby=\"caption-attachment-96\" style=\"width: 550px\" class=\"wp-caption aligncenter\"><img loading=\"lazy\" class=\"wp-image-96\" src=\"http:\/\/disseny-test.uoc.edu\/materials\/taller-color\/wp-content\/uploads\/sites\/18\/2019\/11\/PID_00267653_6_calids.jpg\" alt=\"\" width=\"550\" height=\"196\" srcset=\"http:\/\/disseny-test.uoc.edu\/materials\/taller-color\/wp-content\/uploads\/sites\/18\/2019\/11\/PID_00267653_6_calids.jpg 709w, http:\/\/disseny-test.uoc.edu\/materials\/taller-color\/wp-content\/uploads\/sites\/18\/2019\/11\/PID_00267653_6_calids-300x107.jpg 300w\" sizes=\"(max-width: 550px) 100vw, 550px\" \/><figcaption id=\"caption-attachment-96\" class=\"wp-caption-text\">Figura 6a. C\u00e1lidos<br \/>Fuente: elaboraci\u00f3n propia<\/figcaption><\/figure>\n<figure id=\"attachment_97\" aria-describedby=\"caption-attachment-97\" style=\"width: 550px\" class=\"wp-caption aligncenter\"><img loading=\"lazy\" class=\"wp-image-97\" src=\"http:\/\/disseny-test.uoc.edu\/materials\/taller-color\/wp-content\/uploads\/sites\/18\/2019\/11\/PID_00267653_6_freds.jpg\" alt=\"\" width=\"550\" height=\"196\" srcset=\"http:\/\/disseny-test.uoc.edu\/materials\/taller-color\/wp-content\/uploads\/sites\/18\/2019\/11\/PID_00267653_6_freds.jpg 709w, http:\/\/disseny-test.uoc.edu\/materials\/taller-color\/wp-content\/uploads\/sites\/18\/2019\/11\/PID_00267653_6_freds-300x107.jpg 300w\" sizes=\"(max-width: 550px) 100vw, 550px\" \/><figcaption id=\"caption-attachment-97\" class=\"wp-caption-text\">Figura 6b. Fr\u00edos <br \/>Fuente: elaboraci\u00f3n propia<\/figcaption><\/figure>\n<p>Cuando hablamos de<strong> intensidad crom\u00e1tica<\/strong> nos referimos a la pureza de un color, es decir, su <strong>saturaci\u00f3n<\/strong>. En la m\u00e1xima saturaci\u00f3n, el color se describe como brillante, vivo, rico, etc. En funci\u00f3n de la saturaci\u00f3n, dividimos los colores en vivos y en p\u00e1lidos o apagados. Podemos variar la saturaci\u00f3n a\u00f1adiendo <strong>blanco<\/strong>, <strong>negro<\/strong> o <strong>gris<\/strong> a un color puro, o bien a\u00f1adiendo el <strong>color complementario<\/strong> del c\u00edrculo crom\u00e1tico. A\u00f1adir blanco, negro o gris a un color puro le restar\u00e1 pureza, el color se volver\u00e1 m\u00e1s d\u00e9bil y gris\u00e1ceo y la saturaci\u00f3n ser\u00e1 baja. Si se anula completamente la saturaci\u00f3n, el color se transforma en una tonalidad gris. Esta tonalidad gris nos da informaci\u00f3n sobre la luminosidad. Por el contrario, podemos decir que un color tiene una saturaci\u00f3n m\u00e1xima si tiene una luminosidad del 100 %.<\/p>\n<p>La<strong> luminosidad<\/strong> o brillantez define el grado de intensidad de luz que interviene en un color, es decir, con una saturaci\u00f3n estable, a\u00f1adiendo blanco, hasta la m\u00e1xima luminosidad o a\u00f1adiendo negro hasta el negro absoluto por la falta de luz. As\u00ed, por ejemplo, lo que considerar\u00edamos un rojo oscuro presenta menos luminosidad que un rojo claro.<\/p>\n","protected":false},"excerpt":{"rendered":"<p>Hay tres propiedades del color que son las que nos permiten describirlo y hacen que sea \u00fanico: el tono, la saturaci\u00f3n y la luminosidad. El tono (hue) es el color en s\u00ed mismo; el nombre que le damos. Por ejemplo, verde, azul, amarillo&#8230; De acuerdo con la tonalidad, dividimos los colores en c\u00e1lidos y fr\u00edos. [&hellip;]<\/p>\n","protected":false},"author":1,"featured_media":0,"parent":0,"menu_order":0,"comment_status":"closed","ping_status":"closed","template":"","meta":{"inline_featured_image":false},"acf":[],"_links":{"self":[{"href":"http:\/\/disseny-test.uoc.edu\/materials\/taller-color\/es\/wp-json\/wp\/v2\/pages\/276"}],"collection":[{"href":"http:\/\/disseny-test.uoc.edu\/materials\/taller-color\/es\/wp-json\/wp\/v2\/pages"}],"about":[{"href":"http:\/\/disseny-test.uoc.edu\/materials\/taller-color\/es\/wp-json\/wp\/v2\/types\/page"}],"author":[{"embeddable":true,"href":"http:\/\/disseny-test.uoc.edu\/materials\/taller-color\/es\/wp-json\/wp\/v2\/users\/1"}],"replies":[{"embeddable":true,"href":"http:\/\/disseny-test.uoc.edu\/materials\/taller-color\/es\/wp-json\/wp\/v2\/comments?post=276"}],"version-history":[{"count":8,"href":"http:\/\/disseny-test.uoc.edu\/materials\/taller-color\/es\/wp-json\/wp\/v2\/pages\/276\/revisions"}],"predecessor-version":[{"id":552,"href":"http:\/\/disseny-test.uoc.edu\/materials\/taller-color\/es\/wp-json\/wp\/v2\/pages\/276\/revisions\/552"}],"wp:attachment":[{"href":"http:\/\/disseny-test.uoc.edu\/materials\/taller-color\/es\/wp-json\/wp\/v2\/media?parent=276"}],"curies":[{"name":"wp","href":"https:\/\/api.w.org\/{rel}","templated":true}]}}