{"id":280,"date":"2019-12-04T10:25:21","date_gmt":"2019-12-04T08:25:21","guid":{"rendered":"http:\/\/disseny-test.uoc.edu\/materials\/taller-color\/?page_id=280"},"modified":"2020-02-20T16:52:03","modified_gmt":"2020-02-20T14:52:03","slug":"1-4-2-la-luminosidad","status":"publish","type":"page","link":"http:\/\/disseny-test.uoc.edu\/materials\/taller-color\/es\/1-4-2-la-luminosidad\/","title":{"rendered":"1.4.2. La luminosidad"},"content":{"rendered":"<p>La sensaci\u00f3n de iluminaci\u00f3n es lo primero que percibimos y es la base del fen\u00f3meno que implica la visi\u00f3n. Por otro lado, observamos que la luz solo es visible cuando es absorbida y, en parte, descompuesta\/rebotada por la materia. As\u00ed pues, captamos la luz a partir de la iluminaci\u00f3n de los objetos que nos rodean y, por lo tanto, la percibimos en ellos cuando nos son visibles. Podemos decir que el concepto de <em>luminosidad<\/em> est\u00e1 directamente relacionado con la capacidad que una superficie\/materia parece emitir o absorber m\u00e1s o menos luz, es decir, la cantidad de luz que refleja la materia determina el color que vemos. En t\u00e9rminos de luminosidad, brillantez o valor \u2013para algunos autores\u2013, los colores se pueden dividir en claros y oscuros, dependiendo de la cantidad de blanco o negro que a\u00f1adimos al color puro. Si le a\u00f1adimos negro, el color ganar\u00e1 contraste, se oscurecer\u00e1 y se apagar\u00e1 la intensidad crom\u00e1tica.<\/p>\n<figure id=\"attachment_89\" aria-describedby=\"caption-attachment-89\" style=\"width: 640px\" class=\"wp-caption aligncenter\"><img loading=\"lazy\" class=\"wp-image-89 size-full\" src=\"http:\/\/disseny-test.uoc.edu\/materials\/taller-color\/wp-content\/uploads\/sites\/18\/2020\/02\/PID_00267653_8-1.jpg\" alt=\"\" width=\"640\" height=\"400\" \/><figcaption id=\"caption-attachment-89\" class=\"wp-caption-text\">Figura 7<br \/>Fuente: Jorrit Tornquist (2008). <em>Color y luz: Teor\u00eda y pr\u00e1ctica<\/em>. GG Barcelona.<\/figcaption><\/figure>\n<p>Creamos escalas monocrom\u00e1ticas cuando a\u00f1adimos, a uno de los colores primarios, secundarios o terciarios del c\u00edrculo crom\u00e1tico, o blanco \u2013considerando luz\u2013,\u00a0 un tono gris, o negro \u2013considerando sombra\u2013. Estas escalas reproducir\u00e1n una transici\u00f3n tonal arm\u00f3nica a modo de degradado. Dentro de esta progresi\u00f3n gradual de luminosidad, nos encontraremos diferentes grados de saturaci\u00f3n del color inicial y diferentes grados de luminosidad que no debemos confundir, dado que son conceptos independientes.<\/p>\n<p>Para evaluar c\u00f3mo la percepci\u00f3n de los colores y lo que nos rodea puede modificar la luminosidad, comentaremos algunos ejemplos que a menudo encontramos como un recurso pict\u00f3rico y de dise\u00f1o:<\/p>\n<ul>\n<li><strong>Luminosidad directa<\/strong>: produce un gran contraste y define sombras muy marcadas. Los objetos ganan en definici\u00f3n y detalle. Paralelamente a la luminosidad, habr\u00e1 que usar colores saturados para equilibrar el contraste; as\u00ed obtendremos un resultado en el conjunto que desprender\u00e1 una atm\u00f3sfera clara e intensa.<\/li>\n<\/ul>\n<figure id=\"attachment_89\" aria-describedby=\"caption-attachment-89\" style=\"width: 640px\" class=\"wp-caption aligncenter\"><img loading=\"lazy\" class=\"wp-image-89 size-full\" src=\"http:\/\/disseny-test.uoc.edu\/materials\/taller-color\/wp-content\/uploads\/sites\/18\/2020\/02\/PID_00267653_9-1.jpg\" alt=\"\" width=\"640\" height=\"400\" \/><figcaption id=\"caption-attachment-89\" class=\"wp-caption-text\">Figura 8<br \/>Fuente: Jorrit Tornquist (2008). <em>Color y luz: Teor\u00eda y pr\u00e1ctica<\/em>. GG Barcelona.<\/figcaption><\/figure>\n<ul>\n<li><strong>Iluminaci\u00f3n difusa<\/strong>: con este tipo de iluminaci\u00f3n se producen sombras de contornos difuminados y, cuanto m\u00e1s alargadas y amplias son, m\u00e1s desaparecen los contornos y todo queda m\u00e1s difuminado hasta que parece desaparecer. Un efecto que podr\u00edamos comparar con el de la l\u00ednea del horizonte entre el cielo y el mar. De esta aproximaci\u00f3n lum\u00ednica, obtendremos resultados opuestos a los de la luminosidad directa: poco contraste de claridad y, como consecuencia de poca definici\u00f3n y detalle, nos dar\u00e1 un resultado en el conjunto de suspensi\u00f3n de inmaterialidad. El ojo no encontrar\u00e1 un punto de apoyo concreto donde sostenerse.<\/li>\n<\/ul>\n<p>Modificar la luminosidad nos puede generar un cambio en la percepci\u00f3n de un color. Este fen\u00f3meno es tan cierto que Tornquist \u2013artista y autor te\u00f3rico del color\u2013 afirma:<\/p>\n<blockquote><p>\u00abLa verdad es relativa al contexto.\u00bb<\/p>\n<p>Tornquist (2008)<\/p><\/blockquote>\n<p>&nbsp;<\/p>\n<div class=\"featured featured-grey\"><\/p>\n<p><strong>Ejemplo<\/strong><\/p>\n<p>Hagamos una prueba con un fondo de degradados de grises que se inicie en el color negro y acabe en el blanco. Ahora dibujamos unos cuadrados con una tonalidad gris, idealmente de la parte central de nuestro degradado. Si distribuimos estos cuadrados por encima de nuestro degradado, podremos observar que el mismo color gris de la muestra transforma su apariencia o, dicho de otro modo, lo que se percibe no es lo que se ve.<\/p>\n<figure id=\"attachment_100\" aria-describedby=\"caption-attachment-100\" style=\"width: 550px\" class=\"wp-caption aligncenter\"><img loading=\"lazy\" class=\"wp-image-100\" src=\"http:\/\/disseny-test.uoc.edu\/materials\/taller-color\/wp-content\/uploads\/sites\/18\/2019\/11\/PID_00267653_10.jpg\" alt=\"\" width=\"550\" height=\"167\" srcset=\"http:\/\/disseny-test.uoc.edu\/materials\/taller-color\/wp-content\/uploads\/sites\/18\/2019\/11\/PID_00267653_10.jpg 455w, http:\/\/disseny-test.uoc.edu\/materials\/taller-color\/wp-content\/uploads\/sites\/18\/2019\/11\/PID_00267653_10-300x91.jpg 300w\" sizes=\"(max-width: 550px) 100vw, 550px\" \/><figcaption id=\"caption-attachment-100\" class=\"wp-caption-text\">Figura 9<br \/>Fuente: elaboraci\u00f3n propia a partir de la lectura de Jorrit Tornquist (2008). <em>Color y luz: Teor\u00eda y pr\u00e1ctica<\/em>. GG Barcelona.<\/figcaption><\/figure>\n<p>\n<\/div>\n","protected":false},"excerpt":{"rendered":"<p>La sensaci\u00f3n de iluminaci\u00f3n es lo primero que percibimos y es la base del fen\u00f3meno que implica la visi\u00f3n. Por otro lado, observamos que la luz solo es visible cuando es absorbida y, en parte, descompuesta\/rebotada por la materia. As\u00ed pues, captamos la luz a partir de la iluminaci\u00f3n de los objetos que nos rodean [&hellip;]<\/p>\n","protected":false},"author":1,"featured_media":0,"parent":0,"menu_order":0,"comment_status":"closed","ping_status":"closed","template":"","meta":{"inline_featured_image":false},"acf":[],"_links":{"self":[{"href":"http:\/\/disseny-test.uoc.edu\/materials\/taller-color\/es\/wp-json\/wp\/v2\/pages\/280"}],"collection":[{"href":"http:\/\/disseny-test.uoc.edu\/materials\/taller-color\/es\/wp-json\/wp\/v2\/pages"}],"about":[{"href":"http:\/\/disseny-test.uoc.edu\/materials\/taller-color\/es\/wp-json\/wp\/v2\/types\/page"}],"author":[{"embeddable":true,"href":"http:\/\/disseny-test.uoc.edu\/materials\/taller-color\/es\/wp-json\/wp\/v2\/users\/1"}],"replies":[{"embeddable":true,"href":"http:\/\/disseny-test.uoc.edu\/materials\/taller-color\/es\/wp-json\/wp\/v2\/comments?post=280"}],"version-history":[{"count":15,"href":"http:\/\/disseny-test.uoc.edu\/materials\/taller-color\/es\/wp-json\/wp\/v2\/pages\/280\/revisions"}],"predecessor-version":[{"id":645,"href":"http:\/\/disseny-test.uoc.edu\/materials\/taller-color\/es\/wp-json\/wp\/v2\/pages\/280\/revisions\/645"}],"wp:attachment":[{"href":"http:\/\/disseny-test.uoc.edu\/materials\/taller-color\/es\/wp-json\/wp\/v2\/media?parent=280"}],"curies":[{"name":"wp","href":"https:\/\/api.w.org\/{rel}","templated":true}]}}