{"id":283,"date":"2019-12-04T10:25:41","date_gmt":"2019-12-04T08:25:41","guid":{"rendered":"http:\/\/disseny-test.uoc.edu\/materials\/taller-color\/?page_id=283"},"modified":"2019-12-04T10:25:41","modified_gmt":"2019-12-04T08:25:41","slug":"2-1-introduccion","status":"publish","type":"page","link":"http:\/\/disseny-test.uoc.edu\/materials\/taller-color\/es\/2-1-introduccion\/","title":{"rendered":"2.1. Introducci\u00f3n"},"content":{"rendered":"<div class=\"featured featured-blue\"><p>Una paleta es una herramienta para crear combinaciones de colores que funcionan correctamente seg\u00fan los intereses de un artista o dise\u00f1ador.<\/p>\n<\/div>\n<p>Para crear una paleta de colores nos podemos ayudar del c\u00edrculo crom\u00e1tico con el fin de visualizar la teor\u00eda del color e identificar qu\u00e9 relaciones se dan entre los colores que queremos enlazar.<\/p>\n","protected":false},"excerpt":{"rendered":"<p>Para crear una paleta de colores nos podemos ayudar del c\u00edrculo crom\u00e1tico con el fin de visualizar la teor\u00eda del color e identificar qu\u00e9 relaciones se dan entre los colores que queremos enlazar.<\/p>\n","protected":false},"author":1,"featured_media":0,"parent":0,"menu_order":0,"comment_status":"closed","ping_status":"closed","template":"","meta":{"inline_featured_image":false},"acf":[],"_links":{"self":[{"href":"http:\/\/disseny-test.uoc.edu\/materials\/taller-color\/es\/wp-json\/wp\/v2\/pages\/283"}],"collection":[{"href":"http:\/\/disseny-test.uoc.edu\/materials\/taller-color\/es\/wp-json\/wp\/v2\/pages"}],"about":[{"href":"http:\/\/disseny-test.uoc.edu\/materials\/taller-color\/es\/wp-json\/wp\/v2\/types\/page"}],"author":[{"embeddable":true,"href":"http:\/\/disseny-test.uoc.edu\/materials\/taller-color\/es\/wp-json\/wp\/v2\/users\/1"}],"replies":[{"embeddable":true,"href":"http:\/\/disseny-test.uoc.edu\/materials\/taller-color\/es\/wp-json\/wp\/v2\/comments?post=283"}],"version-history":[{"count":1,"href":"http:\/\/disseny-test.uoc.edu\/materials\/taller-color\/es\/wp-json\/wp\/v2\/pages\/283\/revisions"}],"predecessor-version":[{"id":284,"href":"http:\/\/disseny-test.uoc.edu\/materials\/taller-color\/es\/wp-json\/wp\/v2\/pages\/283\/revisions\/284"}],"wp:attachment":[{"href":"http:\/\/disseny-test.uoc.edu\/materials\/taller-color\/es\/wp-json\/wp\/v2\/media?parent=283"}],"curies":[{"name":"wp","href":"https:\/\/api.w.org\/{rel}","templated":true}]}}