{"id":287,"date":"2019-12-04T10:26:24","date_gmt":"2019-12-04T08:26:24","guid":{"rendered":"http:\/\/disseny-test.uoc.edu\/materials\/taller-color\/?page_id=287"},"modified":"2020-01-23T14:37:54","modified_gmt":"2020-01-23T12:37:54","slug":"2-3-cartas-de-color","status":"publish","type":"page","link":"http:\/\/disseny-test.uoc.edu\/materials\/taller-color\/es\/2-3-cartas-de-color\/","title":{"rendered":"2.3. Cartas de color"},"content":{"rendered":"<p>Pantone es una marca que desarrolladora de colores, una empresa que ha conseguido imponerse como l\u00edder en el mercado, a partir de la creaci\u00f3n de unas cartas de colores que ampl\u00edan la gama crom\u00e1tica que permiten los sistemas de color m\u00e1s utilizados \u2013CMYK y RGB\u2013. Para desarrollar colores, crearon el Pantone Color Institute, un centro de innovaci\u00f3n e investigaci\u00f3n centrado en las tendencias de color que pueden interesar a los creativos y dise\u00f1adores en campos como la moda, el dise\u00f1o gr\u00e1fico, el dise\u00f1o de interiores y el dise\u00f1o de producto. Formado por equipos de expertos interdisciplinarios, trabaja con el objetivo de definir una carta de colores para las tendencias de temporada y el color del a\u00f1o; un color simb\u00f3lico del momento que se est\u00e1 viviendo y que sirve como expresi\u00f3n de un estado de \u00e1nimo y una actitud. Esto no es una extravagancia, la empresa internacional Intercolor, constituida en 1963 por quince pa\u00edses miembros, intercambia dos veces el a\u00f1o su visi\u00f3n sobre los cambios en el estilo de vida en general y en el color en particular. Cada miembro de la plataforma define sus conceptos a dos a\u00f1os vista, y extraen una base para el desarrollo de tendencias en color y paletas para una temporada (primavera\/verano y oto\u00f1o\/invierno). Estos equipos son los que, con sus propuestas, generan suficiente influencia como para implantar las tendencias.<\/p>\n<p>El modelo de negocio de estas empresas se encuentra en la venta de las cartas de color y, posteriormente, de las tintas. Las cartas incorporan un n\u00famero de referencia \u00fanico para cada tono o matiz, con objeto de facilitar la comunicaci\u00f3n entre dise\u00f1adores e impresores. Tener las cartas actualizadas nos permite tener a nuestro alcance los tonos m\u00e1s nuevos, pero son un material de coste elevado que solo est\u00e1 al alcance de estudios y agencias, con mucho volumen de trabajo, o de los propios impresores.<\/p>\n<div class=\"featured featured-grey\"><\/p>\n<p><strong>Ejemplo<\/strong><\/p>\n<p>Las cartas de color son un producto que encontramos en otros sectores de la industria, por ejemplo, una muy utilizada es la carta de colores RAL, que se aplica en los acabados de productos como por ejemplo radiadores.<\/p>\n<\/div>\n","protected":false},"excerpt":{"rendered":"<p>Pantone es una marca que desarrolladora de colores, una empresa que ha conseguido imponerse como l\u00edder en el mercado, a partir de la creaci\u00f3n de unas cartas de colores que ampl\u00edan la gama crom\u00e1tica que permiten los sistemas de color m\u00e1s utilizados \u2013CMYK y RGB\u2013. Para desarrollar colores, crearon el Pantone Color Institute, un centro [&hellip;]<\/p>\n","protected":false},"author":1,"featured_media":0,"parent":0,"menu_order":0,"comment_status":"closed","ping_status":"closed","template":"","meta":{"inline_featured_image":false},"acf":[],"_links":{"self":[{"href":"http:\/\/disseny-test.uoc.edu\/materials\/taller-color\/es\/wp-json\/wp\/v2\/pages\/287"}],"collection":[{"href":"http:\/\/disseny-test.uoc.edu\/materials\/taller-color\/es\/wp-json\/wp\/v2\/pages"}],"about":[{"href":"http:\/\/disseny-test.uoc.edu\/materials\/taller-color\/es\/wp-json\/wp\/v2\/types\/page"}],"author":[{"embeddable":true,"href":"http:\/\/disseny-test.uoc.edu\/materials\/taller-color\/es\/wp-json\/wp\/v2\/users\/1"}],"replies":[{"embeddable":true,"href":"http:\/\/disseny-test.uoc.edu\/materials\/taller-color\/es\/wp-json\/wp\/v2\/comments?post=287"}],"version-history":[{"count":5,"href":"http:\/\/disseny-test.uoc.edu\/materials\/taller-color\/es\/wp-json\/wp\/v2\/pages\/287\/revisions"}],"predecessor-version":[{"id":454,"href":"http:\/\/disseny-test.uoc.edu\/materials\/taller-color\/es\/wp-json\/wp\/v2\/pages\/287\/revisions\/454"}],"wp:attachment":[{"href":"http:\/\/disseny-test.uoc.edu\/materials\/taller-color\/es\/wp-json\/wp\/v2\/media?parent=287"}],"curies":[{"name":"wp","href":"https:\/\/api.w.org\/{rel}","templated":true}]}}