{"id":291,"date":"2019-12-04T10:27:07","date_gmt":"2019-12-04T08:27:07","guid":{"rendered":"http:\/\/disseny-test.uoc.edu\/materials\/taller-color\/?page_id=291"},"modified":"2020-02-20T16:52:26","modified_gmt":"2020-02-20T14:52:26","slug":"3-1-introduccion","status":"publish","type":"page","link":"http:\/\/disseny-test.uoc.edu\/materials\/taller-color\/es\/3-1-introduccion\/","title":{"rendered":"3.1. Introducci\u00f3n"},"content":{"rendered":"<div class=\"featured featured-blue\"><p>El c\u00edrculo crom\u00e1tico es la representaci\u00f3n de la parte de las longitudes de onda del espectro electromagn\u00e9tico que nuestro sistema de percepci\u00f3n visual nos da la capacidad de reconocer y es una parte fundamental de la teor\u00eda del color.<\/p>\n<\/div>\n<p>La comprensi\u00f3n de los colores en la era moderna vino de la mano de Isaac Newton, cuando puso un prisma en la ventana y la luz lo atraves\u00f3 y se refract\u00f3 el espectro de colores en la pared del fondo. Fue entonces cuando Newton comprendi\u00f3 la relaci\u00f3n entre los colores y la luz.<\/p>\n<figure id=\"attachment_292\" aria-describedby=\"caption-attachment-292\" style=\"width: 450px\" class=\"wp-caption aligncenter\"><img loading=\"lazy\" class=\"wp-image-292\" src=\"http:\/\/disseny-test.uoc.edu\/materials\/taller-color\/wp-content\/uploads\/sites\/18\/2020\/02\/PID_00267653_14_uoc.png\" alt=\"\" width=\"450\" height=\"341\" \/><figcaption id=\"caption-attachment-292\" class=\"wp-caption-text\">Figura 12<br \/>Fuente: autor desconocido<\/figcaption><\/figure>\n<p>Una de sus aportaciones al mundo del arte fue la disposici\u00f3n de los colores obtenidos alrededor de un <strong>c\u00edrculo crom\u00e1tico<\/strong>. Situ\u00f3 los colores luz primarios (<strong>rojo, amarillo y azul<\/strong>) frente a sus complementarios, que se sit\u00faan en una posici\u00f3n diametralmente opuesta y representan un nivel de contraste muy elevado: el <strong>naranja<\/strong> es el complementario del azul; el amarillo, del <strong>violeta<\/strong> y el rojo, del <strong>verde<\/strong>. En el c\u00edrculo crom\u00e1tico tambi\u00e9n podemos encontrar los seis <strong>colores terciarios<\/strong>.<\/p>\n<figure id=\"attachment_574\" aria-describedby=\"caption-attachment-574\" style=\"width: 526px\" class=\"wp-caption aligncenter\"><img loading=\"lazy\" class=\"wp-image-574 \" src=\"http:\/\/disseny-test.uoc.edu\/materials\/taller-color\/wp-content\/uploads\/sites\/18\/2020\/02\/cercle-de-16.jpg\" alt=\"\" width=\"526\" height=\"547\" srcset=\"http:\/\/disseny-test.uoc.edu\/materials\/taller-color\/wp-content\/uploads\/sites\/18\/2020\/02\/cercle-de-16.jpg 595w, http:\/\/disseny-test.uoc.edu\/materials\/taller-color\/wp-content\/uploads\/sites\/18\/2020\/02\/cercle-de-16-288x300.jpg 288w\" sizes=\"(max-width: 526px) 100vw, 526px\" \/><figcaption id=\"caption-attachment-574\" class=\"wp-caption-text\">Figura 13<br \/>Fuente: G. Ambrose; P. Harris (2006). <em>Color<\/em> (p\u00e1g. 19). Barcelona: Editorial Parramon.<\/figcaption><\/figure>\n<p>Los<strong> colores primarios<\/strong> no se pueden conseguir mediante la mezcla de otros colores o pigmentos. Son el origen de todos los millones de colores que se pueden representar: hist\u00f3ricamente, en las diversas versiones del c\u00edrculo crom\u00e1tico, a menudo se se\u00f1alan el rojo, el amarillo y el azul como primarios, aunque, a efectos pr\u00e1cticos, diferenciamos entre los primarios luz y los primarios pigmentos. El rojo, el azul y el verde en el sistema de <strong>colores<\/strong> <strong>luz<\/strong>, o el <strong>cian<\/strong>, el <strong>magenta<\/strong> y el <strong>amarillo<\/strong> en el <strong>sistema de pigmentos<\/strong>.<\/p>\n<figure id=\"attachment_480\" aria-describedby=\"caption-attachment-480\" style=\"width: 300px\" class=\"wp-caption aligncenter\"><img loading=\"lazy\" class=\"wp-image-480 size-medium\" src=\"http:\/\/disseny-test.uoc.edu\/materials\/taller-color\/wp-content\/uploads\/sites\/18\/2020\/01\/PID_00267653_16-300x295.jpg\" alt=\"\" width=\"300\" height=\"295\" srcset=\"http:\/\/disseny-test.uoc.edu\/materials\/taller-color\/wp-content\/uploads\/sites\/18\/2020\/01\/PID_00267653_16-300x295.jpg 300w, http:\/\/disseny-test.uoc.edu\/materials\/taller-color\/wp-content\/uploads\/sites\/18\/2020\/01\/PID_00267653_16-768x755.jpg 768w, http:\/\/disseny-test.uoc.edu\/materials\/taller-color\/wp-content\/uploads\/sites\/18\/2020\/01\/PID_00267653_16-1024x1006.jpg 1024w, http:\/\/disseny-test.uoc.edu\/materials\/taller-color\/wp-content\/uploads\/sites\/18\/2020\/01\/PID_00267653_16.jpg 1462w\" sizes=\"(max-width: 300px) 100vw, 300px\" \/><figcaption id=\"caption-attachment-480\" class=\"wp-caption-text\">Figura 14. Sistema de colores luz. Primarios aditivos<br \/>Fuente: G. Ambrose; P. Harris (2006).<em> Color<\/em> (p\u00e1g. 17). Barcelona: Editorial Parramon.<\/figcaption><\/figure>\n<figure id=\"attachment_482\" aria-describedby=\"caption-attachment-482\" style=\"width: 300px\" class=\"wp-caption aligncenter\"><img loading=\"lazy\" class=\"wp-image-482 size-medium\" src=\"http:\/\/disseny-test.uoc.edu\/materials\/taller-color\/wp-content\/uploads\/sites\/18\/2020\/01\/PID_00267653_16_sostr-300x295.jpg\" alt=\"\" width=\"300\" height=\"295\" srcset=\"http:\/\/disseny-test.uoc.edu\/materials\/taller-color\/wp-content\/uploads\/sites\/18\/2020\/01\/PID_00267653_16_sostr-300x295.jpg 300w, http:\/\/disseny-test.uoc.edu\/materials\/taller-color\/wp-content\/uploads\/sites\/18\/2020\/01\/PID_00267653_16_sostr-768x755.jpg 768w, http:\/\/disseny-test.uoc.edu\/materials\/taller-color\/wp-content\/uploads\/sites\/18\/2020\/01\/PID_00267653_16_sostr-1024x1006.jpg 1024w, http:\/\/disseny-test.uoc.edu\/materials\/taller-color\/wp-content\/uploads\/sites\/18\/2020\/01\/PID_00267653_16_sostr.jpg 1462w\" sizes=\"(max-width: 300px) 100vw, 300px\" \/><figcaption id=\"caption-attachment-482\" class=\"wp-caption-text\">Figura 15. Sistema de colores pigmentos. Primarios sustractivos<br \/>Fuente: G. Ambrose; P. Harris (2006). <em>Color<\/em> (p\u00e1g. 17). Barcelona: Editorial Parramon.<\/figcaption><\/figure>\n<p>As\u00ed pues, cuando dos de estos colores se combinan con la misma proporci\u00f3n dan lugar a los <strong>colores secundarios<\/strong>. De este modo obtenemos el <strong>verde<\/strong>, el <strong>naranja<\/strong> y el <strong>violeta<\/strong>. Finalmente, de la mezcla de un color primario con uno secundario dispuestos juntos en el c\u00edrculo crom\u00e1tico y a partes iguales se derivar\u00e1 un <strong>color terciario<\/strong>.<\/p>\n<figure id=\"attachment_484\" aria-describedby=\"caption-attachment-484\" style=\"width: 500px\" class=\"wp-caption aligncenter\"><img loading=\"lazy\" class=\"wp-image-484\" src=\"http:\/\/disseny-test.uoc.edu\/materials\/taller-color\/wp-content\/uploads\/sites\/18\/2020\/02\/PID_00267653_18-1.jpg\" alt=\"\" width=\"500\" height=\"477\" \/><figcaption id=\"caption-attachment-484\" class=\"wp-caption-text\">Figura 16<br \/>C\u00edrculo crom\u00e1tico de Itten (1961) Fuente: <a href=\"https:\/\/es.wikipedia.org\/wiki\/Archivo:Farbkreis_Itten_1961_RYB.svg\" target=\"_blank\" rel=\"noopener\">https:\/\/es.wikipedia.org\/wiki\/Archivo:Farbkreis_Itten_1961_RYB.svg<\/a><\/figcaption><\/figure>\n","protected":false},"excerpt":{"rendered":"<p>La comprensi\u00f3n de los colores en la era moderna vino de la mano de Isaac Newton, cuando puso un prisma en la ventana y la luz lo atraves\u00f3 y se refract\u00f3 el espectro de colores en la pared del fondo. Fue entonces cuando Newton comprendi\u00f3 la relaci\u00f3n entre los colores y la luz. Una de [&hellip;]<\/p>\n","protected":false},"author":1,"featured_media":0,"parent":0,"menu_order":0,"comment_status":"closed","ping_status":"closed","template":"","meta":{"inline_featured_image":false},"acf":[],"_links":{"self":[{"href":"http:\/\/disseny-test.uoc.edu\/materials\/taller-color\/es\/wp-json\/wp\/v2\/pages\/291"}],"collection":[{"href":"http:\/\/disseny-test.uoc.edu\/materials\/taller-color\/es\/wp-json\/wp\/v2\/pages"}],"about":[{"href":"http:\/\/disseny-test.uoc.edu\/materials\/taller-color\/es\/wp-json\/wp\/v2\/types\/page"}],"author":[{"embeddable":true,"href":"http:\/\/disseny-test.uoc.edu\/materials\/taller-color\/es\/wp-json\/wp\/v2\/users\/1"}],"replies":[{"embeddable":true,"href":"http:\/\/disseny-test.uoc.edu\/materials\/taller-color\/es\/wp-json\/wp\/v2\/comments?post=291"}],"version-history":[{"count":18,"href":"http:\/\/disseny-test.uoc.edu\/materials\/taller-color\/es\/wp-json\/wp\/v2\/pages\/291\/revisions"}],"predecessor-version":[{"id":647,"href":"http:\/\/disseny-test.uoc.edu\/materials\/taller-color\/es\/wp-json\/wp\/v2\/pages\/291\/revisions\/647"}],"wp:attachment":[{"href":"http:\/\/disseny-test.uoc.edu\/materials\/taller-color\/es\/wp-json\/wp\/v2\/media?parent=291"}],"curies":[{"name":"wp","href":"https:\/\/api.w.org\/{rel}","templated":true}]}}