{"id":306,"date":"2019-12-04T10:28:28","date_gmt":"2019-12-04T08:28:28","guid":{"rendered":"http:\/\/disseny-test.uoc.edu\/materials\/taller-color\/?page_id=306"},"modified":"2020-01-23T14:59:02","modified_gmt":"2020-01-23T12:59:02","slug":"4-1-introduccion","status":"publish","type":"page","link":"http:\/\/disseny-test.uoc.edu\/materials\/taller-color\/es\/4-1-introduccion\/","title":{"rendered":"4.1. Introducci\u00f3n"},"content":{"rendered":"<p>En el \u00e1mbito dom\u00e9stico usamos algunas siglas para describir los sistemas o modelos de colores:\u00a0<strong><a class=\"tooltip\"  href=\"javascript:void(0);\" data-toggle=\"popover\" data-placement=\"bottom\" data-content=\"Las vemos en las pantallas de la c\u00e1mara fotogr\u00e1fica.\">RGB<\/a><\/strong> o\u00a0<strong><a class=\"tooltip\"  href=\"javascript:void(0);\" data-toggle=\"popover\" data-placement=\"bottom\" data-content=\"Los colores de tinta de una impresora.\">CMYK<\/a><\/strong>. Aparte de estos dos modelos, que son los que m\u00e1s usamos, existen otros, como el\u00a0<strong><a class=\"tooltip\"  href=\"javascript:void(0);\" data-toggle=\"popover\" data-placement=\"bottom\" data-content=\"Tono, saturaci\u00f3n y luminosidad.\">HSV<\/a> <\/strong>o el <strong><a class=\"tooltip\"  href=\"javascript:void(0);\" data-toggle=\"popover\" data-placement=\"bottom\" data-content=\"Sistema sueco de colores naturales.\">NCS<\/a><\/strong>.<\/p>\n<p>Los dispositivos que encontramos en las industrias editoriales o en los estudios de creatividad y que producen o reproducen colores lo hacen desde unas limitaciones t\u00e9cnicas para asegurar unos buenos resultados en los diferentes \u00e1mbitos de producci\u00f3n utilizan elementos de gesti\u00f3n y calidad, es lo que se llama <em>espacio color. <\/em>Por ejemplo, RGB es un modelo de color de primarios aditivos y es el que se utiliza en el espacio color de los monitores de ordenador, y CMYK lo encontramos en el espacio color \u2013primario sustrativo\u2013 empleado en el proceso de impresi\u00f3n en cuatricrom\u00eda. Las c\u00e1maras digitales, esc\u00e1neres e impresoras tienen espacios de color. Cada espacio de color reproduce una cantidad limitada de colores dentro de la gama del espectro visible que el ojo humano es capaz de percibir.<\/p>\n","protected":false},"excerpt":{"rendered":"<p>En el \u00e1mbito dom\u00e9stico usamos algunas siglas para describir los sistemas o modelos de colores:\u00a0 o\u00a0. Aparte de estos dos modelos, que son los que m\u00e1s usamos, existen otros, como el\u00a0 o el . Los dispositivos que encontramos en las industrias editoriales o en los estudios de creatividad y que producen o reproducen colores lo [&hellip;]<\/p>\n","protected":false},"author":1,"featured_media":0,"parent":0,"menu_order":0,"comment_status":"closed","ping_status":"closed","template":"","meta":{"inline_featured_image":false},"acf":[],"_links":{"self":[{"href":"http:\/\/disseny-test.uoc.edu\/materials\/taller-color\/es\/wp-json\/wp\/v2\/pages\/306"}],"collection":[{"href":"http:\/\/disseny-test.uoc.edu\/materials\/taller-color\/es\/wp-json\/wp\/v2\/pages"}],"about":[{"href":"http:\/\/disseny-test.uoc.edu\/materials\/taller-color\/es\/wp-json\/wp\/v2\/types\/page"}],"author":[{"embeddable":true,"href":"http:\/\/disseny-test.uoc.edu\/materials\/taller-color\/es\/wp-json\/wp\/v2\/users\/1"}],"replies":[{"embeddable":true,"href":"http:\/\/disseny-test.uoc.edu\/materials\/taller-color\/es\/wp-json\/wp\/v2\/comments?post=306"}],"version-history":[{"count":4,"href":"http:\/\/disseny-test.uoc.edu\/materials\/taller-color\/es\/wp-json\/wp\/v2\/pages\/306\/revisions"}],"predecessor-version":[{"id":466,"href":"http:\/\/disseny-test.uoc.edu\/materials\/taller-color\/es\/wp-json\/wp\/v2\/pages\/306\/revisions\/466"}],"wp:attachment":[{"href":"http:\/\/disseny-test.uoc.edu\/materials\/taller-color\/es\/wp-json\/wp\/v2\/media?parent=306"}],"curies":[{"name":"wp","href":"https:\/\/api.w.org\/{rel}","templated":true}]}}