{"id":308,"date":"2019-12-04T10:35:39","date_gmt":"2019-12-04T08:35:39","guid":{"rendered":"http:\/\/disseny-test.uoc.edu\/materials\/taller-color\/?page_id=308"},"modified":"2020-02-20T16:54:23","modified_gmt":"2020-02-20T14:54:23","slug":"4-2-sintesis-aditiva-y-sustractiva","status":"publish","type":"page","link":"http:\/\/disseny-test.uoc.edu\/materials\/taller-color\/es\/4-2-sintesis-aditiva-y-sustractiva\/","title":{"rendered":"4.2. S\u00edntesis aditiva y sustractiva"},"content":{"rendered":"<figure id=\"attachment_116\" aria-describedby=\"caption-attachment-116\" style=\"width: 400px\" class=\"wp-caption aligncenter\"><img loading=\"lazy\" class=\"wp-image-116 size-full\" src=\"http:\/\/disseny-test.uoc.edu\/materials\/taller-color\/wp-content\/uploads\/sites\/18\/2020\/01\/PID_00267653_16.jpg\" alt=\"\" width=\"400\" height=\"432\" \/><figcaption id=\"caption-attachment-116\" class=\"wp-caption-text\">Figura 28. Sistema de colores luz. Primarios aditivos<br \/>Fuente: G. Ambrose; P. Harris (2006). <em>Color<\/em> (p\u00e1g. 17). Barcelona: Editorial Parramon.<\/figcaption><\/figure>\n<figure id=\"attachment_117\" aria-describedby=\"caption-attachment-117\" style=\"width: 400px\" class=\"wp-caption aligncenter\"><img loading=\"lazy\" class=\"wp-image-117\" src=\"http:\/\/disseny-test.uoc.edu\/materials\/taller-color\/wp-content\/uploads\/sites\/18\/2020\/01\/PID_00267653_16_sostr.jpg\" alt=\"\" width=\"400\" height=\"432\" \/><figcaption id=\"caption-attachment-117\" class=\"wp-caption-text\">Figura 29. Sistema de colores pigmentos. Primarios sustractivos<br \/>Fuente: G. Ambrose; P. Harris (2006). <em>Color<\/em> (p\u00e1g. 17). Barcelona: Editorial Parramon.<\/figcaption><\/figure>\n<p>El diagrama superior muestra los colores primarios por s\u00edntesis aditiva. La superposici\u00f3n del rojo y el verde produce el color amarillo; la superposici\u00f3n del rojo y el azul, el magenta, y de la superposici\u00f3n del azul y el verde resulta el cian. Cada primario aditivo representa un componente de la luz blanca, de modo que cuando se ponen todos los colores juntos se produce el blanco.<\/p>\n<p>El diagrama inferior muestra los primarios por s\u00edntesis sustractiva y, si prestamos atenci\u00f3n, veremos que son los colores secundarios del diagrama anterior (primarios aditivos). La superposici\u00f3n de dos primarios sustractivos deja visible un solo primario aditivo. El azul resulta de la superposici\u00f3n del cian y el magenta. El cian y el amarillo superpuestos generan el verde. El magenta y el amarillo combinados producen el rojo. La superposici\u00f3n de los tres colores sustractivos da como resultado el negro, lo que expresa que no se refleja la luz.<\/p>\n","protected":false},"excerpt":{"rendered":"<p>El diagrama superior muestra los colores primarios por s\u00edntesis aditiva. La superposici\u00f3n del rojo y el verde produce el color amarillo; la superposici\u00f3n del rojo y el azul, el magenta, y de la superposici\u00f3n del azul y el verde resulta el cian. Cada primario aditivo representa un componente de la luz blanca, de modo que [&hellip;]<\/p>\n","protected":false},"author":1,"featured_media":0,"parent":0,"menu_order":0,"comment_status":"closed","ping_status":"closed","template":"","meta":{"inline_featured_image":false},"acf":[],"_links":{"self":[{"href":"http:\/\/disseny-test.uoc.edu\/materials\/taller-color\/es\/wp-json\/wp\/v2\/pages\/308"}],"collection":[{"href":"http:\/\/disseny-test.uoc.edu\/materials\/taller-color\/es\/wp-json\/wp\/v2\/pages"}],"about":[{"href":"http:\/\/disseny-test.uoc.edu\/materials\/taller-color\/es\/wp-json\/wp\/v2\/types\/page"}],"author":[{"embeddable":true,"href":"http:\/\/disseny-test.uoc.edu\/materials\/taller-color\/es\/wp-json\/wp\/v2\/users\/1"}],"replies":[{"embeddable":true,"href":"http:\/\/disseny-test.uoc.edu\/materials\/taller-color\/es\/wp-json\/wp\/v2\/comments?post=308"}],"version-history":[{"count":11,"href":"http:\/\/disseny-test.uoc.edu\/materials\/taller-color\/es\/wp-json\/wp\/v2\/pages\/308\/revisions"}],"predecessor-version":[{"id":653,"href":"http:\/\/disseny-test.uoc.edu\/materials\/taller-color\/es\/wp-json\/wp\/v2\/pages\/308\/revisions\/653"}],"wp:attachment":[{"href":"http:\/\/disseny-test.uoc.edu\/materials\/taller-color\/es\/wp-json\/wp\/v2\/media?parent=308"}],"curies":[{"name":"wp","href":"https:\/\/api.w.org\/{rel}","templated":true}]}}