{"id":313,"date":"2019-12-04T10:36:18","date_gmt":"2019-12-04T08:36:18","guid":{"rendered":"http:\/\/disseny-test.uoc.edu\/materials\/taller-color\/?page_id=313"},"modified":"2020-02-20T16:54:30","modified_gmt":"2020-02-20T14:54:30","slug":"4-4-cmyk","status":"publish","type":"page","link":"http:\/\/disseny-test.uoc.edu\/materials\/taller-color\/es\/4-4-cmyk\/","title":{"rendered":"4.4. CMYK"},"content":{"rendered":"<div class=\"featured featured-blue\"><p>Este segundo modelo consta de los colores primarios pigmento: C (cian), M (magenta) Y (<em>yellow<\/em>, o amarillo) y K (<em>black<\/em>, es decir, negro, o <em>key<\/em>).<\/p>\n<\/div>\n<p>Cuando mezclamos cian y magenta creamos el <strong>morado<\/strong>; si mezclamos el magenta y el amarillo obtendremos el<strong> naranja<\/strong>, y si mezclamos el amarillo y el cian tendremos el<strong> verde<\/strong>. Los tres sumados nos dan el negro, el color m\u00e1s oscuro o con menos luz. De aqu\u00ed que este modelo se denomine tambi\u00e9n <em>s\u00edntesis<\/em> <em>sustractiva<\/em>. En la pr\u00e1ctica, a pesar de mezclar los tres pigmentos (cian, magenta y amarillo), no se consiguen colores suficientemente oscuros. Por este motivo en los sistemas de impresi\u00f3n se ha acabado a\u00f1adiendo el <strong>negro<\/strong> como cuarto elemento. Es el modelo de color que se usa para imprenta.<\/p>\n<p>Las im\u00e1genes impresas en color suelen hacerse con cuatro tintas de impresi\u00f3n diferentes y cada una se imprime por separado de las otras: cian, magenta, amarillo y negro. Cuatro tintas, una por canal \u2013para cada capa de informaci\u00f3n crom\u00e1tica de una imagen, en el caso de una imagen en RGB, encontramos tres canales; en CMYK hay cuatro y una en blanco y negro de un solo canal. Cada tinta corresponde a uno de los tres colores primarios sustractivos, que son necesarios para reproducir im\u00e1genes en color, adem\u00e1s del negro. Con estos colores primarios, en el proceso de cuatricrom\u00eda, se pueden imprimir casi todos los colores.<\/p>\n<p>Te\u00f3ricamente la combinaci\u00f3n de las tintas CMY puede dar el negro, pero a la hora de la verdad se utiliza una negra para obtener resultados de m\u00e1s profundidad cuando se han de definir contrastes y sombras.<\/p>\n<figure id=\"attachment_146\" aria-describedby=\"caption-attachment-146\" style=\"width: 640px\" class=\"wp-caption aligncenter\"><img loading=\"lazy\" class=\"wp-image-146\" src=\"http:\/\/disseny-test.uoc.edu\/materials\/taller-color\/wp-content\/uploads\/sites\/18\/2020\/02\/PID_00267653_30_cast.jpg\" alt=\"\" width=\"640\" height=\"409\" \/><figcaption id=\"caption-attachment-146\" class=\"wp-caption-text\">Figura 30<br \/>Fuente: ejemplo parecido al de G. Ambrose; P. Harris (2006). <em>Color<\/em> (p\u00e1g. 34). Barcelona: Editorial Parramon.<\/figcaption><\/figure>\n","protected":false},"excerpt":{"rendered":"<p>Cuando mezclamos cian y magenta creamos el morado; si mezclamos el magenta y el amarillo obtendremos el naranja, y si mezclamos el amarillo y el cian tendremos el verde. Los tres sumados nos dan el negro, el color m\u00e1s oscuro o con menos luz. De aqu\u00ed que este modelo se denomine tambi\u00e9n s\u00edntesis sustractiva. En [&hellip;]<\/p>\n","protected":false},"author":1,"featured_media":0,"parent":0,"menu_order":0,"comment_status":"closed","ping_status":"closed","template":"","meta":{"inline_featured_image":false},"acf":[],"_links":{"self":[{"href":"http:\/\/disseny-test.uoc.edu\/materials\/taller-color\/es\/wp-json\/wp\/v2\/pages\/313"}],"collection":[{"href":"http:\/\/disseny-test.uoc.edu\/materials\/taller-color\/es\/wp-json\/wp\/v2\/pages"}],"about":[{"href":"http:\/\/disseny-test.uoc.edu\/materials\/taller-color\/es\/wp-json\/wp\/v2\/types\/page"}],"author":[{"embeddable":true,"href":"http:\/\/disseny-test.uoc.edu\/materials\/taller-color\/es\/wp-json\/wp\/v2\/users\/1"}],"replies":[{"embeddable":true,"href":"http:\/\/disseny-test.uoc.edu\/materials\/taller-color\/es\/wp-json\/wp\/v2\/comments?post=313"}],"version-history":[{"count":6,"href":"http:\/\/disseny-test.uoc.edu\/materials\/taller-color\/es\/wp-json\/wp\/v2\/pages\/313\/revisions"}],"predecessor-version":[{"id":654,"href":"http:\/\/disseny-test.uoc.edu\/materials\/taller-color\/es\/wp-json\/wp\/v2\/pages\/313\/revisions\/654"}],"wp:attachment":[{"href":"http:\/\/disseny-test.uoc.edu\/materials\/taller-color\/es\/wp-json\/wp\/v2\/media?parent=313"}],"curies":[{"name":"wp","href":"https:\/\/api.w.org\/{rel}","templated":true}]}}