{"id":316,"date":"2019-12-04T10:36:35","date_gmt":"2019-12-04T08:36:35","guid":{"rendered":"http:\/\/disseny-test.uoc.edu\/materials\/taller-color\/?page_id=316"},"modified":"2020-01-23T15:02:19","modified_gmt":"2020-01-23T13:02:19","slug":"4-5-pantone","status":"publish","type":"page","link":"http:\/\/disseny-test.uoc.edu\/materials\/taller-color\/es\/4-5-pantone\/","title":{"rendered":"4.5. Pantone"},"content":{"rendered":"<div class=\"featured featured-blue\"><p>Pantone, en el campo de la impresi\u00f3n, tiene un gran protagonismo cuando se necesita un color concreto que queda fuera de la gama del modelo CMYK o RGB. Es el momento de hablar de <strong>colores<\/strong> <strong>directos<\/strong>, que tambi\u00e9n pueden ser colores especiales, hechos a medida, por el impresor.<\/p>\n<\/div>\n<p>Los colores directos se utilizan para asegurar que se imprimir\u00e1 un color determinado en un dise\u00f1o, por ejemplo, porque es imprecindible conseguir un color concreto para un logotipo corporativo. Los colores especiales se perciben con m\u00e1s intensidad y riqueza, dado que se imprimen como un color s\u00f3lido en lugar de como uno compuesto por puntos de semitonos. Adem\u00e1s de garantizar la reproducci\u00f3n precisa de un color determinado, los colores especiales modifican la gama general que se puede producir.<\/p>\n<p>Los colores directos se crean a partir de varios elementos de base mezclados seg\u00fan una receta concreta. Las tintas de color directo se pueden comprar ya mezcladas y a punto para ser utilizadas o se pueden crear combinando ciertas proporciones que el fabricante del color facilita.<\/p>\n<p>Los colores especiales tambi\u00e9n pueden ser colores fluorescentes y met\u00e1licos. Otros sistemas habituales para la industria, sobre todo para productos industriales como por ejemplo radiadores, son las cartas de color RAL.<\/p>\n","protected":false},"excerpt":{"rendered":"<p>Los colores directos se utilizan para asegurar que se imprimir\u00e1 un color determinado en un dise\u00f1o, por ejemplo, porque es imprecindible conseguir un color concreto para un logotipo corporativo. Los colores especiales se perciben con m\u00e1s intensidad y riqueza, dado que se imprimen como un color s\u00f3lido en lugar de como uno compuesto por puntos [&hellip;]<\/p>\n","protected":false},"author":1,"featured_media":0,"parent":0,"menu_order":0,"comment_status":"closed","ping_status":"closed","template":"","meta":{"inline_featured_image":false},"acf":[],"_links":{"self":[{"href":"http:\/\/disseny-test.uoc.edu\/materials\/taller-color\/es\/wp-json\/wp\/v2\/pages\/316"}],"collection":[{"href":"http:\/\/disseny-test.uoc.edu\/materials\/taller-color\/es\/wp-json\/wp\/v2\/pages"}],"about":[{"href":"http:\/\/disseny-test.uoc.edu\/materials\/taller-color\/es\/wp-json\/wp\/v2\/types\/page"}],"author":[{"embeddable":true,"href":"http:\/\/disseny-test.uoc.edu\/materials\/taller-color\/es\/wp-json\/wp\/v2\/users\/1"}],"replies":[{"embeddable":true,"href":"http:\/\/disseny-test.uoc.edu\/materials\/taller-color\/es\/wp-json\/wp\/v2\/comments?post=316"}],"version-history":[{"count":2,"href":"http:\/\/disseny-test.uoc.edu\/materials\/taller-color\/es\/wp-json\/wp\/v2\/pages\/316\/revisions"}],"predecessor-version":[{"id":468,"href":"http:\/\/disseny-test.uoc.edu\/materials\/taller-color\/es\/wp-json\/wp\/v2\/pages\/316\/revisions\/468"}],"wp:attachment":[{"href":"http:\/\/disseny-test.uoc.edu\/materials\/taller-color\/es\/wp-json\/wp\/v2\/media?parent=316"}],"curies":[{"name":"wp","href":"https:\/\/api.w.org\/{rel}","templated":true}]}}