{"id":318,"date":"2019-12-04T10:36:53","date_gmt":"2019-12-04T08:36:53","guid":{"rendered":"http:\/\/disseny-test.uoc.edu\/materials\/taller-color\/?page_id=318"},"modified":"2019-12-31T17:23:12","modified_gmt":"2019-12-31T15:23:12","slug":"4-6-1-introduccion","status":"publish","type":"page","link":"http:\/\/disseny-test.uoc.edu\/materials\/taller-color\/es\/4-6-1-introduccion\/","title":{"rendered":"4.6.1. Introducci\u00f3n"},"content":{"rendered":"<blockquote><p>\u00abUna c\u00e1mara digital registra la luz en p\u00edxeles, y cada p\u00edxel registra valores de luz roja, verde o azul. El espacio de color proporciona una definici\u00f3n para el valor num\u00e9rico de esta combinaci\u00f3n de colores presentes en un p\u00edxel, donde cada valor representa un color diferente. Si se cambia el espacio de color, cambiar\u00e1 el color asociado a este valor, lo que significa que mientras se crea un dise\u00f1o o se hacen ajustes en una imagen hay que ser consciente del espacio de color en el que se est\u00e1 trabajando.\u00bb<\/p>\n<p>G. Ambrose; P. Harris (2008). \u00abGesti\u00f3n del color\u00bb. <em>Color<\/em> (Colecci\u00f3n Bases del dise\u00f1o, p\u00e1gs. 78-79). Barcelona:\u00a0 Editorial Parramon. ISBN9788434228559<\/p>\n<p>\u00abLa gesti\u00f3n del color es un proceso que controla c\u00f3mo se traduce el color de una m\u00e1quina a otra en el proceso de impresi\u00f3n. La gesti\u00f3n del color es necesaria para asegurar una reproducci\u00f3n exacta y predecible del color porque cada dispositivo responde al color y lo produce de manera diferente. Un color est\u00e1 formado por diferentes cantidades de rojo, verde y azul, indicado como una proporci\u00f3n del estilo 88\/249\/17. Estas proporciones producen diferentes resultados en espacios de color diferentes. El lnternational Color Consortium ha creado un conjunto de perfiles para estandarizar las maneras en las que los dispositivos comunican la informaci\u00f3n de color.\u00bb<\/p>\n<p>G. Ambrose; P. Harris (2008). \u00abGesti\u00f3n del color\u00bb. <em>Color<\/em> (Colecci\u00f3n Bases del dise\u00f1o, p\u00e1gs. 78-79). Barcelona:\u00a0 Editorial Parramon. ISBN9788434228559<\/p><\/blockquote>\n<p>El espacio de color y gama entre dise\u00f1adores e impresores es un elemento de gesti\u00f3n y calidad que quiere asegurar que los resultados en la fase de dise\u00f1o sean los que se obtendr\u00e1n en la fase de producci\u00f3n. Por este motivo ambos profesionales usan espacios de color y gamas para calcular el espectro de colores que puede reproducirse en un dispositivo o sistema concreto. Si se cambia el espacio de color, cambiar\u00e1 el color, lo que significa que mientras se crea un dise\u00f1o o se hacen ajustes en una imagen es importante conocer los diferentes formatos de archivo.<\/p>\n","protected":false},"excerpt":{"rendered":"<p>\u00abUna c\u00e1mara digital registra la luz en p\u00edxeles, y cada p\u00edxel registra valores de luz roja, verde o azul. El espacio de color proporciona una definici\u00f3n para el valor num\u00e9rico de esta combinaci\u00f3n de colores presentes en un p\u00edxel, donde cada valor representa un color diferente. Si se cambia el espacio de color, cambiar\u00e1 el [&hellip;]<\/p>\n","protected":false},"author":1,"featured_media":0,"parent":0,"menu_order":0,"comment_status":"closed","ping_status":"closed","template":"","meta":{"inline_featured_image":false},"acf":[],"_links":{"self":[{"href":"http:\/\/disseny-test.uoc.edu\/materials\/taller-color\/es\/wp-json\/wp\/v2\/pages\/318"}],"collection":[{"href":"http:\/\/disseny-test.uoc.edu\/materials\/taller-color\/es\/wp-json\/wp\/v2\/pages"}],"about":[{"href":"http:\/\/disseny-test.uoc.edu\/materials\/taller-color\/es\/wp-json\/wp\/v2\/types\/page"}],"author":[{"embeddable":true,"href":"http:\/\/disseny-test.uoc.edu\/materials\/taller-color\/es\/wp-json\/wp\/v2\/users\/1"}],"replies":[{"embeddable":true,"href":"http:\/\/disseny-test.uoc.edu\/materials\/taller-color\/es\/wp-json\/wp\/v2\/comments?post=318"}],"version-history":[{"count":2,"href":"http:\/\/disseny-test.uoc.edu\/materials\/taller-color\/es\/wp-json\/wp\/v2\/pages\/318\/revisions"}],"predecessor-version":[{"id":426,"href":"http:\/\/disseny-test.uoc.edu\/materials\/taller-color\/es\/wp-json\/wp\/v2\/pages\/318\/revisions\/426"}],"wp:attachment":[{"href":"http:\/\/disseny-test.uoc.edu\/materials\/taller-color\/es\/wp-json\/wp\/v2\/media?parent=318"}],"curies":[{"name":"wp","href":"https:\/\/api.w.org\/{rel}","templated":true}]}}