{"id":320,"date":"2019-12-04T10:37:11","date_gmt":"2019-12-04T08:37:11","guid":{"rendered":"http:\/\/disseny-test.uoc.edu\/materials\/taller-color\/?page_id=320"},"modified":"2019-12-10T12:53:19","modified_gmt":"2019-12-10T10:53:19","slug":"4-6-2-formato-de-archivos-para-trabajos-digitales","status":"publish","type":"page","link":"http:\/\/disseny-test.uoc.edu\/materials\/taller-color\/es\/4-6-2-formato-de-archivos-para-trabajos-digitales\/","title":{"rendered":"4.6.2. Formato de archivos para trabajos digitales"},"content":{"rendered":"<p>Siempre que trabajamos con im\u00e1genes, lo m\u00e1s habitual ser\u00e1 tratar con im\u00e1genes <strong><a class=\"tooltip\"  href=\"javascript:void(0);\" data-toggle=\"popover\" data-placement=\"bottom\" data-content=\"RGB\/tres canales, uno para cada color.\">JPEG<\/a><\/strong> cuando su uso est\u00e9 destinado a ser visualizado en pantalla, y con <strong><a class=\"tooltip\"  href=\"javascript:void(0);\" data-toggle=\"popover\" data-placement=\"bottom\" data-content=\"CMYK\/cuatro canales, uno para cada color.\">TIFF<\/a><\/strong> cuando se tengan que imprimir en papel o sobre otros tipos de soporte fuera del \u00e1mbito digital.<\/p>\n<p>El archivo JPEG es un formato muy habitual, pero debemos saber que la informaci\u00f3n que almacena es limitada y nos da pocas posibilidades de mejora sobre la imagen. En cambio, los archivos RAW son el formato de captura para las im\u00e1genes fotogr\u00e1ficas digitales de alta calidad. Los archivos <strong><a class=\"tooltip\"  href=\"javascript:void(0);\" data-toggle=\"popover\" data-placement=\"bottom\" data-content=\"Diecis\u00e9is bits\/canal.\">RAW<\/a><\/strong> permiten almacenar una gran cantidad de informaci\u00f3n de color. Los archivos RAW no tienen p\u00e9rdidas, dado que contienen toda la informaci\u00f3n presente en el momento de hacer la fotograf\u00eda y esto es muy valioso, ya que nos permite modificar cualquier par\u00e1metro y obtener diferentes resultados. Este es un formato especialmente pensado para editar la imagen y, posteriormente, guardarla en un archivo m\u00e1s compacto para llevarlo a imprimir, que se denomina TIFF.<\/p>\n<p>La imagen para trabajar dentro de la maquetaci\u00f3n de un documento estar\u00e1 guardada para imprimir como un archivo RGB, pero cuando se tenga que enviar el documento para imprimir se preparar\u00e1 un documento en PDF con la maquetaci\u00f3n y disposici\u00f3n de las im\u00e1genes, y tantos archivos como im\u00e1genes haya en formato TIFF CMYK (ocho bits\/canal), que corresponde exactamente a treinta y dos bits desglosados en ocho para cada canal: ocho bits para el cian, ocho para el magenta, ocho para el <em>yellow<\/em> (amarillo) y ocho para el <em>black<\/em> (negro), que el impresor utilizar\u00e1 en el documento de impresi\u00f3n.<\/p>\n<p>Hay otras opciones de archivo que forman parte del proceso de trabajo del dise\u00f1o gr\u00e1fico con propiedades \u00fatiles para diferentes requerimientos:<\/p>\n<ul>\n<li><strong><a class=\"tooltip\"  href=\"javascript:void(0);\" data-toggle=\"popover\" data-placement=\"bottom\" data-content=\"Abreviatura de Encapsulated PostScript.\">EPS<\/a><\/strong>: formato de archivo para elementos gr\u00e1ficos ampliables.<\/li>\n<li><strong>PICT<\/strong>: formato de Mac para comprimir im\u00e1genes, sobre todo con colores de fondos planos.<\/li>\n<li><strong><a class=\"tooltip\"  href=\"javascript:void(0);\" data-toggle=\"popover\" data-placement=\"bottom\" data-content=\"Abreviatura de Mapa de bits.\">BMP<\/a><\/strong>: formato para archivos de imagen a color sin comprimir de veinticuatro o treinta y dos bits usados para la manipulaci\u00f3n gr\u00e1fica.<\/li>\n<\/ul>\n","protected":false},"excerpt":{"rendered":"<p>Siempre que trabajamos con im\u00e1genes, lo m\u00e1s habitual ser\u00e1 tratar con im\u00e1genes cuando su uso est\u00e9 destinado a ser visualizado en pantalla, y con cuando se tengan que imprimir en papel o sobre otros tipos de soporte fuera del \u00e1mbito digital. El archivo JPEG es un formato muy habitual, pero debemos saber que la informaci\u00f3n [&hellip;]<\/p>\n","protected":false},"author":1,"featured_media":0,"parent":0,"menu_order":0,"comment_status":"closed","ping_status":"closed","template":"","meta":{"inline_featured_image":false},"acf":[],"_links":{"self":[{"href":"http:\/\/disseny-test.uoc.edu\/materials\/taller-color\/es\/wp-json\/wp\/v2\/pages\/320"}],"collection":[{"href":"http:\/\/disseny-test.uoc.edu\/materials\/taller-color\/es\/wp-json\/wp\/v2\/pages"}],"about":[{"href":"http:\/\/disseny-test.uoc.edu\/materials\/taller-color\/es\/wp-json\/wp\/v2\/types\/page"}],"author":[{"embeddable":true,"href":"http:\/\/disseny-test.uoc.edu\/materials\/taller-color\/es\/wp-json\/wp\/v2\/users\/1"}],"replies":[{"embeddable":true,"href":"http:\/\/disseny-test.uoc.edu\/materials\/taller-color\/es\/wp-json\/wp\/v2\/comments?post=320"}],"version-history":[{"count":4,"href":"http:\/\/disseny-test.uoc.edu\/materials\/taller-color\/es\/wp-json\/wp\/v2\/pages\/320\/revisions"}],"predecessor-version":[{"id":403,"href":"http:\/\/disseny-test.uoc.edu\/materials\/taller-color\/es\/wp-json\/wp\/v2\/pages\/320\/revisions\/403"}],"wp:attachment":[{"href":"http:\/\/disseny-test.uoc.edu\/materials\/taller-color\/es\/wp-json\/wp\/v2\/media?parent=320"}],"curies":[{"name":"wp","href":"https:\/\/api.w.org\/{rel}","templated":true}]}}