{"id":322,"date":"2019-12-04T10:37:31","date_gmt":"2019-12-04T08:37:31","guid":{"rendered":"http:\/\/disseny-test.uoc.edu\/materials\/taller-color\/?page_id=322"},"modified":"2020-02-20T16:54:35","modified_gmt":"2020-02-20T14:54:35","slug":"4-6-3-gama","status":"publish","type":"page","link":"http:\/\/disseny-test.uoc.edu\/materials\/taller-color\/es\/4-6-3-gama\/","title":{"rendered":"4.6.3. Gama"},"content":{"rendered":"<p>Hace referencia al espectro visible del ojo humano que puede reproducir un sistema, dispositivo o proceso concreto.<\/p>\n<figure id=\"attachment_156\" aria-describedby=\"caption-attachment-156\" style=\"width: 400px\" class=\"wp-caption aligncenter\"><img loading=\"lazy\" class=\"wp-image-156\" src=\"http:\/\/disseny-test.uoc.edu\/materials\/taller-color\/wp-content\/uploads\/sites\/18\/2019\/11\/PID_00267653_31.jpg\" alt=\"\" width=\"400\" height=\"534\" \/><figcaption id=\"caption-attachment-156\" class=\"wp-caption-text\">Figura 31<\/figcaption><\/figure>\n<p>En la industria editorial, los modelos de color m\u00e1s comunes son RGB y CMYK. Los sistemas de impresi\u00f3n del color no pueden reproducir la gama completa del espectro visible del ojo humano. La gama RGB es capaz de representar un 70 % de estos colores, pero la gama CMYK reproduce menos. A la hora de dise\u00f1ar, debemos ser conscientes de estas limitaciones y evitar el uso de colores que no pueden imprimirse o prever que, en caso contrario, tendr\u00e1n que sustituirse por uno m\u00e1s cercano y que puede ser diferente a la vista, o se puede optar por hacer un color directo o especial, un color s\u00f3lido que se fabricar\u00e1 para asegurar una tonalidad concreta. A pesar de todo lo dicho, todav\u00eda podemos a\u00f1adir algo m\u00e1s sobre las dificultades con las que nos encontraremos a pesar de salvar el obst\u00e1culo de fabricar un color especial, y nos referimos a recuperar el concepto del modo como el ojo humano percibe los colores. En el subapartado 1.4.2. habl\u00e1bamos de la luminosidad: dec\u00edamos que cada superficie\/materia puede emitir o absorber m\u00e1s o menos luz y, por lo tanto, descomponerla en colores. Esto implica que percibiremos diferentes tonalidades de un color seg\u00fan el soporte f\u00edsico en el que se imprima. Est\u00e1 claro, pues, que obtener resultados id\u00e9nticos al que se describe en un formato digital que podemos reproducir f\u00edsicamente presenta grandes dificultades por la misma esencia del color, y cada vez que cambiamos el papel o el soporte se generar\u00e1n cambios en la percepci\u00f3n de todos los colores.<\/p>\n","protected":false},"excerpt":{"rendered":"<p>Hace referencia al espectro visible del ojo humano que puede reproducir un sistema, dispositivo o proceso concreto. En la industria editorial, los modelos de color m\u00e1s comunes son RGB y CMYK. Los sistemas de impresi\u00f3n del color no pueden reproducir la gama completa del espectro visible del ojo humano. La gama RGB es capaz de [&hellip;]<\/p>\n","protected":false},"author":1,"featured_media":0,"parent":0,"menu_order":0,"comment_status":"closed","ping_status":"closed","template":"","meta":{"inline_featured_image":false},"acf":[],"_links":{"self":[{"href":"http:\/\/disseny-test.uoc.edu\/materials\/taller-color\/es\/wp-json\/wp\/v2\/pages\/322"}],"collection":[{"href":"http:\/\/disseny-test.uoc.edu\/materials\/taller-color\/es\/wp-json\/wp\/v2\/pages"}],"about":[{"href":"http:\/\/disseny-test.uoc.edu\/materials\/taller-color\/es\/wp-json\/wp\/v2\/types\/page"}],"author":[{"embeddable":true,"href":"http:\/\/disseny-test.uoc.edu\/materials\/taller-color\/es\/wp-json\/wp\/v2\/users\/1"}],"replies":[{"embeddable":true,"href":"http:\/\/disseny-test.uoc.edu\/materials\/taller-color\/es\/wp-json\/wp\/v2\/comments?post=322"}],"version-history":[{"count":6,"href":"http:\/\/disseny-test.uoc.edu\/materials\/taller-color\/es\/wp-json\/wp\/v2\/pages\/322\/revisions"}],"predecessor-version":[{"id":655,"href":"http:\/\/disseny-test.uoc.edu\/materials\/taller-color\/es\/wp-json\/wp\/v2\/pages\/322\/revisions\/655"}],"wp:attachment":[{"href":"http:\/\/disseny-test.uoc.edu\/materials\/taller-color\/es\/wp-json\/wp\/v2\/media?parent=322"}],"curies":[{"name":"wp","href":"https:\/\/api.w.org\/{rel}","templated":true}]}}