{"id":324,"date":"2019-12-04T10:37:50","date_gmt":"2019-12-04T08:37:50","guid":{"rendered":"http:\/\/disseny-test.uoc.edu\/materials\/taller-color\/?page_id=324"},"modified":"2019-12-04T10:37:50","modified_gmt":"2019-12-04T08:37:50","slug":"5-1-introduccion","status":"publish","type":"page","link":"http:\/\/disseny-test.uoc.edu\/materials\/taller-color\/es\/5-1-introduccion\/","title":{"rendered":"5.1. Introducci\u00f3n"},"content":{"rendered":"<blockquote><p>\u00abQuien no sabe nada de los efectos universales y del simbolismo de los colores y se f\u00eda solo de su intuici\u00f3n siempre ser\u00e1 superado por aquellos que han adquirido conocimientos adicionales\u00bb.<\/p>\n<p>Eva Heller (2004). <em>Psicolog\u00eda del color <\/em>(p\u00e1g.17). Barcelona: Editorial Gustavo Gili.<\/p><\/blockquote>\n<p>Es decir, que podemos provocar reacciones emocionales en el observador a partir de la elecci\u00f3n voluntaria y consciente de colores. De todos los autores que han tratado este tema, Eva Heller hizo, sin duda, uno de los trabajos de investigaci\u00f3n con usuarios m\u00e1s completos: hasta dos mil personas de todas las profesiones y por todo el territorio de Alemania. Los resultados confirman que, de entre todas las asociaciones de colores, se pudieron clasificar hasta ciento sesenta sentimientos e impresiones diferentes. Tambi\u00e9n se pudo establecer que estas reacciones con los colores no se dan de manera arbitraria o casual, sino que son \u00abexperiencias universales profundamente arraigadas desde la infancia en nuestro lenguaje y pensamiento\u00bb.<\/p>\n<p>En nuestro proceso de socializaci\u00f3n los colores se han incorporado a nuestro lenguaje y cuando los combinamos con otros elementos nos ayudan a enviar mensajes cargados de emotividad:<\/p>\n<table>\n<thead>\n<tr>\n<td width=\"156\">Arma<\/td>\n<td width=\"158\">blanca<\/td>\n<\/tr>\n<\/thead>\n<tbody>\n<tr>\n<td width=\"156\">D\u00eda<\/td>\n<td width=\"158\">gris<\/td>\n<\/tr>\n<tr>\n<td width=\"156\">Oveja<\/td>\n<td width=\"158\">negra<\/td>\n<\/tr>\n<tr>\n<td width=\"156\">Rojo<\/td>\n<td width=\"158\">pasi\u00f3n<\/td>\n<\/tr>\n<tr>\n<td width=\"156\">Verde<\/td>\n<td width=\"158\">esperanza<\/td>\n<\/tr>\n<\/tbody>\n<\/table>\n<div class=\"tablefooter\"><p>Ejemplo de car\u00e1cter popular sobre colores y significados<\/p>\n<\/div>\n","protected":false},"excerpt":{"rendered":"<p>\u00abQuien no sabe nada de los efectos universales y del simbolismo de los colores y se f\u00eda solo de su intuici\u00f3n siempre ser\u00e1 superado por aquellos que han adquirido conocimientos adicionales\u00bb. Eva Heller (2004). Psicolog\u00eda del color (p\u00e1g.17). Barcelona: Editorial Gustavo Gili. Es decir, que podemos provocar reacciones emocionales en el observador a partir de [&hellip;]<\/p>\n","protected":false},"author":1,"featured_media":0,"parent":0,"menu_order":0,"comment_status":"closed","ping_status":"closed","template":"","meta":{"inline_featured_image":false},"acf":[],"_links":{"self":[{"href":"http:\/\/disseny-test.uoc.edu\/materials\/taller-color\/es\/wp-json\/wp\/v2\/pages\/324"}],"collection":[{"href":"http:\/\/disseny-test.uoc.edu\/materials\/taller-color\/es\/wp-json\/wp\/v2\/pages"}],"about":[{"href":"http:\/\/disseny-test.uoc.edu\/materials\/taller-color\/es\/wp-json\/wp\/v2\/types\/page"}],"author":[{"embeddable":true,"href":"http:\/\/disseny-test.uoc.edu\/materials\/taller-color\/es\/wp-json\/wp\/v2\/users\/1"}],"replies":[{"embeddable":true,"href":"http:\/\/disseny-test.uoc.edu\/materials\/taller-color\/es\/wp-json\/wp\/v2\/comments?post=324"}],"version-history":[{"count":1,"href":"http:\/\/disseny-test.uoc.edu\/materials\/taller-color\/es\/wp-json\/wp\/v2\/pages\/324\/revisions"}],"predecessor-version":[{"id":325,"href":"http:\/\/disseny-test.uoc.edu\/materials\/taller-color\/es\/wp-json\/wp\/v2\/pages\/324\/revisions\/325"}],"wp:attachment":[{"href":"http:\/\/disseny-test.uoc.edu\/materials\/taller-color\/es\/wp-json\/wp\/v2\/media?parent=324"}],"curies":[{"name":"wp","href":"https:\/\/api.w.org\/{rel}","templated":true}]}}