{"id":104,"date":"2019-11-21T17:46:41","date_gmt":"2019-11-21T15:46:41","guid":{"rendered":"http:\/\/disseny-test.uoc.edu\/materials\/taller-color\/?page_id=104"},"modified":"2020-02-20T16:49:09","modified_gmt":"2020-02-20T14:49:09","slug":"2-2-conceptes-generals","status":"publish","type":"page","link":"http:\/\/disseny-test.uoc.edu\/materials\/taller-color\/2-2-conceptes-generals\/","title":{"rendered":"2.2. Conceptes generals"},"content":{"rendered":"<p>Extreure la paleta de colors d&#8217;una composici\u00f3 o separar els colors d&#8217;un objecte fora de la forma ens permet <strong>treballar amb un espai redu\u00eft <\/strong>on el color pren tot el focus i pot desenvolupar-se i ampliar-se sense les interfer\u00e8ncies del context. Tamb\u00e9 \u00e9s \u00fatil fer aquest proc\u00e9s d&#8217;extracci\u00f3 del color, per identificar sint\u00e8ticament els colors que componen un conjunt format per molts elements. Allunyats del soroll visual de la composici\u00f3 o producte final, podem treballar amb les mostres de color a\u00efllades. Aix\u00f2 ens permetr\u00e0 apreciar les tonalitats, <strong>classificar-les per saturacions i lluminositat <\/strong>i valorar qu\u00e8 ens diu el conjunt amb l\u2019objectiu final de fer propostes noves mantenint els mateixos valors de saturaci\u00f3 i lluminositat per\u00f2 creant una altra <strong>gamma crom\u00e0tica<\/strong>.<\/p>\n<div class=\"featured featured-grey\"><\/p>\n<p><strong>Exemple<\/strong><\/p>\n<p>Per fer una campanya de publicitat, els colors de la temporada d&#8217;estiu d&#8217;un any a l&#8217;altre parteixen de la mateixa paleta de colors \u2013blaus\u2013 per\u00f2 amb un nivell de saturaci\u00f3 que canvia respecte de l&#8217;any anterior.<\/p>\n<p>\n<\/div>\n<p>&nbsp;<\/p>\n<figure id=\"attachment_105\" aria-describedby=\"caption-attachment-105\" style=\"width: 650px\" class=\"wp-caption aligncenter\"><img loading=\"lazy\" class=\"wp-image-105\" src=\"http:\/\/disseny-test.uoc.edu\/materials\/taller-color\/wp-content\/uploads\/sites\/18\/2019\/11\/PID_00267653_12.jpg\" alt=\"\" width=\"650\" height=\"265\" srcset=\"http:\/\/disseny-test.uoc.edu\/materials\/taller-color\/wp-content\/uploads\/sites\/18\/2019\/11\/PID_00267653_12.jpg 1228w, http:\/\/disseny-test.uoc.edu\/materials\/taller-color\/wp-content\/uploads\/sites\/18\/2019\/11\/PID_00267653_12-300x122.jpg 300w, http:\/\/disseny-test.uoc.edu\/materials\/taller-color\/wp-content\/uploads\/sites\/18\/2019\/11\/PID_00267653_12-768x313.jpg 768w, http:\/\/disseny-test.uoc.edu\/materials\/taller-color\/wp-content\/uploads\/sites\/18\/2019\/11\/PID_00267653_12-1024x417.jpg 1024w\" sizes=\"(max-width: 650px) 100vw, 650px\" \/><figcaption id=\"caption-attachment-105\" class=\"wp-caption-text\">Figura 10<br \/>Font: elaboraci\u00f3 pr\u00f2pia de la paleta<\/figcaption><\/figure>\n<p>Les quatre imatges tenen la mateixa paleta \u2013blaus de l&#8217;exterior i de l&#8217;interior del mar\u2013, per\u00f2 amb proporcions de color diferents. En una hi trobem una alta lluminositat i un blau turquesa que els ofereix una composici\u00f3 amb una il\u00b7luminaci\u00f3 difusa on els contorns es dilueixen entre el primer pla i el fons. En la seg\u00fcent, el turquesa apareix sobre una gran superf\u00edcie m\u00e9s fosca d&#8217;un blau m\u00e9s saturat que va enfosquint-se fins a la m\u00e0xima obscuritat. Les imatges volen representar dues cares d&#8217;una mateixa moneda i mantenir un fil conductor amb l&#8217;estrat\u00e8gia de comunicaci\u00f3 de la marca d\u2019una temporada a l\u2019altra.<\/p>\n<figure id=\"attachment_106\" aria-describedby=\"caption-attachment-106\" style=\"width: 640px\" class=\"wp-caption aligncenter\"><img loading=\"lazy\" class=\"wp-image-106\" src=\"http:\/\/disseny-test.uoc.edu\/materials\/taller-color\/wp-content\/uploads\/sites\/18\/2019\/11\/PID_00267653_11.jpg\" alt=\"\" width=\"640\" height=\"282\" srcset=\"http:\/\/disseny-test.uoc.edu\/materials\/taller-color\/wp-content\/uploads\/sites\/18\/2019\/11\/PID_00267653_11.jpg 1109w, http:\/\/disseny-test.uoc.edu\/materials\/taller-color\/wp-content\/uploads\/sites\/18\/2019\/11\/PID_00267653_11-300x132.jpg 300w, http:\/\/disseny-test.uoc.edu\/materials\/taller-color\/wp-content\/uploads\/sites\/18\/2019\/11\/PID_00267653_11-768x339.jpg 768w, http:\/\/disseny-test.uoc.edu\/materials\/taller-color\/wp-content\/uploads\/sites\/18\/2019\/11\/PID_00267653_11-1024x452.jpg 1024w\" sizes=\"(max-width: 640px) 100vw, 640px\" \/><figcaption id=\"caption-attachment-106\" class=\"wp-caption-text\">Figura 11<br \/>Exemples d&#8217;imatges que fan servir l&#8217;anterior paleta<\/figcaption><\/figure>\n","protected":false},"excerpt":{"rendered":"<p>Extreure la paleta de colors d&#8217;una composici\u00f3 o separar els colors d&#8217;un objecte fora de la forma ens permet treballar amb un espai redu\u00eft on el color pren tot el focus i pot desenvolupar-se i ampliar-se sense les interfer\u00e8ncies del context. Tamb\u00e9 \u00e9s \u00fatil fer aquest proc\u00e9s d&#8217;extracci\u00f3 del color, per identificar sint\u00e8ticament els colors [&hellip;]<\/p>\n","protected":false},"author":1,"featured_media":0,"parent":0,"menu_order":0,"comment_status":"closed","ping_status":"closed","template":"","meta":{"inline_featured_image":false},"acf":[],"_links":{"self":[{"href":"http:\/\/disseny-test.uoc.edu\/materials\/taller-color\/wp-json\/wp\/v2\/pages\/104"}],"collection":[{"href":"http:\/\/disseny-test.uoc.edu\/materials\/taller-color\/wp-json\/wp\/v2\/pages"}],"about":[{"href":"http:\/\/disseny-test.uoc.edu\/materials\/taller-color\/wp-json\/wp\/v2\/types\/page"}],"author":[{"embeddable":true,"href":"http:\/\/disseny-test.uoc.edu\/materials\/taller-color\/wp-json\/wp\/v2\/users\/1"}],"replies":[{"embeddable":true,"href":"http:\/\/disseny-test.uoc.edu\/materials\/taller-color\/wp-json\/wp\/v2\/comments?post=104"}],"version-history":[{"count":11,"href":"http:\/\/disseny-test.uoc.edu\/materials\/taller-color\/wp-json\/wp\/v2\/pages\/104\/revisions"}],"predecessor-version":[{"id":638,"href":"http:\/\/disseny-test.uoc.edu\/materials\/taller-color\/wp-json\/wp\/v2\/pages\/104\/revisions\/638"}],"wp:attachment":[{"href":"http:\/\/disseny-test.uoc.edu\/materials\/taller-color\/wp-json\/wp\/v2\/media?parent=104"}],"curies":[{"name":"wp","href":"https:\/\/api.w.org\/{rel}","templated":true}]}}