{"id":108,"date":"2019-11-21T17:47:00","date_gmt":"2019-11-21T15:47:00","guid":{"rendered":"http:\/\/disseny-test.uoc.edu\/materials\/taller-color\/?page_id=108"},"modified":"2020-01-23T14:31:11","modified_gmt":"2020-01-23T12:31:11","slug":"2-3-cartes-de-color","status":"publish","type":"page","link":"http:\/\/disseny-test.uoc.edu\/materials\/taller-color\/2-3-cartes-de-color\/","title":{"rendered":"2.3. Cartes de color"},"content":{"rendered":"<p>Pantone \u00e9s una marca desenvolupadora de colors, una empresa que ha aconseguit imposar-se com a l\u00edder en el mercat, a partir de la creaci\u00f3 d\u2019unes cartes de colors que amplien la gamma crom\u00e0tica que permeten els sistemes de color m\u00e9s utilitzats \u2013CMYK i RGB\u2013. Per desenvolupar colors, van crear el Pantone Color Institute, un centre d&#8217;innovaci\u00f3 i recerca centrat en les tend\u00e8ncies de color que poden interessar els creatius i dissenyadors en camps com la moda, el disseny gr\u00e0fic, disseny d&#8217;interiors i disseny de producte. Format per equips d&#8217;experts interdisciplinaris, treballa amb l&#8217;objectiu de definir una carta de colors per a les tend\u00e8ncies de temporada i el color de l&#8217;any; un color simb\u00f2lic del moment que s&#8217;est\u00e0 vivint i que serveix com a expressi\u00f3 d&#8217;un estat d&#8217;\u00e0nim i una actitud. Aix\u00f2 no \u00e9s una extravag\u00e0ncia, l&#8217;empresa internacional Intercolor, constitu\u00efda el 1963 per quinze pa\u00efsos membres, intercanvia dos cops l&#8217;any la seva visi\u00f3 sobre els canvis en l&#8217;estil de vida en general i en el color en particular. Cada membre de la plataforma defineix els seus conceptes a dos anys vista, i extreuen una base per al desenvolupament de tend\u00e8ncies en color i paletes per a una temporada (primavera\/estiu i tardor\/hivern). Aquests equips s\u00f3n els que, amb les seves propostes, generen prou influ\u00e8ncia per implantar les tend\u00e8ncies.<\/p>\n<p>El model de negoci d&#8217;aquestes empreses es troba en la venda de les cartes de color i, posteriorment, de les tintes. Les cartes incorporen un n\u00famero de refer\u00e8ncia \u00fanic per a cada to o mat\u00eds, a fi de facilitar la comunicaci\u00f3 entre dissenyadors i impressors. Tenir les cartes actualitzades ens permet tenir a l&#8217;abast els tons m\u00e9s nous, per\u00f2 s\u00f3n un material de cost elevat que nom\u00e9s \u00e9s a l&#8217;abast d&#8217;estudis i ag\u00e8ncies amb molt de volum de treball o dels mateixos impressors.<\/p>\n<div class=\"featured featured-grey\"><\/p>\n<p><strong>Exemple<\/strong><\/p>\n<p>Les cartes de color s\u00f3n un producte que trobem en altres sectors de la ind\u00fastria, per exemple, una de molt utilitzada \u00e9s la carta de colors RAL, que s&#8217;aplica en els acabats de productes com ara radiadors.<\/p>\n<\/div>\n<div id=\"gtx-trans\" style=\"position: absolute; left: 87px; top: 408px;\">\n<div class=\"gtx-trans-icon\"><\/div>\n<\/div>\n","protected":false},"excerpt":{"rendered":"<p>Pantone \u00e9s una marca desenvolupadora de colors, una empresa que ha aconseguit imposar-se com a l\u00edder en el mercat, a partir de la creaci\u00f3 d\u2019unes cartes de colors que amplien la gamma crom\u00e0tica que permeten els sistemes de color m\u00e9s utilitzats \u2013CMYK i RGB\u2013. Per desenvolupar colors, van crear el Pantone Color Institute, un centre [&hellip;]<\/p>\n","protected":false},"author":1,"featured_media":0,"parent":0,"menu_order":0,"comment_status":"closed","ping_status":"closed","template":"","meta":{"inline_featured_image":false},"acf":[],"_links":{"self":[{"href":"http:\/\/disseny-test.uoc.edu\/materials\/taller-color\/wp-json\/wp\/v2\/pages\/108"}],"collection":[{"href":"http:\/\/disseny-test.uoc.edu\/materials\/taller-color\/wp-json\/wp\/v2\/pages"}],"about":[{"href":"http:\/\/disseny-test.uoc.edu\/materials\/taller-color\/wp-json\/wp\/v2\/types\/page"}],"author":[{"embeddable":true,"href":"http:\/\/disseny-test.uoc.edu\/materials\/taller-color\/wp-json\/wp\/v2\/users\/1"}],"replies":[{"embeddable":true,"href":"http:\/\/disseny-test.uoc.edu\/materials\/taller-color\/wp-json\/wp\/v2\/comments?post=108"}],"version-history":[{"count":4,"href":"http:\/\/disseny-test.uoc.edu\/materials\/taller-color\/wp-json\/wp\/v2\/pages\/108\/revisions"}],"predecessor-version":[{"id":450,"href":"http:\/\/disseny-test.uoc.edu\/materials\/taller-color\/wp-json\/wp\/v2\/pages\/108\/revisions\/450"}],"wp:attachment":[{"href":"http:\/\/disseny-test.uoc.edu\/materials\/taller-color\/wp-json\/wp\/v2\/media?parent=108"}],"curies":[{"name":"wp","href":"https:\/\/api.w.org\/{rel}","templated":true}]}}