{"id":110,"date":"2019-11-21T17:47:23","date_gmt":"2019-11-21T15:47:23","guid":{"rendered":"http:\/\/disseny-test.uoc.edu\/materials\/taller-color\/?page_id=110"},"modified":"2020-01-23T16:17:03","modified_gmt":"2020-01-23T14:17:03","slug":"2-4-tipologia-de-paletes","status":"publish","type":"page","link":"http:\/\/disseny-test.uoc.edu\/materials\/taller-color\/2-4-tipologia-de-paletes\/","title":{"rendered":"2.4. Tipologia de paletes"},"content":{"rendered":"<div class=\"featured featured-blue\"><p>A l\u2019hora de treballar amb una paleta de colors s&#8217;ha de pensar en el to, la saturaci\u00f3 i la lluminositat; seran les eines principals quan es volen combinar colors i crear una paleta.<\/p>\n<\/div>\n<p>Hi ha tipologies de paletes per a usos molt concrets; alguns els hem comentat en els apartats precedents: les paletes per a un \u00fas t\u00e8cnic i pr\u00e0ctic per <strong>identificar concordances o relacions crom\u00e0tiques<\/strong>; les paletes per crear <strong>cartes de color <\/strong>i influir o generar una tend\u00e8ncia o corrent d&#8217;estil i que serveixin com a element de comunicaci\u00f3 entre el dissenyador i la ind\u00fastria. En darrer lloc, hi ha les paletes com a <strong>elements d&#8217;inspiraci\u00f3<\/strong>. Dins del m\u00f3n de la creativitat \u00e9s molt estimulant treballar amb retalls de color, mostres de materials per fer plafons o col\u00b7leccions, en qu\u00e8 als conceptes i refer\u00e8ncies se&#8217;ls associen un color o molts. L&#8217;objectiu \u00e9s experimentar i classificar. Aquesta activitat es pot fer en diferents moments de l\u2019estadi creatiu, ja sigui com a pluja d&#8217;idees, com a etapa de recerca o com a s\u00edntesi d&#8217;un treball anterior. Recordem que els colors tenen moltes connotacions associades i convidats ens proporcionen missatges sense necessitat de gaires paraules. Aquest proc\u00e9s de treball amb paletes \u00e9s una pr\u00e0ctica estimulant i reveladora.<\/p>\n<div class=\"featured featured-grey\"><p>L\u2019\u00fas de paletes el trobem en molts camps de la creaci\u00f3, fins al punt que una paleta pot ser el segell personal d\u2019un creador, en aquest cas \u2013hi ha molts exemples\u2013 d\u2019un director de cinema que crea paletes crom\u00e0tiques molt definides en les seves obres per accentuar les emocions i la narrativa. Ens referim a Wes Anderson: <a href=\"https:\/\/wesandersonpalettes.tumblr.com\" target=\"_blank\" rel=\"noopener\">https:\/\/wesandersonpalettes.tumblr.com<\/a>\/<\/p>\n<\/div>\n","protected":false},"excerpt":{"rendered":"<p>Hi ha tipologies de paletes per a usos molt concrets; alguns els hem comentat en els apartats precedents: les paletes per a un \u00fas t\u00e8cnic i pr\u00e0ctic per identificar concordances o relacions crom\u00e0tiques; les paletes per crear cartes de color i influir o generar una tend\u00e8ncia o corrent d&#8217;estil i que serveixin com a element [&hellip;]<\/p>\n","protected":false},"author":1,"featured_media":0,"parent":0,"menu_order":0,"comment_status":"closed","ping_status":"closed","template":"","meta":{"inline_featured_image":false},"acf":[],"_links":{"self":[{"href":"http:\/\/disseny-test.uoc.edu\/materials\/taller-color\/wp-json\/wp\/v2\/pages\/110"}],"collection":[{"href":"http:\/\/disseny-test.uoc.edu\/materials\/taller-color\/wp-json\/wp\/v2\/pages"}],"about":[{"href":"http:\/\/disseny-test.uoc.edu\/materials\/taller-color\/wp-json\/wp\/v2\/types\/page"}],"author":[{"embeddable":true,"href":"http:\/\/disseny-test.uoc.edu\/materials\/taller-color\/wp-json\/wp\/v2\/users\/1"}],"replies":[{"embeddable":true,"href":"http:\/\/disseny-test.uoc.edu\/materials\/taller-color\/wp-json\/wp\/v2\/comments?post=110"}],"version-history":[{"count":2,"href":"http:\/\/disseny-test.uoc.edu\/materials\/taller-color\/wp-json\/wp\/v2\/pages\/110\/revisions"}],"predecessor-version":[{"id":477,"href":"http:\/\/disseny-test.uoc.edu\/materials\/taller-color\/wp-json\/wp\/v2\/pages\/110\/revisions\/477"}],"wp:attachment":[{"href":"http:\/\/disseny-test.uoc.edu\/materials\/taller-color\/wp-json\/wp\/v2\/media?parent=110"}],"curies":[{"name":"wp","href":"https:\/\/api.w.org\/{rel}","templated":true}]}}