{"id":137,"date":"2019-11-21T17:49:47","date_gmt":"2019-11-21T15:49:47","guid":{"rendered":"http:\/\/disseny-test.uoc.edu\/materials\/taller-color\/?page_id=137"},"modified":"2020-04-16T09:00:21","modified_gmt":"2020-04-16T07:00:21","slug":"3-3-teoria-sobre-les-relacions-cromatiques","status":"publish","type":"page","link":"http:\/\/disseny-test.uoc.edu\/materials\/taller-color\/3-3-teoria-sobre-les-relacions-cromatiques\/","title":{"rendered":"3.3. Teoria sobre les relacions crom\u00e0tiques"},"content":{"rendered":"<p>Durant segles, els artistes han buscat els par\u00e0metres en qu\u00e8 situar les grans variacions entre els colors i les seves mescles \u2014i com es relacionen visualment entre elles\u2014, per poder estructurar aquests coneixements i definir-ne un marc sem\u00e0ntic, necessari per construir una teoria del color s\u00f2lida i un model crom\u00e0tic estable.<\/p>\n<p>Ja des dels temps prehist\u00f2rics les tribus van intentar desenvolupar teories al voltant de l&#8217;observaci\u00f3 del color amb l&#8217;objectiu d&#8217;entendre el m\u00f3n que els envoltava. Repassarem, doncs, al llarg de la hist\u00f2ria algunes de les teories m\u00e9s representatives sobre les relacions crom\u00e0tiques. Inicialment, basades en l&#8217;observaci\u00f3 del color a ull nu, trobem la figura d\u2019Arist\u00f2til (Arist\u00f2til 384 a. C-322 a. C), que va afirmar que els colors tenien un origen com\u00fa, fruit de les mescles entre les forces de la llum solar i la llum del foc, de l&#8217;aire i de l&#8217;aigua. Va recon\u00e8ixer, tamb\u00e9, que l&#8217;obscuritat \u00e9s l&#8217;abs\u00e8ncia de llum, i sota aquest mateix criteri, que totes les variacions de colors eren el resultat de mescles d&#8217;obscuritat i llum. Aquestes teories van ser vigents molts segles despr\u00e9s de la seva \u00e8poca, fins al Renaixement, quan Leonardo da Vinci (1452-1519) va destacar. La gran aportaci\u00f3 de l\u2019artista tosc\u00e0 \u00e9s la incorporaci\u00f3 del blanc i el negre com a colors \u2014que no s&#8217;hi consideraven\u2014; els dona el valor de colors simples i els ordena en una gradaci\u00f3 de qualitats lum\u00edniques amb el blanc en un extrem, seguit del groc, el verd, el blau, el vermell i, per acabar, el negre.<\/p>\n<p>El que va observar da Vinci m\u00e9s tard es coneixeria com a contrast simultani, i demostrava que les tonalitats entre complementaris s&#8217;identificaven rec\u00edprocament; aquests colors es perceben de manera m\u00e9s definida i n\u00edtida si s&#8217;exposen al costat del seu contrari directe \u2014groc p\u00e0l\u00b7lid contra vermell,&#8230;\u2014 per sobre de qualsevol altre que li sigui m\u00e9s proper. Leonardo tamb\u00e9 va fer valdre el fet dels efectes \u00f2ptics de les combinacions crom\u00e0tiques, aix\u00ed com el gran valor del concepte de la perspectiva atmosf\u00e8rica i les ombres. Aquesta observaci\u00f3 de les ombres el portar\u00e0 a treballar molt refinadament el valor dels colors, els clarobscurs i la qualitat et\u00e8riaque tenen, coneguda com a <em>Sfumato<\/em>, representada en el retrat, les mans i el fons del fam\u00f3s quadre de <em>Mona Lisa<\/em>.<\/p>\n<p>En contrast amb aquestes teories crom\u00e0tiques que van al voltant de l&#8217;observaci\u00f3 del color, el f\u00edsic brit\u00e0nic Sir Isaac Newton (1642-1727) va enfocar l\u2019estudi de la teoria del color \u2014en un laboratori\u2014 a les propietats de la llum. Va demostrar que totes les tonalitats espectrals es troben presents en la llum blanca i les combinacions entre aquests colors. Per fer-ho accessible i did\u00e0ctic, va dissenyar el primer cercle crom\u00e0tic.<\/p>\n<p>Newton no va ser capa\u00e7 d\u2019obtenir el blanc de la barreja dels tres colors primaris llum. Moses Harris (1730-1785), gravador angl\u00e8s, inspirat per un impressor franc\u00e8s, J.C. Le Blon (1667-1741), que va descobrir al 1731 que tots els tons es podien sintetitzar en tres colors \u00fanics (vermell, groc i blau), va treballar amb colors pigment i va definir el primer model de colors primaris. A partir d&#8217;aquests tres, Harris va definir els colors secundaris: taronja, lila i verd, i aix\u00ed fins a trobar 18 tonalitats ajustades \u00f2pticament a partir de la diluci\u00f3 amb blanc o la superposici\u00f3 del negre.<\/p>\n<p>Goethe (1749-1832) va recuperar la tradici\u00f3 d&#8217;Arist\u00f2til i da Vinci, desmarcant-se de les teories de Newton (1643-1727) sobre la f\u00edsica de la llum, i es va fixar en el fenomen visual que tenia lloc en l&#8217;ull. Amb els seus estudis, va introduir el concepte de les \u00abombres acolorides\u00bb. Per exemple, parlava de com la llum del sol del migdia, molt intensa, fa unes ombres negres o grises, i que en altres circumst\u00e0ncies aquestes ombres seran del color complementari de la tonalitat que tingui la llum del sol. Podem veure el resultat d&#8217;aquestes teories en les obres pict\u00f2riques dels impressionistes i postimpressionistes a l&#8217;hora de representar les ombres.<\/p>\n<p>Philipp Otto Runge (1777-1810), contemporani de Goethe, va publicar el primer intent de representaci\u00f3 d&#8217;un model crom\u00e0tic en tres dimensions. Per\u00f2 no va ser fins cent cinquanta anys m\u00e9s tard que Johannes Itten, un mestre del color su\u00eds va adaptar el mateix model considerant-lo una gran obra. Aquest va desplegar l&#8217;esfera tridimensional formant una estrella de dotze puntes amb el blanc en l\u2019interior.<\/p>\n<p>A principis de segle <span class=\"roman\">xix<\/span>, Michel-Eug\u00e8ne Chevreul (1786-1889) publicar\u00e0 <em>Els principis de l\u2019harmonia i el contrast dels colors<\/em>, un treball molt elaborat en qu\u00e8 destaca l\u2019explicaci\u00f3 de quines s\u00f3n les lleis que governen els efectes visuals rec\u00edprocs dels colors \u2014que ja havia observat da Vinci\u2014 i que etiqueta com a contrast simultani, el contrast successiu i les barreges crom\u00e0tiques \u00f2ptiques.<\/p>\n<p>Ogden Rood (1831-1902), va ser un autor nord-americ\u00e0 important per la identificaci\u00f3 de les tres variants principals que determinen les difer\u00e8ncies entre els colors: mat\u00eds (to), lluminositat (valor) i puresa (saturaci\u00f3). El gran valor d&#8217;aquest autor va ser posar en relleu aquestes sensacions visuals, per\u00f2 seria Albert Henry Munsell (1858-1918) qui li donaria una formulaci\u00f3 matem\u00e0ticament l\u00f2gica i objectiva que permetria normativitzar les especificacions precises que defineixen \u00abcada\u00bb color. La seva obra s&#8217;anomena <em>Color Notation<\/em>. Els tres identificadors per a aquesta categoritzaci\u00f3 num\u00e8rica eren to, valor i croma (saturaci\u00f3).<\/p>\n<p>El darrer per concloure aquest apartat \u00e9s Vilhelms Ostwald (1853-1932), que, a principis del segle <span class=\"roman\">xx<\/span>, va guanyar el Premi Nobel de Qu\u00edmica. El model crom\u00e0tic que presenta es defineix per un perfil de pensament molt cient\u00edfic. Ell va quantificar les variacions crom\u00e0tiques en intervals de blanc i negre a partir d&#8217;una progressi\u00f3 geom\u00e8trica que contrastava amb la que s&#8217;havia fet servir fins al moment (aritm\u00e8tica) i en una an\u00e0lisi de la llum que aparentment era reflectida o absorbida per una superf\u00edcie. L&#8217;addici\u00f3 de negre i blanc representa un proc\u00e9s diferent del de Munsell, que agrisava els tons a partir de la barreja amb els seus complementaris i ser\u00e0 un concepte clau en el desenvolupament del proc\u00e9s d&#8217;impressi\u00f3 per a models subtractius de mescla crom\u00e0tica amb els que treballem en l&#8217;actualitat.<\/p>\n<div id=\"gtx-trans\" style=\"position: absolute; left: 537px; top: 912px;\">\n<div class=\"gtx-trans-icon\"><\/div>\n<\/div>\n","protected":false},"excerpt":{"rendered":"<p>Durant segles, els artistes han buscat els par\u00e0metres en qu\u00e8 situar les grans variacions entre els colors i les seves mescles \u2014i com es relacionen visualment entre elles\u2014, per poder estructurar aquests coneixements i definir-ne un marc sem\u00e0ntic, necessari per construir una teoria del color s\u00f2lida i un model crom\u00e0tic estable. Ja des dels temps [&hellip;]<\/p>\n","protected":false},"author":1,"featured_media":0,"parent":0,"menu_order":0,"comment_status":"closed","ping_status":"closed","template":"","meta":{"inline_featured_image":false},"acf":[],"_links":{"self":[{"href":"http:\/\/disseny-test.uoc.edu\/materials\/taller-color\/wp-json\/wp\/v2\/pages\/137"}],"collection":[{"href":"http:\/\/disseny-test.uoc.edu\/materials\/taller-color\/wp-json\/wp\/v2\/pages"}],"about":[{"href":"http:\/\/disseny-test.uoc.edu\/materials\/taller-color\/wp-json\/wp\/v2\/types\/page"}],"author":[{"embeddable":true,"href":"http:\/\/disseny-test.uoc.edu\/materials\/taller-color\/wp-json\/wp\/v2\/users\/1"}],"replies":[{"embeddable":true,"href":"http:\/\/disseny-test.uoc.edu\/materials\/taller-color\/wp-json\/wp\/v2\/comments?post=137"}],"version-history":[{"count":9,"href":"http:\/\/disseny-test.uoc.edu\/materials\/taller-color\/wp-json\/wp\/v2\/pages\/137\/revisions"}],"predecessor-version":[{"id":668,"href":"http:\/\/disseny-test.uoc.edu\/materials\/taller-color\/wp-json\/wp\/v2\/pages\/137\/revisions\/668"}],"wp:attachment":[{"href":"http:\/\/disseny-test.uoc.edu\/materials\/taller-color\/wp-json\/wp\/v2\/media?parent=137"}],"curies":[{"name":"wp","href":"https:\/\/api.w.org\/{rel}","templated":true}]}}