{"id":143,"date":"2019-11-21T17:26:02","date_gmt":"2019-11-21T15:26:02","guid":{"rendered":"http:\/\/disseny-test.uoc.edu\/materials\/taller-color\/?page_id=143"},"modified":"2019-11-21T17:51:10","modified_gmt":"2019-11-21T15:51:10","slug":"4-3-rgb","status":"publish","type":"page","link":"http:\/\/disseny-test.uoc.edu\/materials\/taller-color\/4-3-rgb\/","title":{"rendered":"4.3. RGB"},"content":{"rendered":"<div class=\"featured featured-blue\"><p>El model RGB ve de les paraules angleses <em>red<\/em>, <em>green<\/em> i <em>blue<\/em> (vermell, verd i blau, respectivament), i est\u00e0 format pels colors llum. S\u2019anomenen d\u2019aquesta manera perqu\u00e8 s\u00f3n els tres tipus de llum que l\u2019ull hum\u00e0 distingeix.<\/p>\n<\/div>\n<p>Es tracta del model de s\u00edntesi additiva. Amb la combinaci\u00f3 d\u2019aquests tres colors en diferents proporcions obtenim la major part de l\u2019espectre visible. Per exemple, si barregem vermell i verd ens donar\u00e0 el <strong>groc<\/strong>; amb el blau i el verd es crea el <strong>cian<\/strong>, i el vermell amb el blau, el <strong>magenta<\/strong>. En realitat el que fem \u00e9s sumar (o addicionar) llum, i \u00e9s per aquest motiu que la suma de tots tres colors b\u00e0sics dona el blanc com a resultat, que representa la lluminositat m\u00e0xima. Aquest est\u00e0ndard \u00e9s el que es fa servir per als televisors o les pantalles d\u2019ordinador.<\/p>\n<p>La s\u00edntesi additiva est\u00e0 directament relacionada amb l\u2019\u00fas de la imatge digital:<\/p>\n<blockquote><p>\u00abEl p\u00edxel \u00e9s la unitat de la imatge en la tecnologia digital. Per exemple, en una pantalla HD definida per 1.920 p\u00edxels d\u2019amplada per 1.080 p\u00edxels d\u2019al\u00e7ada, cada p\u00edxel defineix la relaci\u00f3 entre els tres components principals, R (<em>red<\/em>), G (<em>green<\/em>) i B (<em>blue<\/em>), en una escala que va del 0 (abs\u00e8ncia total de llum) al 255 (m\u00e0xima saturaci\u00f3). Com a conseq\u00fc\u00e8ncia, en cada p\u00edxel hi ha una possibilitat de combinaci\u00f3 de 256 possibilitats per cadascun dels tres components, la qual cosa representa m\u00e9s de 16 milions de matisos per cada p\u00edxel. Si ho multipliquem per la quantitat de p\u00edxels que hi ha en una pantalla HD, ens dona una idea de les immenses possibilitats combinat\u00f2ries que abasta el color amb la tecnologia digital\u00bb.<\/p>\n<p>M\u00e9s informaci\u00f3: <a href=\"https:\/\/rafaelrafols.wordpress.com\/tag\/color\/\" target=\"_blank\" rel=\"noopener\">https:\/\/rafaelrafols.wordpress.com\/tag\/color\/<\/a>.<\/p><\/blockquote>\n<p>Per norma general, si el dissenyador ha treballat en format digital, ho haur\u00e0 fet en un espai de color RGB, si el disseny s&#8217;ha de visualitzar per pantalla o en format web podem salvar el document en aquest espai de color. Si, pel contrari, ha d&#8217;anar impr\u00e8s en paper, cart\u00f3, pl\u00e0stic, el que sigui fora de l&#8217;\u00e0mbit digital, haurem de convertir el document en l&#8217;espai de color CMYK. En un canal d&#8217;impressi\u00f3 tamb\u00e9 es pot utilitzar la combinaci\u00f3 d&#8217;aquests tres colors vermell, verd i blau (tricomia) en proporcions del 10%. A partir d&#8217;aquestes combinacions podem obtenir 1.330 matisos i gaireb\u00e9 15.000 si hi afegim el negre.<\/p>\n<p>Per tenir un control m\u00e9s acurat del color, caldr\u00e0 que els monitors i dispositius de sortida (impressora) estiguin calibrats crom\u00e0ticament. Aix\u00f2 ajudar\u00e0, encara que sempre hi haur\u00e0 difer\u00e8ncies.<\/p>\n","protected":false},"excerpt":{"rendered":"<p>Es tracta del model de s\u00edntesi additiva. Amb la combinaci\u00f3 d\u2019aquests tres colors en diferents proporcions obtenim la major part de l\u2019espectre visible. Per exemple, si barregem vermell i verd ens donar\u00e0 el groc; amb el blau i el verd es crea el cian, i el vermell amb el blau, el magenta. En realitat el [&hellip;]<\/p>\n","protected":false},"author":1,"featured_media":0,"parent":0,"menu_order":0,"comment_status":"closed","ping_status":"closed","template":"","meta":{"inline_featured_image":false},"acf":[],"_links":{"self":[{"href":"http:\/\/disseny-test.uoc.edu\/materials\/taller-color\/wp-json\/wp\/v2\/pages\/143"}],"collection":[{"href":"http:\/\/disseny-test.uoc.edu\/materials\/taller-color\/wp-json\/wp\/v2\/pages"}],"about":[{"href":"http:\/\/disseny-test.uoc.edu\/materials\/taller-color\/wp-json\/wp\/v2\/types\/page"}],"author":[{"embeddable":true,"href":"http:\/\/disseny-test.uoc.edu\/materials\/taller-color\/wp-json\/wp\/v2\/users\/1"}],"replies":[{"embeddable":true,"href":"http:\/\/disseny-test.uoc.edu\/materials\/taller-color\/wp-json\/wp\/v2\/comments?post=143"}],"version-history":[{"count":1,"href":"http:\/\/disseny-test.uoc.edu\/materials\/taller-color\/wp-json\/wp\/v2\/pages\/143\/revisions"}],"predecessor-version":[{"id":144,"href":"http:\/\/disseny-test.uoc.edu\/materials\/taller-color\/wp-json\/wp\/v2\/pages\/143\/revisions\/144"}],"wp:attachment":[{"href":"http:\/\/disseny-test.uoc.edu\/materials\/taller-color\/wp-json\/wp\/v2\/media?parent=143"}],"curies":[{"name":"wp","href":"https:\/\/api.w.org\/{rel}","templated":true}]}}