{"id":145,"date":"2019-11-21T17:28:24","date_gmt":"2019-11-21T15:28:24","guid":{"rendered":"http:\/\/disseny-test.uoc.edu\/materials\/taller-color\/?page_id=145"},"modified":"2020-02-20T16:50:42","modified_gmt":"2020-02-20T14:50:42","slug":"4-4-cmyk","status":"publish","type":"page","link":"http:\/\/disseny-test.uoc.edu\/materials\/taller-color\/4-4-cmyk\/","title":{"rendered":"4.4. CMYK"},"content":{"rendered":"<div class=\"featured featured-blue\"><p>Aquest segon model consta dels colors primaris pigment: C (cian), M (magenta) Y (<em>yellow<\/em> o groc) i K (<em>black<\/em>, \u00e9s a dir, negre o <em>key<\/em>).<\/p>\n<\/div>\n<p>Quan barregem cian i magenta creem el <strong>morat<\/strong>; si barregem el magenta i el groc tindrem el<strong> taronja<\/strong>, i si barregem el groc i el cian tindrem el <strong>verd<\/strong>. Tots tres sumats ens donen el negre, el color m\u00e9s fosc o amb menys llum. D\u2019aqu\u00ed que aquest model s\u2019anomena tamb\u00e9 de <em>s\u00edntesi subtractiva<\/em>. A la pr\u00e0ctica, tot i barrejar els tres pigments (cian, magenta i groc) no s\u2019aconsegueixen colors prou foscos. \u00c9s per aquest motiu que als sistemes d\u2019impressi\u00f3 s\u2019hi ha acabat afegint el <strong>negre<\/strong> com a quart element. \u00c9s el model de color que es fa servir per a impremta.<\/p>\n<p>Les imatges impreses en color solen fer-se amb quatre tintes d&#8217;impressi\u00f3 diferents i cada una s&#8217;imprimeix per separat de les altres: cian, magenta, groc i negre. Quatre tintes, una per canal \u2014per a cada capa d&#8217;informaci\u00f3 crom\u00e0tica d&#8217;una imatge, en el cas d&#8217;una imatge en RGB, hi trobem tres canals; en CMYK n&#8217;hi ha quatre i una en blanc i negre d&#8217;un sol canal. Cada tinta correspon a un dels tres colors primaris subtractius i s\u00f3n necessaris per reproduir imatges en color, a m\u00e9s del negre. Amb aquests colors primaris, en el proc\u00e9s de quadricromia, es poden imprimir gaireb\u00e9 tots els colors.<\/p>\n<p>Te\u00f2ricament la combinaci\u00f3 de les tintes CMY pot donar el negre, per\u00f2 a l&#8217;hora de la veritat se n&#8217;utilitza una de negra per obtenir resultats de m\u00e9s profunditat quan s\u2019han de definir contrastos i ombres.<\/p>\n<figure id=\"attachment_146\" aria-describedby=\"caption-attachment-146\" style=\"width: 640px\" class=\"wp-caption aligncenter\"><img loading=\"lazy\" class=\"wp-image-146\" src=\"http:\/\/disseny-test.uoc.edu\/materials\/taller-color\/wp-content\/uploads\/sites\/18\/2020\/02\/PID_00267653_30_cat.jpg\" alt=\"\" width=\"640\" height=\"409\" \/><figcaption id=\"caption-attachment-146\" class=\"wp-caption-text\">Figura 30<br \/>Font: exemple semblant al de G. Ambrose; P. Harris (2006). <em>Color<\/em> (p\u00e0g. 34). Barcelona: Editorial Parramon.<\/figcaption><\/figure>\n<div id=\"gtx-trans\" style=\"position: absolute; left: -13px; top: 862.094px;\">\n<div class=\"gtx-trans-icon\"><\/div>\n<\/div>\n","protected":false},"excerpt":{"rendered":"<p>Quan barregem cian i magenta creem el morat; si barregem el magenta i el groc tindrem el taronja, i si barregem el groc i el cian tindrem el verd. Tots tres sumats ens donen el negre, el color m\u00e9s fosc o amb menys llum. D\u2019aqu\u00ed que aquest model s\u2019anomena tamb\u00e9 de s\u00edntesi subtractiva. A la [&hellip;]<\/p>\n","protected":false},"author":1,"featured_media":0,"parent":0,"menu_order":0,"comment_status":"closed","ping_status":"closed","template":"","meta":{"inline_featured_image":false},"acf":[],"_links":{"self":[{"href":"http:\/\/disseny-test.uoc.edu\/materials\/taller-color\/wp-json\/wp\/v2\/pages\/145"}],"collection":[{"href":"http:\/\/disseny-test.uoc.edu\/materials\/taller-color\/wp-json\/wp\/v2\/pages"}],"about":[{"href":"http:\/\/disseny-test.uoc.edu\/materials\/taller-color\/wp-json\/wp\/v2\/types\/page"}],"author":[{"embeddable":true,"href":"http:\/\/disseny-test.uoc.edu\/materials\/taller-color\/wp-json\/wp\/v2\/users\/1"}],"replies":[{"embeddable":true,"href":"http:\/\/disseny-test.uoc.edu\/materials\/taller-color\/wp-json\/wp\/v2\/comments?post=145"}],"version-history":[{"count":8,"href":"http:\/\/disseny-test.uoc.edu\/materials\/taller-color\/wp-json\/wp\/v2\/pages\/145\/revisions"}],"predecessor-version":[{"id":643,"href":"http:\/\/disseny-test.uoc.edu\/materials\/taller-color\/wp-json\/wp\/v2\/pages\/145\/revisions\/643"}],"wp:attachment":[{"href":"http:\/\/disseny-test.uoc.edu\/materials\/taller-color\/wp-json\/wp\/v2\/media?parent=145"}],"curies":[{"name":"wp","href":"https:\/\/api.w.org\/{rel}","templated":true}]}}