{"id":148,"date":"2019-11-21T17:29:14","date_gmt":"2019-11-21T15:29:14","guid":{"rendered":"http:\/\/disseny-test.uoc.edu\/materials\/taller-color\/?page_id=148"},"modified":"2020-01-23T15:01:18","modified_gmt":"2020-01-23T13:01:18","slug":"4-5-pantone","status":"publish","type":"page","link":"http:\/\/disseny-test.uoc.edu\/materials\/taller-color\/4-5-pantone\/","title":{"rendered":"4.5. Pantone"},"content":{"rendered":"<div class=\"featured featured-blue\"><p>Pantone, en el camp de la impressi\u00f3, t\u00e9 un gran protagonisme quan es necessita un color concret que queda fora de la gamma del model CMYK o RGB. \u00c9s el moment de parlar de <strong>colors directes<\/strong>, que tamb\u00e9 poden ser colors especials, fets a mida, per l&#8217;impressor.<\/p>\n<\/div>\n<p>Els colors directes es fan servir per assegurar que s&#8217;imprimir\u00e0 un color determinat en un disseny, per exemple, perqu\u00e8 \u00e9s imprescindible aconseguir un color concret per a un logotip corporatiu. Els colors especials es perceben amb m\u00e9s intensitat i riquesa, ja que s&#8217;imprimeixen com un color s\u00f2lid en lloc de com un de compost per punts de semitons. A m\u00e9s de garantir la reproducci\u00f3 precisa d&#8217;un color determinat, els colors especials modifiquen la gamma general que es pot produir.<\/p>\n<p>Els colors directes es creen a partir de diversos elements de base barrejats segons una recepta concreta. Les tintes de color directe es poden comprar ja barrejades i a punt per ser utilitzades o es poden crear combinant certes proporcions que el fabricant del color facilita.<\/p>\n<p>Els colors especials tamb\u00e9 poden ser colors fluorescents i met\u00e0l\u00b7lics. Altres sistemes habituals per a la ind\u00fastria, sobretot per a productes industrials com ara radiadors, s\u00f3n les cartes de color RAL.<\/p>\n","protected":false},"excerpt":{"rendered":"<p>Els colors directes es fan servir per assegurar que s&#8217;imprimir\u00e0 un color determinat en un disseny, per exemple, perqu\u00e8 \u00e9s imprescindible aconseguir un color concret per a un logotip corporatiu. Els colors especials es perceben amb m\u00e9s intensitat i riquesa, ja que s&#8217;imprimeixen com un color s\u00f2lid en lloc de com un de compost per [&hellip;]<\/p>\n","protected":false},"author":1,"featured_media":0,"parent":0,"menu_order":0,"comment_status":"closed","ping_status":"closed","template":"","meta":{"inline_featured_image":false},"acf":[],"_links":{"self":[{"href":"http:\/\/disseny-test.uoc.edu\/materials\/taller-color\/wp-json\/wp\/v2\/pages\/148"}],"collection":[{"href":"http:\/\/disseny-test.uoc.edu\/materials\/taller-color\/wp-json\/wp\/v2\/pages"}],"about":[{"href":"http:\/\/disseny-test.uoc.edu\/materials\/taller-color\/wp-json\/wp\/v2\/types\/page"}],"author":[{"embeddable":true,"href":"http:\/\/disseny-test.uoc.edu\/materials\/taller-color\/wp-json\/wp\/v2\/users\/1"}],"replies":[{"embeddable":true,"href":"http:\/\/disseny-test.uoc.edu\/materials\/taller-color\/wp-json\/wp\/v2\/comments?post=148"}],"version-history":[{"count":3,"href":"http:\/\/disseny-test.uoc.edu\/materials\/taller-color\/wp-json\/wp\/v2\/pages\/148\/revisions"}],"predecessor-version":[{"id":467,"href":"http:\/\/disseny-test.uoc.edu\/materials\/taller-color\/wp-json\/wp\/v2\/pages\/148\/revisions\/467"}],"wp:attachment":[{"href":"http:\/\/disseny-test.uoc.edu\/materials\/taller-color\/wp-json\/wp\/v2\/media?parent=148"}],"curies":[{"name":"wp","href":"https:\/\/api.w.org\/{rel}","templated":true}]}}