{"id":155,"date":"2019-11-21T17:35:39","date_gmt":"2019-11-21T15:35:39","guid":{"rendered":"http:\/\/disseny-test.uoc.edu\/materials\/taller-color\/?page_id=155"},"modified":"2020-02-20T16:50:58","modified_gmt":"2020-02-20T14:50:58","slug":"4-6-3-gamma","status":"publish","type":"page","link":"http:\/\/disseny-test.uoc.edu\/materials\/taller-color\/4-6-3-gamma\/","title":{"rendered":"4.6.3. Gamma"},"content":{"rendered":"<p>Fa refer\u00e8ncia a l\u2019espectre visible de l&#8217;ull hum\u00e0 que pot reproduir un sistema, dispositiu o proc\u00e9s concret.<\/p>\n<figure id=\"attachment_257\" aria-describedby=\"caption-attachment-257\" style=\"width: 450px\" class=\"wp-caption aligncenter\"><img loading=\"lazy\" class=\"wp-image-257 size-full\" src=\"http:\/\/disseny-test.uoc.edu\/materials\/taller-color\/wp-content\/uploads\/sites\/18\/2019\/12\/PID_00267653_31.jpg\" alt=\"\" width=\"450\" height=\"601\" srcset=\"http:\/\/disseny-test.uoc.edu\/materials\/taller-color\/wp-content\/uploads\/sites\/18\/2019\/12\/PID_00267653_31.jpg 450w, http:\/\/disseny-test.uoc.edu\/materials\/taller-color\/wp-content\/uploads\/sites\/18\/2019\/12\/PID_00267653_31-225x300.jpg 225w\" sizes=\"(max-width: 450px) 100vw, 450px\" \/><figcaption id=\"caption-attachment-257\" class=\"wp-caption-text\">Figura 31<\/figcaption><\/figure>\n<p>En la ind\u00fastria editorial, els models de color m\u00e9s comuns s\u00f3n RGB i CMYK. Els sistemes d&#8217;impressi\u00f3 del color no poden reproduir la gamma completa de l&#8217;espectre visible de l&#8217;ull hum\u00e0. La gamma RGB \u00e9s capa\u00e7 de representar un setanta per cent d&#8217;aquests colors, per\u00f2 la gamma CMYK en reprodueix menys. A l&#8217;hora de dissenyar hem de ser conscients d&#8217;aquestes limitacions i evitar l&#8217;\u00fas de colors que no poden imprimir-se o preveure que, en cas contrari, hauran de substituir-se per un de m\u00e9s proper i que pot ser diferent a la vista, o es pot optar per fer un color directe o especial, un color s\u00f2lid que es fabricar\u00e0 per assegurar una tonalitat concreta. Amb tot aix\u00f2, per\u00f2, encara podem dir alguna cosa m\u00e9s sobre les dificultats amb qu\u00e8 ens trobarem tot i salvar l&#8217;obstacle de fabricar un color especial, i em refereixo a recuperar el concepte de com l&#8217;ull hum\u00e0 percep els colors. En el subapartat 1.4.2., parl\u00e0vem de la lluminositat: d\u00e8iem que cada superf\u00edcie\/mat\u00e8ria pot emetre o absorbir m\u00e9s o menys llum i, per tant, descompondre-la en colors. Aix\u00f2 implica que percebrem diferents tonalitats d&#8217;un color segons el suport f\u00edsic en qu\u00e8 s&#8217;imprimeixi. \u00c9s clar, doncs, que obtenir resultats id\u00e8ntics del que es descriu en un format digital que podem reproduir f\u00edsicament presenta grans dificultats per la mateixa ess\u00e8ncia del color i, cada vegada que canviem el paper o el suport, es generaran canvis en la percepci\u00f3 de tots els colors.<\/p>\n","protected":false},"excerpt":{"rendered":"<p>Fa refer\u00e8ncia a l\u2019espectre visible de l&#8217;ull hum\u00e0 que pot reproduir un sistema, dispositiu o proc\u00e9s concret. En la ind\u00fastria editorial, els models de color m\u00e9s comuns s\u00f3n RGB i CMYK. Els sistemes d&#8217;impressi\u00f3 del color no poden reproduir la gamma completa de l&#8217;espectre visible de l&#8217;ull hum\u00e0. La gamma RGB \u00e9s capa\u00e7 de representar [&hellip;]<\/p>\n","protected":false},"author":1,"featured_media":0,"parent":0,"menu_order":0,"comment_status":"closed","ping_status":"closed","template":"","meta":{"inline_featured_image":false},"acf":[],"_links":{"self":[{"href":"http:\/\/disseny-test.uoc.edu\/materials\/taller-color\/wp-json\/wp\/v2\/pages\/155"}],"collection":[{"href":"http:\/\/disseny-test.uoc.edu\/materials\/taller-color\/wp-json\/wp\/v2\/pages"}],"about":[{"href":"http:\/\/disseny-test.uoc.edu\/materials\/taller-color\/wp-json\/wp\/v2\/types\/page"}],"author":[{"embeddable":true,"href":"http:\/\/disseny-test.uoc.edu\/materials\/taller-color\/wp-json\/wp\/v2\/users\/1"}],"replies":[{"embeddable":true,"href":"http:\/\/disseny-test.uoc.edu\/materials\/taller-color\/wp-json\/wp\/v2\/comments?post=155"}],"version-history":[{"count":8,"href":"http:\/\/disseny-test.uoc.edu\/materials\/taller-color\/wp-json\/wp\/v2\/pages\/155\/revisions"}],"predecessor-version":[{"id":644,"href":"http:\/\/disseny-test.uoc.edu\/materials\/taller-color\/wp-json\/wp\/v2\/pages\/155\/revisions\/644"}],"wp:attachment":[{"href":"http:\/\/disseny-test.uoc.edu\/materials\/taller-color\/wp-json\/wp\/v2\/media?parent=155"}],"curies":[{"name":"wp","href":"https:\/\/api.w.org\/{rel}","templated":true}]}}