{"id":158,"date":"2019-11-21T17:37:46","date_gmt":"2019-11-21T15:37:46","guid":{"rendered":"http:\/\/disseny-test.uoc.edu\/materials\/taller-color\/?page_id=158"},"modified":"2019-12-31T17:38:48","modified_gmt":"2019-12-31T15:38:48","slug":"5-1-introduccio","status":"publish","type":"page","link":"http:\/\/disseny-test.uoc.edu\/materials\/taller-color\/5-1-introduccio\/","title":{"rendered":"5.1. Introducci\u00f3"},"content":{"rendered":"<blockquote><p>\u00abQui no sap res dels efectes universals i del simbolisme dels colors i es refia nom\u00e9s de la seva intu\u00efci\u00f3 sempre ser\u00e0 aventatjat per aquells que han adquirit coneixements adicionals\u00bb.<\/p>\n<p>Eva Heller (2004). <em>Psicologia del color<\/em> (p\u00e0g. 17). Barcelona: Editorial Gustavo Gili.<\/p><\/blockquote>\n<p>\u00c9s a dir, que podem provocar reaccions emocionals en l&#8217;observador a partir de l&#8217;elecci\u00f3 volunt\u00e0ria i conscient de colors. De tots els autors que han tractat aquest tema, Eva Heller va fer, sens dubte, un dels treballs de recerca amb usuaris m\u00e9s complets: fins a dues mil persones de totes les professions i per tot el territori d&#8217;Alemanya. Els resultats confirmen que, d\u2019entre totes les associacions de colors, es van poder classificar fins a cent seixanta sentiments i impressions diferents. Tamb\u00e9 es va poder establir que aquestes reaccions amb els colors no es donen de manera arbitr\u00e0ria o casual sin\u00f3 que s\u00f3n \u00abexperi\u00e8ncies universals profundament arrelades des de la inf\u00e0ncia en el nostre llenguatge i pensament\u00bb.<\/p>\n<p>En el nostre proc\u00e9s de socialitzaci\u00f3 els colors s\u2019han incorporat al nostre llenguatge i quan els combinem amb altres elements ens ajuden a enviar missatges carregats d\u2019emotivitat:<\/p>\n<table>\n<thead>\n<tr>\n<td width=\"156\">Arma<\/td>\n<td width=\"156\">blanca<\/td>\n<\/tr>\n<\/thead>\n<tbody>\n<tr>\n<td width=\"156\">Dia<\/td>\n<td width=\"156\">gris<\/td>\n<\/tr>\n<tr>\n<td width=\"156\">Ovella<\/td>\n<td width=\"156\">negra<\/td>\n<\/tr>\n<tr>\n<td width=\"156\">Vermell<\/td>\n<td width=\"156\">passi\u00f3<\/td>\n<\/tr>\n<tr>\n<td width=\"156\">Verd<\/td>\n<td width=\"156\">esperan\u00e7a<\/td>\n<\/tr>\n<\/tbody>\n<\/table>\n<div class=\"tablefooter\"><p>Exemple de car\u00e0cter popular sobre colors i significats<\/p>\n<\/div>\n","protected":false},"excerpt":{"rendered":"<p>\u00abQui no sap res dels efectes universals i del simbolisme dels colors i es refia nom\u00e9s de la seva intu\u00efci\u00f3 sempre ser\u00e0 aventatjat per aquells que han adquirit coneixements adicionals\u00bb. Eva Heller (2004). Psicologia del color (p\u00e0g. 17). Barcelona: Editorial Gustavo Gili. \u00c9s a dir, que podem provocar reaccions emocionals en l&#8217;observador a partir de [&hellip;]<\/p>\n","protected":false},"author":1,"featured_media":0,"parent":0,"menu_order":0,"comment_status":"closed","ping_status":"closed","template":"","meta":{"inline_featured_image":false},"acf":[],"_links":{"self":[{"href":"http:\/\/disseny-test.uoc.edu\/materials\/taller-color\/wp-json\/wp\/v2\/pages\/158"}],"collection":[{"href":"http:\/\/disseny-test.uoc.edu\/materials\/taller-color\/wp-json\/wp\/v2\/pages"}],"about":[{"href":"http:\/\/disseny-test.uoc.edu\/materials\/taller-color\/wp-json\/wp\/v2\/types\/page"}],"author":[{"embeddable":true,"href":"http:\/\/disseny-test.uoc.edu\/materials\/taller-color\/wp-json\/wp\/v2\/users\/1"}],"replies":[{"embeddable":true,"href":"http:\/\/disseny-test.uoc.edu\/materials\/taller-color\/wp-json\/wp\/v2\/comments?post=158"}],"version-history":[{"count":3,"href":"http:\/\/disseny-test.uoc.edu\/materials\/taller-color\/wp-json\/wp\/v2\/pages\/158\/revisions"}],"predecessor-version":[{"id":434,"href":"http:\/\/disseny-test.uoc.edu\/materials\/taller-color\/wp-json\/wp\/v2\/pages\/158\/revisions\/434"}],"wp:attachment":[{"href":"http:\/\/disseny-test.uoc.edu\/materials\/taller-color\/wp-json\/wp\/v2\/media?parent=158"}],"curies":[{"name":"wp","href":"https:\/\/api.w.org\/{rel}","templated":true}]}}