{"id":86,"date":"2019-11-21T17:44:29","date_gmt":"2019-11-21T15:44:29","guid":{"rendered":"http:\/\/disseny-test.uoc.edu\/materials\/taller-color\/?page_id=86"},"modified":"2020-01-23T16:07:09","modified_gmt":"2020-01-23T14:07:09","slug":"1-1-introduccio","status":"publish","type":"page","link":"http:\/\/disseny-test.uoc.edu\/materials\/taller-color\/","title":{"rendered":"1.1. Introducci\u00f3"},"content":{"rendered":"<blockquote><p>\u00abQuan s\u2019ha escoltat tot&#8230; quan s\u2019ha llegit tot&#8230; es pot caure en la saturaci\u00f3 si no es posa en pr\u00e0ctica\u00bb.<\/p>\n<p>Madhuban Murli (2018)<\/p><\/blockquote>\n<div class=\"featured featured-blue\"><p>El color \u00e9s un mitj\u00e0 de comunicaci\u00f3 que sovint ens permet no haver d\u2019afegir res m\u00e9s per transmetre una idea, suggerir un estat d&#8217;\u00e0nim o alertar d&#8217;un perill.<\/p>\n<\/div>\n<p>De fet, \u00e9s la primera dada que registrem quan veiem una cosa per primera vegada i, a partir del nostre condicionament cultural, li associarem un primer judici de valor. Aquesta manera de relacionar-nos amb el color ve d&#8217;un aprenentatge ancestral que comen\u00e7a amb l&#8217;associaci\u00f3 de certs colors amb els elements de la natura i el que ens envolta, i que s&#8217;ha anat consolidant dins dels nostres aprenentatges per fer-nos reaccionar de manera instintiva fins a l&#8217;actualitat. Aix\u00ed doncs, el color ens permet representar idees i emocions de manera incomparable i, atesa aquesta singularitat, est\u00e0 estretament lligat a les normes culturals i connotacions d&#8217;\u00fas que es fan en el nostre context, i que varien d&#8217;un punt a l&#8217;altre del planeta.<\/p>\n<p>El color tamb\u00e9 presenta qualitats decoratives i, depenent de la intensitat o de les combinacions que en fem, podem crear composicions que dirigeixin l&#8217;espectador cap a un punt d&#8217;inter\u00e8s concret, que matisin, dilueixin o contrastin diferents conceptes fins a aconseguir, per exemple, dotar-los d&#8217;una visi\u00f3 de conjunt integradora. Tot aix\u00f2 el converteix en una eina molt important per al disseny i la comunicaci\u00f3. \u00c9s per aquest motiu que per poder aplicar el color amb finalitats i objectius precisos cal un coneixement de la teoria del color, els sistemes crom\u00e0tics, els canals de processament o les connotacions simb\u00f2liques que representa. En les properes p\u00e0gines mirarem de desplegar aquest univers acompanyant-lo de la terminologia b\u00e0sica relativa a la teoria del color que ens ha de permetre un llenguatge com\u00fa i comprensiu entre dissenyadors, impressors i clients.<\/p>\n<div id=\"gtx-trans\" style=\"position: absolute; left: 20px; top: 168px;\">\n<div class=\"gtx-trans-icon\"><\/div>\n<\/div>\n","protected":false},"excerpt":{"rendered":"<p>\u00abQuan s\u2019ha escoltat tot&#8230; quan s\u2019ha llegit tot&#8230; es pot caure en la saturaci\u00f3 si no es posa en pr\u00e0ctica\u00bb. Madhuban Murli (2018) De fet, \u00e9s la primera dada que registrem quan veiem una cosa per primera vegada i, a partir del nostre condicionament cultural, li associarem un primer judici de valor. Aquesta manera de [&hellip;]<\/p>\n","protected":false},"author":1,"featured_media":0,"parent":0,"menu_order":0,"comment_status":"closed","ping_status":"closed","template":"","meta":{"inline_featured_image":false},"acf":[],"_links":{"self":[{"href":"http:\/\/disseny-test.uoc.edu\/materials\/taller-color\/wp-json\/wp\/v2\/pages\/86"}],"collection":[{"href":"http:\/\/disseny-test.uoc.edu\/materials\/taller-color\/wp-json\/wp\/v2\/pages"}],"about":[{"href":"http:\/\/disseny-test.uoc.edu\/materials\/taller-color\/wp-json\/wp\/v2\/types\/page"}],"author":[{"embeddable":true,"href":"http:\/\/disseny-test.uoc.edu\/materials\/taller-color\/wp-json\/wp\/v2\/users\/1"}],"replies":[{"embeddable":true,"href":"http:\/\/disseny-test.uoc.edu\/materials\/taller-color\/wp-json\/wp\/v2\/comments?post=86"}],"version-history":[{"count":4,"href":"http:\/\/disseny-test.uoc.edu\/materials\/taller-color\/wp-json\/wp\/v2\/pages\/86\/revisions"}],"predecessor-version":[{"id":470,"href":"http:\/\/disseny-test.uoc.edu\/materials\/taller-color\/wp-json\/wp\/v2\/pages\/86\/revisions\/470"}],"wp:attachment":[{"href":"http:\/\/disseny-test.uoc.edu\/materials\/taller-color\/wp-json\/wp\/v2\/media?parent=86"}],"curies":[{"name":"wp","href":"https:\/\/api.w.org\/{rel}","templated":true}]}}