{"id":91,"date":"2019-11-21T17:45:08","date_gmt":"2019-11-21T15:45:08","guid":{"rendered":"http:\/\/disseny-test.uoc.edu\/materials\/taller-color\/?page_id=91"},"modified":"2020-02-20T16:26:01","modified_gmt":"2020-02-20T14:26:01","slug":"1-3-la-percepcio-del-color","status":"publish","type":"page","link":"http:\/\/disseny-test.uoc.edu\/materials\/taller-color\/1-3-la-percepcio-del-color\/","title":{"rendered":"1.3.1. Introducci\u00f3"},"content":{"rendered":"<p>Els elements f\u00edsics poden tenir la propietat de retenir una part de les longituds d\u2019ona de l\u2019espectre electromagn\u00e8tic que els arriba i de reflectir-ne d\u2019altres. El nostre sistema de percepci\u00f3 visual ens dona la capacitat de recon\u00e8ixer una part d\u2019aquestes longituds d\u2019ona reflectides i, com a resultat d\u2019aquest proc\u00e9s, identifiquem colors que atribu\u00efm a les coses que els reflecteixen.<\/p>\n<p>L\u2019espectre electromagn\u00e8tic \u00e9s molt ampli i va des de les ones de r\u00e0dio, que tenen una llarga longitud d\u2019ona (de la mida d\u2019un edifici), fins a les ones gamma, que tenen una longitud de mida at\u00f2mica. En les ones m\u00e9s llargues, trobem les <strong>ones de r\u00e0dio<\/strong>, les de <strong>microones<\/strong> o els <strong>infrarojos<\/strong>. En les ones curtes trobem els <strong>rajos gamma<\/strong>, els<strong> rajos X<\/strong> i les ones <strong>ultraviolades<\/strong>. Al centre de l\u2019espectre, hi ha una franja molt petita que pot detectar el sistema visual hum\u00e0: la <strong>llum visible<\/strong>.<\/p>\n<figure id=\"attachment_622\" aria-describedby=\"caption-attachment-622\" style=\"width: 988px\" class=\"wp-caption alignnone\"><img loading=\"lazy\" class=\"wp-image-622 size-full\" src=\"http:\/\/disseny-test.uoc.edu\/materials\/taller-color\/wp-content\/uploads\/sites\/18\/2020\/02\/2.png\" alt=\"\" width=\"988\" height=\"406\" srcset=\"http:\/\/disseny-test.uoc.edu\/materials\/taller-color\/wp-content\/uploads\/sites\/18\/2020\/02\/2.png 988w, http:\/\/disseny-test.uoc.edu\/materials\/taller-color\/wp-content\/uploads\/sites\/18\/2020\/02\/2-300x123.png 300w, http:\/\/disseny-test.uoc.edu\/materials\/taller-color\/wp-content\/uploads\/sites\/18\/2020\/02\/2-768x316.png 768w\" sizes=\"(max-width: 988px) 100vw, 988px\" \/><figcaption id=\"caption-attachment-622\" class=\"wp-caption-text\">Figura 2. La percepci\u00f3 del color<\/figcaption><\/figure>\n<p>El sistema de percepci\u00f3 visual de l\u2019esp\u00e8cie humana comen\u00e7a a l\u2019ull. L\u2019ull \u00e9s un conjunt d\u2019\u00f2rgans complexos que funciona amb un mecanisme de reconeixement de patrons de reflexi\u00f3 de llum. La llum s\u00f3n ones que es dispersen amb longituds, freq\u00fc\u00e8ncies i c\u00e0rregues energ\u00e8tiques diferents. <strong>La freq\u00fc\u00e8ncia<\/strong> \u00e9s una mesura de la quantitat d\u2019ones que travessa un punt en un per\u00edode determinat; \u00e9s directament proporcional a la longitud: com m\u00e9s curta \u00e9s una ona, m\u00e9s gran \u00e9s la freq\u00fc\u00e8ncia que t\u00e9. L\u2019energia \u00e9s inversament proporcional a totes dues: com m\u00e9s curta \u00e9s una ona, m\u00e9s gran \u00e9s <strong>l\u2019energia<\/strong> que transporta.<\/p>\n<p>Els objectes, segons la seva constituci\u00f3 at\u00f2mica, retenen una part d\u2019aquestes ones i en reflecteixen unes altres. En funci\u00f3 de les longituds de les ones, els percebem d\u2019un color o d\u2019un altre. Aix\u00f2 inclou, no nom\u00e9s l\u2019objecte, sin\u00f3 tamb\u00e9 el c\u00e0lcul de la posici\u00f3 a l\u2019espai; la dist\u00e0ncia; el moviment respecte a nosaltres; la grand\u00e0ria i el reconeixement d\u2019aspectes rellevants per a la nostra relaci\u00f3 amb aquest objecte. Podr\u00edem dir que el sistema ulls-cervell \u00e9s com una c\u00e0mera de v\u00eddeo: l\u2019ull fa el paper d\u2019objectiu i lent; el cervell, el de disc dur d\u2019emmagatzematge.<\/p>\n","protected":false},"excerpt":{"rendered":"<p>Els elements f\u00edsics poden tenir la propietat de retenir una part de les longituds d\u2019ona de l\u2019espectre electromagn\u00e8tic que els arriba i de reflectir-ne d\u2019altres. El nostre sistema de percepci\u00f3 visual ens dona la capacitat de recon\u00e8ixer una part d\u2019aquestes longituds d\u2019ona reflectides i, com a resultat d\u2019aquest proc\u00e9s, identifiquem colors que atribu\u00efm a les [&hellip;]<\/p>\n","protected":false},"author":1,"featured_media":0,"parent":0,"menu_order":0,"comment_status":"closed","ping_status":"closed","template":"","meta":{"inline_featured_image":false},"acf":[],"_links":{"self":[{"href":"http:\/\/disseny-test.uoc.edu\/materials\/taller-color\/wp-json\/wp\/v2\/pages\/91"}],"collection":[{"href":"http:\/\/disseny-test.uoc.edu\/materials\/taller-color\/wp-json\/wp\/v2\/pages"}],"about":[{"href":"http:\/\/disseny-test.uoc.edu\/materials\/taller-color\/wp-json\/wp\/v2\/types\/page"}],"author":[{"embeddable":true,"href":"http:\/\/disseny-test.uoc.edu\/materials\/taller-color\/wp-json\/wp\/v2\/users\/1"}],"replies":[{"embeddable":true,"href":"http:\/\/disseny-test.uoc.edu\/materials\/taller-color\/wp-json\/wp\/v2\/comments?post=91"}],"version-history":[{"count":7,"href":"http:\/\/disseny-test.uoc.edu\/materials\/taller-color\/wp-json\/wp\/v2\/pages\/91\/revisions"}],"predecessor-version":[{"id":624,"href":"http:\/\/disseny-test.uoc.edu\/materials\/taller-color\/wp-json\/wp\/v2\/pages\/91\/revisions\/624"}],"wp:attachment":[{"href":"http:\/\/disseny-test.uoc.edu\/materials\/taller-color\/wp-json\/wp\/v2\/media?parent=91"}],"curies":[{"name":"wp","href":"https:\/\/api.w.org\/{rel}","templated":true}]}}