{"id":93,"date":"2019-11-21T17:45:26","date_gmt":"2019-11-21T15:45:26","guid":{"rendered":"http:\/\/disseny-test.uoc.edu\/materials\/taller-color\/?page_id=93"},"modified":"2020-02-20T16:28:33","modified_gmt":"2020-02-20T14:28:33","slug":"1-3-2-lull","status":"publish","type":"page","link":"http:\/\/disseny-test.uoc.edu\/materials\/taller-color\/1-3-2-lull\/","title":{"rendered":"1.3.2. L\u2019ull"},"content":{"rendered":"<p>A la part esquerra de l\u2019ull, la pupil\u00b7la es contrau o expandeix en funci\u00f3 de la intensitat de la llum que il\u00b7lumina l\u2019escena: una quantitat escassa ens deixa cecs; una quantitat excessiva, tamb\u00e9. Els rajos travessen diverses capes que els ajusten i els regulen abans d\u2019impactar a la retina, un llen\u00e7ol de teixit nervi\u00f3s que recobreix la part posterior de l\u2019ull.<\/p>\n<p>La retina est\u00e0 composta de diversos tipus de c\u00e8l\u00b7lules. Les m\u00e9s importants per a la captaci\u00f3 de llum s\u00f3n els bastons i els cons, anomenats aix\u00ed per les formes que tenen. Els bastons (vora <strong>100 milions<\/strong>) hi \u00abveuen\u00bb en blanc i negre i s\u00f3n actius en condicions de llum feble, mentre que els cons (<strong>7 milions<\/strong>) s\u00f3n els encarregats de la percepci\u00f3 dels colors, i tenen una precisi\u00f3 m\u00e9s gran.<\/p>\n<p>Els cons, concentrats a la <strong>f\u00f2vea<\/strong>, la regi\u00f3 de m\u00e9s precisi\u00f3, s\u00f3n sensibles a diferents longituds d\u2019ona: n\u2019hi ha que s\u00f3n m\u00e9s receptius a <strong>ones curtes<\/strong> (blaves) i n\u2019hi ha que ho s\u00f3n a <strong>ones llargues<\/strong> (vermells). La combinaci\u00f3 d\u2019activacions de cons dissenyats per percebre longituds d\u2019ones diferents \u00e9s el que origina la percepci\u00f3 de colors derivats.<\/p>\n<p>Cada l\u00ednia d\u2019aquest gr\u00e0fic representa la sensibilitat dels tres tipus de cons presents a la f\u00f2vea. Com m\u00e9s alta \u00e9s la corba, m\u00e9s gran \u00e9s la sensibilitat al color corresponent en la barra inferior. El missatge obvi \u00e9s que la nostra sensibilitat \u00e9s m\u00e9s gran als rajos de llum d\u2019ones mitjanes (blaus clars, verds, taronges) que a ones molt llargues (a la frontera amb els infrarojos) i a ones molt curtes (a la frontera amb els ultraviolats).<\/p>\n<figure id=\"attachment_627\" aria-describedby=\"caption-attachment-627\" style=\"width: 843px\" class=\"wp-caption alignnone\"><img loading=\"lazy\" class=\"wp-image-627 size-full\" src=\"http:\/\/disseny-test.uoc.edu\/materials\/taller-color\/wp-content\/uploads\/sites\/18\/2020\/02\/3.png\" alt=\"\" width=\"843\" height=\"474\" srcset=\"http:\/\/disseny-test.uoc.edu\/materials\/taller-color\/wp-content\/uploads\/sites\/18\/2020\/02\/3.png 843w, http:\/\/disseny-test.uoc.edu\/materials\/taller-color\/wp-content\/uploads\/sites\/18\/2020\/02\/3-300x169.png 300w, http:\/\/disseny-test.uoc.edu\/materials\/taller-color\/wp-content\/uploads\/sites\/18\/2020\/02\/3-768x432.png 768w\" sizes=\"(max-width: 843px) 100vw, 843px\" \/><figcaption id=\"caption-attachment-627\" class=\"wp-caption-text\">Figura 3. La percepci\u00f3 del color<\/figcaption><\/figure>\n<p>Si posem un text blau sobre fons negre, ens ser\u00e0 molt dif\u00edcil de llegir. El negre no estimula cap receptor, les superf\u00edcies negres no reflecteixen llum, sin\u00f3 que n\u2019absorbeixen, i el blau estimula un \u00fanic tipus de cons que, per desgr\u00e0cia, s\u00f3n molt menys sensibles que els que detecten tons taronges. Per aix\u00f2 el text de la dreta destaca m\u00e9s i \u00e9s molt m\u00e9s llegible.<\/p>\n<p>L\u2019evoluci\u00f3 ens ha dotat d\u2019algunes defenses contra les ones curtes de llum. Una d\u2019aquestes defenses \u00e9s la c\u00f2rnia, la capa externa de l\u2019ull, que t\u00e9 una tonalitat groguenca. Com a conseq\u00fc\u00e8ncia d\u2019aix\u00f2, absorbeix llum d\u2019ona curta i deixa passar la d\u2019ona llarga fins a la retina.<\/p>\n<figure id=\"attachment_628\" aria-describedby=\"caption-attachment-628\" style=\"width: 790px\" class=\"wp-caption alignnone\"><img loading=\"lazy\" class=\"wp-image-628 size-full\" src=\"http:\/\/disseny-test.uoc.edu\/materials\/taller-color\/wp-content\/uploads\/sites\/18\/2020\/02\/4.png\" alt=\"\" width=\"790\" height=\"425\" srcset=\"http:\/\/disseny-test.uoc.edu\/materials\/taller-color\/wp-content\/uploads\/sites\/18\/2020\/02\/4.png 790w, http:\/\/disseny-test.uoc.edu\/materials\/taller-color\/wp-content\/uploads\/sites\/18\/2020\/02\/4-300x161.png 300w, http:\/\/disseny-test.uoc.edu\/materials\/taller-color\/wp-content\/uploads\/sites\/18\/2020\/02\/4-768x413.png 768w\" sizes=\"(max-width: 790px) 100vw, 790px\" \/><figcaption id=\"caption-attachment-628\" class=\"wp-caption-text\">Figura 4. La percepci\u00f3 del color<\/figcaption><\/figure>\n<p>A mesura que envellim, la c\u00f2rnia es torna m\u00e9s i m\u00e9s groga, de manera que disminueix la nostra sensibilitat als blaus i violetes. Si es dissenya un mapa per a lectors d\u2019edat avan\u00e7ada, val m\u00e9s deixar de banda els blaus (esquerra) i optar per vermells o verds (dreta).<\/p>\n<figure id=\"attachment_629\" aria-describedby=\"caption-attachment-629\" style=\"width: 999px\" class=\"wp-caption alignnone\"><img loading=\"lazy\" class=\"wp-image-629 size-full\" src=\"http:\/\/disseny-test.uoc.edu\/materials\/taller-color\/wp-content\/uploads\/sites\/18\/2020\/02\/5a.png\" alt=\"\" width=\"999\" height=\"408\" srcset=\"http:\/\/disseny-test.uoc.edu\/materials\/taller-color\/wp-content\/uploads\/sites\/18\/2020\/02\/5a.png 999w, http:\/\/disseny-test.uoc.edu\/materials\/taller-color\/wp-content\/uploads\/sites\/18\/2020\/02\/5a-300x123.png 300w, http:\/\/disseny-test.uoc.edu\/materials\/taller-color\/wp-content\/uploads\/sites\/18\/2020\/02\/5a-768x314.png 768w\" sizes=\"(max-width: 999px) 100vw, 999px\" \/><figcaption id=\"caption-attachment-629\" class=\"wp-caption-text\">Figura 5. La percepci\u00f3 del color<\/figcaption><\/figure>\n<div id=\"gtx-trans\" style=\"position: absolute; left: -10px; top: 1825.89px;\">\n<div class=\"gtx-trans-icon\"><\/div>\n<\/div>\n","protected":false},"excerpt":{"rendered":"<p>A la part esquerra de l\u2019ull, la pupil\u00b7la es contrau o expandeix en funci\u00f3 de la intensitat de la llum que il\u00b7lumina l\u2019escena: una quantitat escassa ens deixa cecs; una quantitat excessiva, tamb\u00e9. Els rajos travessen diverses capes que els ajusten i els regulen abans d\u2019impactar a la retina, un llen\u00e7ol de teixit nervi\u00f3s que [&hellip;]<\/p>\n","protected":false},"author":1,"featured_media":0,"parent":0,"menu_order":0,"comment_status":"closed","ping_status":"closed","template":"","meta":{"inline_featured_image":false},"acf":[],"_links":{"self":[{"href":"http:\/\/disseny-test.uoc.edu\/materials\/taller-color\/wp-json\/wp\/v2\/pages\/93"}],"collection":[{"href":"http:\/\/disseny-test.uoc.edu\/materials\/taller-color\/wp-json\/wp\/v2\/pages"}],"about":[{"href":"http:\/\/disseny-test.uoc.edu\/materials\/taller-color\/wp-json\/wp\/v2\/types\/page"}],"author":[{"embeddable":true,"href":"http:\/\/disseny-test.uoc.edu\/materials\/taller-color\/wp-json\/wp\/v2\/users\/1"}],"replies":[{"embeddable":true,"href":"http:\/\/disseny-test.uoc.edu\/materials\/taller-color\/wp-json\/wp\/v2\/comments?post=93"}],"version-history":[{"count":6,"href":"http:\/\/disseny-test.uoc.edu\/materials\/taller-color\/wp-json\/wp\/v2\/pages\/93\/revisions"}],"predecessor-version":[{"id":631,"href":"http:\/\/disseny-test.uoc.edu\/materials\/taller-color\/wp-json\/wp\/v2\/pages\/93\/revisions\/631"}],"wp:attachment":[{"href":"http:\/\/disseny-test.uoc.edu\/materials\/taller-color\/wp-json\/wp\/v2\/media?parent=93"}],"curies":[{"name":"wp","href":"https:\/\/api.w.org\/{rel}","templated":true}]}}