{"id":99,"date":"2019-11-21T17:46:03","date_gmt":"2019-11-21T15:46:03","guid":{"rendered":"http:\/\/disseny-test.uoc.edu\/materials\/taller-color\/?page_id=99"},"modified":"2020-02-21T14:11:25","modified_gmt":"2020-02-21T12:11:25","slug":"1-4-2-la-lluminositat","status":"publish","type":"page","link":"http:\/\/disseny-test.uoc.edu\/materials\/taller-color\/1-4-2-la-lluminositat\/","title":{"rendered":"1.4.2. La lluminositat"},"content":{"rendered":"<p>La sensaci\u00f3 d&#8217;il\u00b7luminaci\u00f3 \u00e9s el primer que percebem i \u00e9s la base del fenomen que implica la visi\u00f3. Per altra banda, ens trobem que la llum nom\u00e9s \u00e9s visible quan \u00e9s absorbida i, en part, descomposta\/rebotada per la mat\u00e8ria. Aix\u00ed doncs, captem la llum a partir de la il\u00b7luminaci\u00f3 dels objectes que ens envolten i, per tant, la percebem en ells quan ens s\u00f3n visibles. Podem dir que el concepte de <em>lluminositat<\/em> va directament relacionat amb la capacitat que una superf\u00edcie\/mat\u00e8ria sembla emetre o absorbir m\u00e9s o menys llum, \u00e9s a dir, la quantitat de llum que reflecteix la mat\u00e8ria determina el color que veiem. En termes de lluminositat, brillantor o valor \u2013per alguns autors\u2013, els colors es poden dividir en clars i foscos depenent de la quantitat de blanc o negre que afegim al color pur. Si li afegim negre, el color guanyar\u00e0 contrast, s&#8217;enfosquir\u00e0 i s&#8217;apagar\u00e0 la intensitat crom\u00e0tica.<\/p>\n<figure id=\"attachment_632\" aria-describedby=\"caption-attachment-632\" style=\"width: 560px\" class=\"wp-caption aligncenter\"><img loading=\"lazy\" class=\"wp-image-632 size-full\" src=\"http:\/\/disseny-test.uoc.edu\/materials\/taller-color\/wp-content\/uploads\/sites\/18\/2020\/02\/PID_00267653_8-1.jpg\" alt=\"\" width=\"560\" height=\"263\" srcset=\"http:\/\/disseny-test.uoc.edu\/materials\/taller-color\/wp-content\/uploads\/sites\/18\/2020\/02\/PID_00267653_8-1.jpg 560w, http:\/\/disseny-test.uoc.edu\/materials\/taller-color\/wp-content\/uploads\/sites\/18\/2020\/02\/PID_00267653_8-1-300x141.jpg 300w\" sizes=\"(max-width: 560px) 100vw, 560px\" \/><figcaption id=\"caption-attachment-632\" class=\"wp-caption-text\">Figura 7<br \/>Font: Jorrit Tornquist (2008). <em>Color y luz: Teor\u00eda y pr\u00e1ctica<\/em>. GG Barcelona.<\/figcaption><\/figure>\n<p>Crearem escales monocrom\u00e0tiques quan afegim, a un dels colors primaris, secundaris o terciaris del cercle crom\u00e0tic o blanc \u2013considerant llum\u2013, un to gris, o negre \u2013considerant ombra\u2013. Aquestes escales reproduiran una transici\u00f3 tonal harm\u00f2nica en forma de degradat. Dins d&#8217;aquesta progressi\u00f3 gradual de lluminositat, ens trobarem diferents graus de saturaci\u00f3 del color inicial i diferents graus de lluminositat que no hem de confondre, ja que s\u00f3n conceptes independents.<\/p>\n<p>Per avaluar com la percepci\u00f3 dels colors i el que ens envolta pot modificar la lluminositat, comentarem alguns exemples que sovint trobem com un recurs pict\u00f2ric i de disseny:<\/p>\n<ul>\n<li><strong>Lluminositat directa<\/strong>: produeix un contrast gran i defineix ombres ben marcades. Els objectes guanyen en definici\u00f3 i detall. Paral\u00b7lelament a la lluminositat, caldr\u00e0 fer servir colors saturats per equilibrar el contrast; aix\u00ed obtindrem un resultat en el conjunt que desprendr\u00e0 una atmosfera clara i intensa.<\/li>\n<\/ul>\n<figure id=\"attachment_633\" aria-describedby=\"caption-attachment-633\" style=\"width: 518px\" class=\"wp-caption aligncenter\"><img loading=\"lazy\" class=\"wp-image-633 size-full\" src=\"http:\/\/disseny-test.uoc.edu\/materials\/taller-color\/wp-content\/uploads\/sites\/18\/2020\/02\/PID_00267653_9-1.jpg\" alt=\"\" width=\"518\" height=\"252\" srcset=\"http:\/\/disseny-test.uoc.edu\/materials\/taller-color\/wp-content\/uploads\/sites\/18\/2020\/02\/PID_00267653_9-1.jpg 518w, http:\/\/disseny-test.uoc.edu\/materials\/taller-color\/wp-content\/uploads\/sites\/18\/2020\/02\/PID_00267653_9-1-300x146.jpg 300w\" sizes=\"(max-width: 518px) 100vw, 518px\" \/><figcaption id=\"caption-attachment-633\" class=\"wp-caption-text\">Figura 8<br \/>Font: Jorrit Tornquist (2008). <em>Color y luz: Teor\u00eda y pr\u00e1ctica<\/em>. GG Barcelona.<\/figcaption><\/figure>\n<ul>\n<li><strong>Il\u00b7luminaci\u00f3 difusa<\/strong>: amb aquesta mena d&#8217;il\u00b7luminaci\u00f3 es produeixen ombres de contorns difuminats i, com m\u00e9s allargades i \u00e0mplies s\u00f3n, m\u00e9s desapareixen els contorns i tot queda m\u00e9s difuminat fins que sembla desapar\u00e8ixer. Un efecte que podr\u00edem comparar amb el de la l\u00ednia de l&#8217;horitz\u00f3 entre el cel i el mar. D&#8217;aquesta aproximaci\u00f3 lum\u00ednica, n\u2019obtindrem resultats oposats als de la lluminositat directa: poc contrast de claredat i, per tan poca definici\u00f3 i detall, ens donar\u00e0 un resultat en el conjunt de suspensi\u00f3, d&#8217;immaterialitat. L&#8217;ull no trobar\u00e0 un punt de suport concret on sostenir-se.<\/li>\n<\/ul>\n<div class=\"mceTemp\"><\/div>\n<p>Modificar la lluminositat ens pot generar un canvi en la percepci\u00f3 d&#8217;un color. Aquest fenomen \u00e9s tan cert que Tornquist \u2013artista i autor te\u00f2ric del color\u2013 afirma:<\/p>\n<blockquote><p>\u00abLa veritat \u00e9s relativa al context\u00bb.<\/p>\n<p>Tornquist (2008)<\/p><\/blockquote>\n<div class=\"featured featured-grey\"><\/p>\n<p><strong>Exemple<\/strong><\/p>\n<p>Fem una prova amb un fons de degradats de grisos que s&#8217;inici\u00ef en el color negre i acabi en el blanc. Ara fem uns quadrats amb una tonalitat grisa, idealment de la part central del nostre degradat. Distribu\u00efm aquests quadrats per sobre del nostre degradat i podrem observar que el mateix color gris de la mostra transforma la seva aparen\u00e7a o, dit d&#8217;una altra manera, el que es percep no \u00e9s el que es veu.<\/p>\n<figure id=\"attachment_100\" aria-describedby=\"caption-attachment-100\" style=\"width: 550px\" class=\"wp-caption aligncenter\"><img loading=\"lazy\" class=\"wp-image-100\" src=\"http:\/\/disseny-test.uoc.edu\/materials\/taller-color\/wp-content\/uploads\/sites\/18\/2019\/11\/PID_00267653_10.jpg\" alt=\"\" width=\"550\" height=\"167\" srcset=\"http:\/\/disseny-test.uoc.edu\/materials\/taller-color\/wp-content\/uploads\/sites\/18\/2019\/11\/PID_00267653_10.jpg 455w, http:\/\/disseny-test.uoc.edu\/materials\/taller-color\/wp-content\/uploads\/sites\/18\/2019\/11\/PID_00267653_10-300x91.jpg 300w\" sizes=\"(max-width: 550px) 100vw, 550px\" \/><figcaption id=\"caption-attachment-100\" class=\"wp-caption-text\">Figura 9<br \/>Font: elaboraci\u00f3 pr\u00f2pia a partir de la lectura de Jorrit Tornquist (2008). <em>Color y luz: Teor\u00eda y pr\u00e1ctica<\/em>. GG Barcelona.<\/figcaption><\/figure>\n<p>\n<\/div>\n","protected":false},"excerpt":{"rendered":"<p>La sensaci\u00f3 d&#8217;il\u00b7luminaci\u00f3 \u00e9s el primer que percebem i \u00e9s la base del fenomen que implica la visi\u00f3. Per altra banda, ens trobem que la llum nom\u00e9s \u00e9s visible quan \u00e9s absorbida i, en part, descomposta\/rebotada per la mat\u00e8ria. Aix\u00ed doncs, captem la llum a partir de la il\u00b7luminaci\u00f3 dels objectes que ens envolten i, [&hellip;]<\/p>\n","protected":false},"author":1,"featured_media":0,"parent":0,"menu_order":0,"comment_status":"closed","ping_status":"closed","template":"","meta":{"inline_featured_image":false},"acf":[],"_links":{"self":[{"href":"http:\/\/disseny-test.uoc.edu\/materials\/taller-color\/wp-json\/wp\/v2\/pages\/99"}],"collection":[{"href":"http:\/\/disseny-test.uoc.edu\/materials\/taller-color\/wp-json\/wp\/v2\/pages"}],"about":[{"href":"http:\/\/disseny-test.uoc.edu\/materials\/taller-color\/wp-json\/wp\/v2\/types\/page"}],"author":[{"embeddable":true,"href":"http:\/\/disseny-test.uoc.edu\/materials\/taller-color\/wp-json\/wp\/v2\/users\/1"}],"replies":[{"embeddable":true,"href":"http:\/\/disseny-test.uoc.edu\/materials\/taller-color\/wp-json\/wp\/v2\/comments?post=99"}],"version-history":[{"count":14,"href":"http:\/\/disseny-test.uoc.edu\/materials\/taller-color\/wp-json\/wp\/v2\/pages\/99\/revisions"}],"predecessor-version":[{"id":656,"href":"http:\/\/disseny-test.uoc.edu\/materials\/taller-color\/wp-json\/wp\/v2\/pages\/99\/revisions\/656"}],"wp:attachment":[{"href":"http:\/\/disseny-test.uoc.edu\/materials\/taller-color\/wp-json\/wp\/v2\/media?parent=99"}],"curies":[{"name":"wp","href":"https:\/\/api.w.org\/{rel}","templated":true}]}}