{"id":103,"date":"2018-11-14T15:07:11","date_gmt":"2018-11-14T13:07:11","guid":{"rendered":"http:\/\/disseny-test.uoc.edu\/materials\/tfg\/?page_id=103"},"modified":"2019-01-10T16:36:55","modified_gmt":"2019-01-10T14:36:55","slug":"3-4-4-consideraciones-adicionales-sobre-el-diseno-y-la-ejecucion-en-un-tfg","status":"publish","type":"page","link":"http:\/\/disseny-test.uoc.edu\/materials\/tfg\/es\/3-4-4-consideraciones-adicionales-sobre-el-diseno-y-la-ejecucion-en-un-tfg\/","title":{"rendered":"3.4.2. Posibles puntos adicionales"},"content":{"rendered":"<h3>3.4.2.3. Consideraciones adicionales sobre el dise\u00f1o y la ejecuci\u00f3n en un TFG<\/h3>\n<p><strong>Dise\u00f1o<\/strong><\/p>\n<p>Imaginemos que vuestro TFG gira en torno al desarrollo de una interfaz gr\u00e1fica, por ejemplo: la fase de dise\u00f1o ser\u00eda entonces el momento de crear visualmente la interfaz despu\u00e9s de tener listo el \u00abesqueleto\u00bb, la \u00abpersona\u00bb y, tal vez, el <em>customer user journey<\/em>. Tendr\u00e9is que centraros en el <strong><em>look &amp; feel<\/em> de la l\u00ednea gr\u00e1fica<\/strong>: hay que convertir el prototipo en una maqueta gr\u00e1fica, dando vida a los <em>wireframes<\/em> con nuestro estilo y nuestra marca. Si no ten\u00e9is tiempo de dise\u00f1ar todos los apartados de vuestro proyecto, por lo menos escoged algo representativo. Por ejemplo, la <em>home<\/em> y algunas p\u00e1ginas principales de vuestra p\u00e1gina web, en caso de que se trate de un proyecto web o las principales secciones de una app. Si os est\u00e1is ocupando de una imagen corporativa, pod\u00e9is mostrar distintas aplicaciones a distintos medios.<\/p>\n<p>Cabe mencionar que es hora de sacar a relucir vuestras dotes imaginativas y creativas: cu\u00e1nto m\u00e1s original sea el resultado y m\u00e1s alejado de las convencionalidades, m\u00e1s podr\u00e9is destacar ante el tribunal evaluador.<\/p>\n<p><strong>Ejecuci\u00f3n<\/strong><\/p>\n<p>Hay que hacer hincapi\u00e9 en que la simplicidad y usabilidad es una de las metas de la navegaci\u00f3n del proyecto (ya sea una app o web) y debe responder a las bases de la funcionalidad: todas las acciones e interacciones que hagan falta para que un usuario consiga su objetivo deber\u00edan traducirse en funciones que debe tener la aplicaci\u00f3n.<\/p>\n<p>Aqu\u00ed deber\u00e9is representar realmente c\u00f3mo se va a interaccionar con vuestro proyecto: si es necesario, tendr\u00e9is que programar, maquetar o dar vida a trav\u00e9s de v\u00eddeos o fotograf\u00eda, imprimir&#8230; Dependiendo de la naturaleza del proyecto, la ejecuci\u00f3n ir\u00e1 en una direcci\u00f3n o en otra. Los consultores os ir\u00e1n guiando para que llegu\u00e9is con \u00e9xito a este punto \u00e1lgido del proceso.<\/p>\n<p>Recordad que esta fase es donde aplican la mayor\u00eda de las t\u00e9cnicas vistas en el grado, en mayor o menor medida seg\u00fan el proyecto que elij\u00e1is, y que, con diferencia, es la fase que os llevar\u00e1 m\u00e1s tiempo de todo el trabajo.<\/p>\n","protected":false},"excerpt":{"rendered":"<p>3.4.2.3. Consideraciones adicionales sobre el dise\u00f1o y la ejecuci\u00f3n en un TFG Dise\u00f1o Imaginemos que vuestro TFG gira en torno al desarrollo de una interfaz gr\u00e1fica, por ejemplo: la fase de dise\u00f1o ser\u00eda entonces el momento de crear visualmente la interfaz despu\u00e9s de tener listo el \u00abesqueleto\u00bb, la \u00abpersona\u00bb y, tal vez, el customer user [&hellip;]<\/p>\n","protected":false},"author":1,"featured_media":0,"parent":0,"menu_order":0,"comment_status":"closed","ping_status":"closed","template":"","meta":{"inline_featured_image":false},"acf":[],"_links":{"self":[{"href":"http:\/\/disseny-test.uoc.edu\/materials\/tfg\/es\/wp-json\/wp\/v2\/pages\/103"}],"collection":[{"href":"http:\/\/disseny-test.uoc.edu\/materials\/tfg\/es\/wp-json\/wp\/v2\/pages"}],"about":[{"href":"http:\/\/disseny-test.uoc.edu\/materials\/tfg\/es\/wp-json\/wp\/v2\/types\/page"}],"author":[{"embeddable":true,"href":"http:\/\/disseny-test.uoc.edu\/materials\/tfg\/es\/wp-json\/wp\/v2\/users\/1"}],"replies":[{"embeddable":true,"href":"http:\/\/disseny-test.uoc.edu\/materials\/tfg\/es\/wp-json\/wp\/v2\/comments?post=103"}],"version-history":[{"count":4,"href":"http:\/\/disseny-test.uoc.edu\/materials\/tfg\/es\/wp-json\/wp\/v2\/pages\/103\/revisions"}],"predecessor-version":[{"id":329,"href":"http:\/\/disseny-test.uoc.edu\/materials\/tfg\/es\/wp-json\/wp\/v2\/pages\/103\/revisions\/329"}],"wp:attachment":[{"href":"http:\/\/disseny-test.uoc.edu\/materials\/tfg\/es\/wp-json\/wp\/v2\/media?parent=103"}],"curies":[{"name":"wp","href":"https:\/\/api.w.org\/{rel}","templated":true}]}}