{"id":107,"date":"2018-11-14T15:11:31","date_gmt":"2018-11-14T13:11:31","guid":{"rendered":"http:\/\/disseny-test.uoc.edu\/materials\/tfg\/?page_id=107"},"modified":"2018-11-21T14:02:08","modified_gmt":"2018-11-21T12:02:08","slug":"3-6-presentacion-y-defensa","status":"publish","type":"page","link":"http:\/\/disseny-test.uoc.edu\/materials\/tfg\/es\/3-6-presentacion-y-defensa\/","title":{"rendered":"3.6. Presentaci\u00f3n y defensa"},"content":{"rendered":"<p>Paralelamente a la memoria y dado el car\u00e1cter acad\u00e9mico del TFG, este tambi\u00e9n es evaluado de una manera algo distinta al resto de las asignaturas que habr\u00e9is cursado hasta el momento. La presentaci\u00f3n y la defensa del trabajo cuenta con dos partes: la presentaci\u00f3n y las preguntas del tribunal.<\/p>\n<p><strong>Presentaci\u00f3n<\/strong><\/p>\n<p>El estudiante har\u00e1 una presentaci\u00f3n en la que se resuma en unos veinte minutos los aspectos m\u00e1s importantes del TFG. Esta presentaci\u00f3n la podr\u00e9is grabar donde quer\u00e1is y tendr\u00e9is que mandar un enlace a un v\u00eddeo o un archivo adjunto.<\/p>\n<p>\u00bfC\u00f3mo hacer un buen v\u00eddeo presentaci\u00f3n?<\/p>\n<ul>\n<li>Presentaros a vosotros y a vuestro trabajo.<\/li>\n<li>Demostrad conocimiento del tema, sed sint\u00e9ticos e id al grano.<\/li>\n<li>El contenido clave y fundamental de la exposici\u00f3n debe ser el siguiente:\n<ul>\n<li>Objeto, objetivos, metodolog\u00eda, justificaci\u00f3n y estructura del trabajo.<\/li>\n<li>Ideas principales del trabajo.<\/li>\n<li>Conclusiones m\u00e1s significativas y m\u00e1s interesantes del trabajo (tambi\u00e9n sus l\u00edmites y sus principales puntos fuertes).<\/li>\n<\/ul>\n<\/li>\n<li>Se pueden usar notas: solo como apoyo pod\u00e9is ayudaros de un Power Point o cualquier otra herramienta, o incluso de papel, pero no para leer o recitar.<\/li>\n<li>Intentad no estar nerviosos y, antes de grabaros finalmente, ensayad mucho y con el cron\u00f3metro a mano.<\/li>\n<li>Haceos un guion.<\/li>\n<li>No le\u00e1is, transmitid seguridad.<\/li>\n<li>Hablad sin pausa, pero sin prisa y con claridad.<\/li>\n<\/ul>\n<p><strong>Preguntas del tribunal<\/strong><\/p>\n<p>A finales del semestre, durante el periodo que se concretar\u00e1 m\u00e1s adelante, el estudiante tendr\u00e1 que responder a unas cuantas preguntas y cuestiones que le har\u00e1 un tribunal formado por dos o tres personas.<\/p>\n","protected":false},"excerpt":{"rendered":"<p>Paralelamente a la memoria y dado el car\u00e1cter acad\u00e9mico del TFG, este tambi\u00e9n es evaluado de una manera algo distinta al resto de las asignaturas que habr\u00e9is cursado hasta el momento. La presentaci\u00f3n y la defensa del trabajo cuenta con dos partes: la presentaci\u00f3n y las preguntas del tribunal. Presentaci\u00f3n El estudiante har\u00e1 una presentaci\u00f3n [&hellip;]<\/p>\n","protected":false},"author":1,"featured_media":0,"parent":0,"menu_order":0,"comment_status":"closed","ping_status":"closed","template":"","meta":{"inline_featured_image":false},"acf":[],"_links":{"self":[{"href":"http:\/\/disseny-test.uoc.edu\/materials\/tfg\/es\/wp-json\/wp\/v2\/pages\/107"}],"collection":[{"href":"http:\/\/disseny-test.uoc.edu\/materials\/tfg\/es\/wp-json\/wp\/v2\/pages"}],"about":[{"href":"http:\/\/disseny-test.uoc.edu\/materials\/tfg\/es\/wp-json\/wp\/v2\/types\/page"}],"author":[{"embeddable":true,"href":"http:\/\/disseny-test.uoc.edu\/materials\/tfg\/es\/wp-json\/wp\/v2\/users\/1"}],"replies":[{"embeddable":true,"href":"http:\/\/disseny-test.uoc.edu\/materials\/tfg\/es\/wp-json\/wp\/v2\/comments?post=107"}],"version-history":[{"count":3,"href":"http:\/\/disseny-test.uoc.edu\/materials\/tfg\/es\/wp-json\/wp\/v2\/pages\/107\/revisions"}],"predecessor-version":[{"id":277,"href":"http:\/\/disseny-test.uoc.edu\/materials\/tfg\/es\/wp-json\/wp\/v2\/pages\/107\/revisions\/277"}],"wp:attachment":[{"href":"http:\/\/disseny-test.uoc.edu\/materials\/tfg\/es\/wp-json\/wp\/v2\/media?parent=107"}],"curies":[{"name":"wp","href":"https:\/\/api.w.org\/{rel}","templated":true}]}}