{"id":109,"date":"2018-11-14T15:13:11","date_gmt":"2018-11-14T13:13:11","guid":{"rendered":"http:\/\/disseny-test.uoc.edu\/materials\/tfg\/?page_id=109"},"modified":"2019-01-09T18:04:22","modified_gmt":"2019-01-09T16:04:22","slug":"4-recomendaciones-finales","status":"publish","type":"page","link":"http:\/\/disseny-test.uoc.edu\/materials\/tfg\/es\/4-recomendaciones-finales\/","title":{"rendered":"4. Recomendaciones finales"},"content":{"rendered":"<p>A continuaci\u00f3n aportamos unas recomendaciones generales para la redacci\u00f3n del TFG, especialmente para la elaboraci\u00f3n de una memoria de calidad, bien documentada y que refleje y justifique vuestro TFG.<\/p>\n<p><strong>Adecuaci\u00f3n y lenguaje<\/strong><\/p>\n<p>Aseguraos de que el texto sigue un orden l\u00f3gico. Dividirlo en tres partes suele ayudar: <strong>introducci\u00f3n<\/strong> (presentaci\u00f3n del tema, objetivo, justificaci\u00f3n, contexto y metodolog\u00eda), <strong>desarrollo<\/strong> (dise\u00f1o y ejecuci\u00f3n) y <strong>conclusiones<\/strong>. Utilizad un lenguaje formal y neutro. No olvid\u00e9is que un TFG es un trabajo acad\u00e9mico que puede ser incluso divulgado posteriormente; por tanto, habr\u00eda que ser riguroso en su escritura.<\/p>\n<p>Hay que adecuar el texto a cierto grado de formalidad a partir de la forma impersonal o de la primera persona del plural, y mantenerla a lo largo de todo el trabajo. Tambi\u00e9n hay que adecuar el texto al objetivo comunicativo y al conocimiento que la audiencia pueda tener sobre el tema.<\/p>\n<p><strong>L\u00e9xico<\/strong><\/p>\n<p>Hay que garantizar que el l\u00e9xico sea genuino, completo, variado y que transmita vuestro saber acerca de la materia y del trabajo, siempre teniendo en cuenta el destinatario, el objetivo del trabajo y su formalidad. Usad la terminolog\u00eda de vuestra materia, sed rigurosos y precisos, y no deis sensaci\u00f3n de ambig\u00fcedad o de asunciones gen\u00e9ricas. Por otro lado, usad un lenguaje siempre respetuoso y justo en relaci\u00f3n con la igualdad.<\/p>\n<p><strong>Revisi\u00f3n<\/strong><\/p>\n<p>Es muy importante que la gram\u00e1tica y la ortograf\u00eda sean impecables y que vuestro TFG no tenga errores de picado. Reposad el texto y haced una revisi\u00f3n visual global (tipo de letra, t\u00edtulo, paginaci\u00f3n, interlineado, espacios en blanco que sobran) y tambi\u00e9n una revisi\u00f3n gr\u00e1fica. Revisad bien la ortograf\u00eda, la puntuaci\u00f3n, la sintaxis, los conectores, la estructura global y los p\u00e1rrafos, el estilo, el sentido y las convenciones del texto (abreviaciones, s\u00edmbolos, cifras, el uso no sexista de la lengua, e igualitario, las may\u00fasculas, min\u00fasculas, citaciones y referencias).<\/p>\n<p><strong>Bibliograf\u00eda<\/strong><\/p>\n<p>Hay que hacer referencias respecto de d\u00f3nde viene cualquier informaci\u00f3n que no sea original del autor del trabajo, tanto si son citaciones literales como si se parafrasean. Siempre es buena idea, y lo recomendamos, combinar las citaciones con reflexiones genuinas y bien argumentadas.<\/p>\n<p>Tened siempre a mano los recursos de citaci\u00f3n bibliogr\u00e1fica que provee la UOC y usarlos de modelo. Sobre todo en la memoria ten\u00e9is que incluir una bibliograf\u00eda detallada; pero, si en alg\u00fan momento del texto ten\u00e9is que citar alg\u00fan autor, recordad hacerlo bajo las <a href=\"https:\/\/www.uoc.edu\/portal\/_resources\/CA\/documents\/recursos-linguistics\/guia-practica-de-espanol-20160908.pdf\" target=\"_blank\" rel=\"noopener\">convenciones bibliogr\u00e1ficas de la UOC<\/a>.<\/p>\n<p><strong>Consejos de <em>bonus track<\/em><\/strong><\/p>\n<ul>\n<li>Buscad y comparad distintas fuentes.<\/li>\n<li>\u00bfQu\u00e9 se ha hecho antes? Cread una librer\u00eda de ejemplos de trabajos\/proyectos que tienen relaci\u00f3n con el vuestro. La idea no es tener un gran volumen de material y de referencias simplemente por tenerlas, pero es importante que os tom\u00e9is el tiempo de investigar lo que se puede aplicar y lo que no a vuestro TFG.<\/li>\n<li>No subestim\u00e9is el poder de la planificaci\u00f3n: el \u00e9xito de vuestro TFG depender\u00e1 de ella. Sed precavidos y no pong\u00e1is demasiado optimismo en los tiempos.<\/li>\n<li>Utilizad los recursos que la UOC pone a disposici\u00f3n de los estudiantes (biblioteca, campus, referencias, etc.).<\/li>\n<li>Previsi\u00f3n: mientras est\u00e1is en una etapa del TFG, echad un vistazo a las siguientes. Son necesarios una visi\u00f3n y un entendimiento global de la estructuraci\u00f3n de los TFG y de las PEC.<\/li>\n<li>Comunicaci\u00f3n: pedid <em>feedback<\/em> y seguid el asesoramiento de los profesores y de los consultores. As\u00ed, si hay errores o aspectos que no van por el buen camino, a\u00fan tendr\u00e9is la ocasi\u00f3n de remediarlo antes de las evaluaciones finales.<\/li>\n<li>Sed autocr\u00edticos con vuestro trabajo y observad vuestros progresos tambi\u00e9n desde una mirada externa.<\/li>\n<li>Tened en cuenta que el TFG es importante para vuestra futura carrera profesional y que ser\u00e1 un peso pesado en vuestro curr\u00edculo y portafolio. Vale la pena dar lo mejor de vosotros mismos. Es una carta de presentaci\u00f3n.<\/li>\n<li>Consideradlo como un producto o servicio que puede llegar a ser usado o desarrollado a fondo m\u00e1s adelante o incluso puede llegar a ser publicado por distintos canales y otras personas m\u00e1s all\u00e1 de la fecha de comunicaci\u00f3n final.<\/li>\n<\/ul>\n","protected":false},"excerpt":{"rendered":"<p>A continuaci\u00f3n aportamos unas recomendaciones generales para la redacci\u00f3n del TFG, especialmente para la elaboraci\u00f3n de una memoria de calidad, bien documentada y que refleje y justifique vuestro TFG. Adecuaci\u00f3n y lenguaje Aseguraos de que el texto sigue un orden l\u00f3gico. Dividirlo en tres partes suele ayudar: introducci\u00f3n (presentaci\u00f3n del tema, objetivo, justificaci\u00f3n, contexto y [&hellip;]<\/p>\n","protected":false},"author":1,"featured_media":0,"parent":0,"menu_order":0,"comment_status":"closed","ping_status":"closed","template":"","meta":{"inline_featured_image":false},"acf":[],"_links":{"self":[{"href":"http:\/\/disseny-test.uoc.edu\/materials\/tfg\/es\/wp-json\/wp\/v2\/pages\/109"}],"collection":[{"href":"http:\/\/disseny-test.uoc.edu\/materials\/tfg\/es\/wp-json\/wp\/v2\/pages"}],"about":[{"href":"http:\/\/disseny-test.uoc.edu\/materials\/tfg\/es\/wp-json\/wp\/v2\/types\/page"}],"author":[{"embeddable":true,"href":"http:\/\/disseny-test.uoc.edu\/materials\/tfg\/es\/wp-json\/wp\/v2\/users\/1"}],"replies":[{"embeddable":true,"href":"http:\/\/disseny-test.uoc.edu\/materials\/tfg\/es\/wp-json\/wp\/v2\/comments?post=109"}],"version-history":[{"count":4,"href":"http:\/\/disseny-test.uoc.edu\/materials\/tfg\/es\/wp-json\/wp\/v2\/pages\/109\/revisions"}],"predecessor-version":[{"id":324,"href":"http:\/\/disseny-test.uoc.edu\/materials\/tfg\/es\/wp-json\/wp\/v2\/pages\/109\/revisions\/324"}],"wp:attachment":[{"href":"http:\/\/disseny-test.uoc.edu\/materials\/tfg\/es\/wp-json\/wp\/v2\/media?parent=109"}],"curies":[{"name":"wp","href":"https:\/\/api.w.org\/{rel}","templated":true}]}}