{"id":111,"date":"2018-11-14T15:15:37","date_gmt":"2018-11-14T13:15:37","guid":{"rendered":"http:\/\/disseny-test.uoc.edu\/materials\/tfg\/?page_id=111"},"modified":"2018-11-21T14:03:08","modified_gmt":"2018-11-21T12:03:08","slug":"5-ejemplos-de-trabajos-finales","status":"publish","type":"page","link":"http:\/\/disseny-test.uoc.edu\/materials\/tfg\/es\/5-ejemplos-de-trabajos-finales\/","title":{"rendered":"5. Ejemplos de trabajos finales"},"content":{"rendered":"<p>En el siguiente enlace encontrar\u00e9is algunos ejemplos de TFG de alumnos de la UOC que os pueden ser de referencia por su calidad y buen hacer: <a href=\"https:\/\/mosaic.uoc.edu\/tag\/experiencias\/\" target=\"_blank\" rel=\"noopener\">https:\/\/mosaic.uoc.edu\/tag\/experiencias\/<\/a>.<\/p>\n<p>En el momento de la confecci\u00f3n de esta gu\u00eda, no exist\u00edan ejemplos del grado de Dise\u00f1o y Creaci\u00f3n Digital, pero a continuaci\u00f3n indicamos tres trabajos que destacan por su originalidad y aportaci\u00f3n a la sociedad, por su buena ejecuci\u00f3n y por una adecuada documentaci\u00f3n del proceso.<\/p>\n<p><strong>TFG: Dise\u00f1o de una aplicaci\u00f3n m\u00f3vil para la consulta personalizada de ayudas, becas y subvenciones<\/strong><\/p>\n<p><strong>Autor<\/strong>: Joan Plazas Borr\u00e0s<\/p>\n<p>En este proyecto, el autor realiz\u00f3 el dise\u00f1o de una aplicaci\u00f3n para un dispositivo m\u00f3vil, su manual de identidad gr\u00e1fica, la creaci\u00f3n de una marca llamada \u00abComunicaci\u00f3n Alternativa\u00bb, su manual de usuario y un v\u00eddeo de presentaci\u00f3n.<\/p>\n<p>Es un proyecto en el que cabe destacar el poder de conjunci\u00f3n de muchas de las asignaturas que curs\u00f3 en el grado de Multimedia; por tanto, pudo expandir los conocimientos adquiridos en estas y llevarlos a la pr\u00e1ctica.<\/p>\n<p>No solo se trata de una muy buena idea porque a\u00f1ade cosas y aporta ideas en un campo que es famoso por la poca accesibilidad a los contenidos (becas y subvenciones), sino que adem\u00e1s est\u00e1 muy bien desarrollado y presentado.<\/p>\n<p><img loading=\"lazy\" class=\"size-full wp-image-112 aligncenter\" src=\"http:\/\/disseny-test.uoc.edu\/materials\/tfg\/wp-content\/uploads\/sites\/10\/2018\/11\/20141_06.jpg\" alt=\"\" width=\"700\" height=\"611\" srcset=\"http:\/\/disseny-test.uoc.edu\/materials\/tfg\/wp-content\/uploads\/sites\/10\/2018\/11\/20141_06.jpg 700w, http:\/\/disseny-test.uoc.edu\/materials\/tfg\/wp-content\/uploads\/sites\/10\/2018\/11\/20141_06-300x262.jpg 300w\" sizes=\"(max-width: 700px) 100vw, 700px\" \/> <img loading=\"lazy\" class=\"alignnone size-full wp-image-113\" src=\"http:\/\/disseny-test.uoc.edu\/materials\/tfg\/wp-content\/uploads\/sites\/10\/2018\/11\/20141_07.jpg\" alt=\"\" width=\"800\" height=\"536\" srcset=\"http:\/\/disseny-test.uoc.edu\/materials\/tfg\/wp-content\/uploads\/sites\/10\/2018\/11\/20141_07.jpg 800w, http:\/\/disseny-test.uoc.edu\/materials\/tfg\/wp-content\/uploads\/sites\/10\/2018\/11\/20141_07-300x201.jpg 300w, http:\/\/disseny-test.uoc.edu\/materials\/tfg\/wp-content\/uploads\/sites\/10\/2018\/11\/20141_07-768x515.jpg 768w\" sizes=\"(max-width: 800px) 100vw, 800px\" \/><\/p>\n<p><strong>An\u00e1lisis de una narraci\u00f3n interactiva sobre la Primera Guerra Mundial<\/strong><\/p>\n<p><strong>Autora<\/strong>: Cristina Fust\u00e9 Gir\u00f3<\/p>\n<p>Este tipo de trabajo ser\u00eda una suerte de h\u00edbrido entre el profesionalizador y el investigador del \u00e1mbito de la interacci\u00f3n. La autora analiza c\u00f3mo la linealidad de la historia de un <em>webdoc<\/em> divulgativo sobre la Primera Guerra Mundial en <em>The Guardian<\/em> puede ser distinta para cualquier usuario, y c\u00f3mo dejar al usuario que elija c\u00f3mo quiere que sea la narraci\u00f3n.<\/p>\n<p>Se meti\u00f3 de lleno en las entra\u00f1as de la narraci\u00f3n y sac\u00f3 una serie de conclusiones al respecto:<\/p>\n<ul>\n<li>El <em>webdoc<\/em> rompe con el esquema de la representaci\u00f3n f\u00edlmica liberando el espacio y el tiempo.<\/li>\n<li>El usuario puede navegar por los distintos apartados con control propio y autonom\u00eda para avanzar de una manera no lineal.<\/li>\n<\/ul>\n<p>Una de las im\u00e1genes generadas por la autora muestra la descomposici\u00f3n del <em>webdoc<\/em> en lo que respecta a su navegaci\u00f3n, a la vez que este ofrece el contenido por cap\u00edtulos.<\/p>\n<p><img loading=\"lazy\" class=\"alignnone size-full wp-image-114\" src=\"http:\/\/disseny-test.uoc.edu\/materials\/tfg\/wp-content\/uploads\/sites\/10\/2018\/11\/20141_08.jpg\" alt=\"\" width=\"800\" height=\"892\" srcset=\"http:\/\/disseny-test.uoc.edu\/materials\/tfg\/wp-content\/uploads\/sites\/10\/2018\/11\/20141_08.jpg 800w, http:\/\/disseny-test.uoc.edu\/materials\/tfg\/wp-content\/uploads\/sites\/10\/2018\/11\/20141_08-269x300.jpg 269w, http:\/\/disseny-test.uoc.edu\/materials\/tfg\/wp-content\/uploads\/sites\/10\/2018\/11\/20141_08-768x856.jpg 768w\" sizes=\"(max-width: 800px) 100vw, 800px\" \/><\/p>\n<p><strong>TFG: <em>Chord<\/em>: una red para potenciar la m\u00fasica en directo<\/strong><\/p>\n<p><strong>Autor<\/strong>: Francisco Dur\u00e1n Aparici<\/p>\n<p>El autor dise\u00f1\u00f3 para su TFG una plataforma a la que bautiz\u00f3 <em>Chord<\/em>. Esta se dise\u00f1\u00f3 siguiendo un procedimiento iterativo y desarroll\u00f3 la arquitectura de la informaci\u00f3n y el dise\u00f1o de las <em>interfaces<\/em>, <em>wireframes<\/em> y prototipos en baja resoluci\u00f3n y <em>pixel-perfect<\/em>.<\/p>\n<p>Para mantener vivos los circuitos de m\u00fasica en directo y reforzar la escena local, con esta plataforma el autor quiso fomentar la colaboraci\u00f3n y la cohesi\u00f3n de los m\u00fasicos.<\/p>\n<p>Este TFG es interesante porque se han compaginado muy bien los intereses personales del creador con una voluntad de mejorar un aspecto de la sociedad, y adem\u00e1s se conjugaron excelentemente todos los aprendizajes y las tecnolog\u00edas desarrolados durante el grado.<\/p>\n","protected":false},"excerpt":{"rendered":"<p>En el siguiente enlace encontrar\u00e9is algunos ejemplos de TFG de alumnos de la UOC que os pueden ser de referencia por su calidad y buen hacer: https:\/\/mosaic.uoc.edu\/tag\/experiencias\/. En el momento de la confecci\u00f3n de esta gu\u00eda, no exist\u00edan ejemplos del grado de Dise\u00f1o y Creaci\u00f3n Digital, pero a continuaci\u00f3n indicamos tres trabajos que destacan por [&hellip;]<\/p>\n","protected":false},"author":1,"featured_media":0,"parent":0,"menu_order":0,"comment_status":"closed","ping_status":"closed","template":"","meta":{"inline_featured_image":false},"acf":[],"_links":{"self":[{"href":"http:\/\/disseny-test.uoc.edu\/materials\/tfg\/es\/wp-json\/wp\/v2\/pages\/111"}],"collection":[{"href":"http:\/\/disseny-test.uoc.edu\/materials\/tfg\/es\/wp-json\/wp\/v2\/pages"}],"about":[{"href":"http:\/\/disseny-test.uoc.edu\/materials\/tfg\/es\/wp-json\/wp\/v2\/types\/page"}],"author":[{"embeddable":true,"href":"http:\/\/disseny-test.uoc.edu\/materials\/tfg\/es\/wp-json\/wp\/v2\/users\/1"}],"replies":[{"embeddable":true,"href":"http:\/\/disseny-test.uoc.edu\/materials\/tfg\/es\/wp-json\/wp\/v2\/comments?post=111"}],"version-history":[{"count":4,"href":"http:\/\/disseny-test.uoc.edu\/materials\/tfg\/es\/wp-json\/wp\/v2\/pages\/111\/revisions"}],"predecessor-version":[{"id":279,"href":"http:\/\/disseny-test.uoc.edu\/materials\/tfg\/es\/wp-json\/wp\/v2\/pages\/111\/revisions\/279"}],"wp:attachment":[{"href":"http:\/\/disseny-test.uoc.edu\/materials\/tfg\/es\/wp-json\/wp\/v2\/media?parent=111"}],"curies":[{"name":"wp","href":"https:\/\/api.w.org\/{rel}","templated":true}]}}