{"id":118,"date":"2018-11-14T15:49:32","date_gmt":"2018-11-14T13:49:32","guid":{"rendered":"http:\/\/disseny-test.uoc.edu\/materials\/tfg\/?page_id=118"},"modified":"2018-11-21T14:03:33","modified_gmt":"2018-11-21T12:03:33","slug":"6-la-vida-mas-alla-del-tfg","status":"publish","type":"page","link":"http:\/\/disseny-test.uoc.edu\/materials\/tfg\/es\/6-la-vida-mas-alla-del-tfg\/","title":{"rendered":"6. La vida m\u00e1s all\u00e1 del TFG"},"content":{"rendered":"<p>Despu\u00e9s del TFG, tal vez llegu\u00e9is a escuchar una voz repentina en vuestra cabeza que os susurra \u00ab\u00bfy ahora qu\u00e9?\u00bb. A veces, despu\u00e9s de mucho esfuerzo y nervios ante un gran desaf\u00edo, puede instalarse en nosotros una sensaci\u00f3n desconcertante de \u00abvac\u00edo interior\u00bb al finalizar una etapa de estas caracter\u00edsticas, puesto que estar\u00e9is unas semanas en tensi\u00f3n con bastante carga de trabajo. Con frecuencia, al relajarnos, nos invaden sensaciones nuevas. Es primordial no hacer caso a esta vocecilla o, al rev\u00e9s, se hace necesario escucharla desde el punto de vista m\u00e1s constructivo: el TFG no solo es un requisito para obtener vuestro t\u00edtulo, sino que se trata de una labor de la que estar muy orgullosos y orgullosas, y que adem\u00e1s puede ser el inicio de algo grande. Es una idea vuestra, \u00edntegra y exclusivamente, y os animamos a aprovechar que seguramente en el momento de su culminaci\u00f3n tendr\u00e9is el motor de la perseverancia y la tenacidad muy bien engrasado para poder seguir movi\u00e9ndola por la industria o continuar explorando e investigando y expandi\u00e9ndola.<\/p>\n<p><strong><em>Crowdfunding<\/em><\/strong><\/p>\n<p>Para aquellos que no est\u00e9n familiarizados con el t\u00e9rmino, el <em>crowdfunding<\/em>, o financiaci\u00f3n colectiva, es un mecanismo colaborativo de financiaci\u00f3n de proyectos. No usa la tradicional intermediaci\u00f3n financiera; consiste en poner en contacto a promotores de proyectos que demandan fondos mediante la emisi\u00f3n de valores y participaciones sociales, o mediante la solicitud de pr\u00e9stamos, con inversores u ofertantes de fondos que buscan en la inversi\u00f3n un rendimiento. En dicha actividad sobresalen dos caracter\u00edsticas: la uni\u00f3n masiva de inversores que financian con cantidades reducidas peque\u00f1os proyectos de alto potencial y el car\u00e1cter arriesgado de dicha inversi\u00f3n.<\/p>\n<p>Suele hacerse para muchos prop\u00f3sitos, desde artistas que buscan apoyo de sus seguidores, campa\u00f1as pol\u00edticas, financiaci\u00f3n de deudas, vivienda, escuelas, dispensarios y hasta el nacimiento de compa\u00f1\u00edas o peque\u00f1os negocios.<\/p>\n<p>Si est\u00e1is motivados con los resultados de vuestro proyecto TFG, podr\u00edais explotar estas posibilidades. Existen muchas plataformas de <em>crowdfunding<\/em> y os sorprender\u00eda la cantidad de proyectos que han tenido \u00e9xito y se han implementado como un producto serio a ra\u00edz del micromecenazgo. Kickstarter, Goteo, Indiegogo\u2026 son algunas de estas plataformas que promueven el <em>crowdfunding<\/em>. Los peque\u00f1os inversores suelen llevarse una copia digital del proyecto o un obsequio simb\u00f3lico por haber formado parte de \u00e9l.<\/p>\n<p><strong>Los proyectos en la vida de un profesional digital<\/strong><\/p>\n<p>Un aspecto positivo de vuestro TFG es que no dista mucho de c\u00f3mo se encaran los proyectos en la vida profesional; a veces hay que enfrentarse a retos, desaf\u00edos y encargos digitales en los que se aterriza en modo <em>p\u00e1gina en blanco<\/em> y se espera de nosotros que estemos presentes en todas las etapas, ya sea en la coordinaci\u00f3n o en la supervisi\u00f3n. Por tanto, implica tener un enfoque transversal como en vuestro TFG. Por ejemplo, los <em>project managers<\/em> u otros roles vinculados a la ideaci\u00f3n ser\u00edan ejemplos de perfiles que deben estar ocup\u00e1ndose de los proyectos desde un prisma horizontal. Depende del car\u00e1cter de cada persona, pero la visi\u00f3n etapa por etapa de un proyecto, que, desde su germen, luego florece gracias a nuestras aportaciones, suele ser muy enriquecedora y motivante. Es m\u00e1s, la digitalizaci\u00f3n de la sociedad, la econom\u00eda y la rapidez con que los nuevos productos deben ver la luz y promocionarse est\u00e1n impregnados de un car\u00e1cter de ubicuidad que necesitan cada vez m\u00e1s personas trescientos sesenta grados, que no tengan miedo a nada, que act\u00faen y que tomen la iniciativa para crear esos productos y\/o darles seguimiento de principio a fin.<\/p>\n","protected":false},"excerpt":{"rendered":"<p>Despu\u00e9s del TFG, tal vez llegu\u00e9is a escuchar una voz repentina en vuestra cabeza que os susurra \u00ab\u00bfy ahora qu\u00e9?\u00bb. A veces, despu\u00e9s de mucho esfuerzo y nervios ante un gran desaf\u00edo, puede instalarse en nosotros una sensaci\u00f3n desconcertante de \u00abvac\u00edo interior\u00bb al finalizar una etapa de estas caracter\u00edsticas, puesto que estar\u00e9is unas semanas en [&hellip;]<\/p>\n","protected":false},"author":1,"featured_media":0,"parent":0,"menu_order":0,"comment_status":"closed","ping_status":"closed","template":"","meta":{"inline_featured_image":false},"acf":[],"_links":{"self":[{"href":"http:\/\/disseny-test.uoc.edu\/materials\/tfg\/es\/wp-json\/wp\/v2\/pages\/118"}],"collection":[{"href":"http:\/\/disseny-test.uoc.edu\/materials\/tfg\/es\/wp-json\/wp\/v2\/pages"}],"about":[{"href":"http:\/\/disseny-test.uoc.edu\/materials\/tfg\/es\/wp-json\/wp\/v2\/types\/page"}],"author":[{"embeddable":true,"href":"http:\/\/disseny-test.uoc.edu\/materials\/tfg\/es\/wp-json\/wp\/v2\/users\/1"}],"replies":[{"embeddable":true,"href":"http:\/\/disseny-test.uoc.edu\/materials\/tfg\/es\/wp-json\/wp\/v2\/comments?post=118"}],"version-history":[{"count":2,"href":"http:\/\/disseny-test.uoc.edu\/materials\/tfg\/es\/wp-json\/wp\/v2\/pages\/118\/revisions"}],"predecessor-version":[{"id":280,"href":"http:\/\/disseny-test.uoc.edu\/materials\/tfg\/es\/wp-json\/wp\/v2\/pages\/118\/revisions\/280"}],"wp:attachment":[{"href":"http:\/\/disseny-test.uoc.edu\/materials\/tfg\/es\/wp-json\/wp\/v2\/media?parent=118"}],"curies":[{"name":"wp","href":"https:\/\/api.w.org\/{rel}","templated":true}]}}