{"id":140,"date":"2018-11-14T16:07:50","date_gmt":"2018-11-14T14:07:50","guid":{"rendered":"http:\/\/disseny-test.uoc.edu\/materials\/tfg\/?page_id=140"},"modified":"2018-11-14T16:07:50","modified_gmt":"2018-11-14T14:07:50","slug":"como-abordar-el-trabajo-final-del-grado-de-diseno-y-creacion-digital-en-seis-sencillos-pasos","status":"publish","type":"page","link":"http:\/\/disseny-test.uoc.edu\/materials\/tfg\/es\/","title":{"rendered":"C\u00f3mo abordar el trabajo final del grado de Dise\u00f1o y Creaci\u00f3n Digital en seis sencillos pasos"},"content":{"rendered":"<p><img loading=\"lazy\" class=\"alignnone wp-image-113 size-full\" src=\"http:\/\/disseny-test.uoc.edu\/materials\/tfg\/wp-content\/uploads\/sites\/10\/2018\/11\/20141_07.jpg\" alt=\"\" width=\"800\" height=\"536\" srcset=\"http:\/\/disseny-test.uoc.edu\/materials\/tfg\/wp-content\/uploads\/sites\/10\/2018\/11\/20141_07.jpg 800w, http:\/\/disseny-test.uoc.edu\/materials\/tfg\/wp-content\/uploads\/sites\/10\/2018\/11\/20141_07-300x201.jpg 300w, http:\/\/disseny-test.uoc.edu\/materials\/tfg\/wp-content\/uploads\/sites\/10\/2018\/11\/20141_07-768x515.jpg 768w\" sizes=\"(max-width: 800px) 100vw, 800px\" \/><\/p>\n","protected":false},"excerpt":{"rendered":"","protected":false},"author":1,"featured_media":0,"parent":0,"menu_order":0,"comment_status":"closed","ping_status":"closed","template":"","meta":{"inline_featured_image":false},"acf":[],"_links":{"self":[{"href":"http:\/\/disseny-test.uoc.edu\/materials\/tfg\/es\/wp-json\/wp\/v2\/pages\/140"}],"collection":[{"href":"http:\/\/disseny-test.uoc.edu\/materials\/tfg\/es\/wp-json\/wp\/v2\/pages"}],"about":[{"href":"http:\/\/disseny-test.uoc.edu\/materials\/tfg\/es\/wp-json\/wp\/v2\/types\/page"}],"author":[{"embeddable":true,"href":"http:\/\/disseny-test.uoc.edu\/materials\/tfg\/es\/wp-json\/wp\/v2\/users\/1"}],"replies":[{"embeddable":true,"href":"http:\/\/disseny-test.uoc.edu\/materials\/tfg\/es\/wp-json\/wp\/v2\/comments?post=140"}],"version-history":[{"count":1,"href":"http:\/\/disseny-test.uoc.edu\/materials\/tfg\/es\/wp-json\/wp\/v2\/pages\/140\/revisions"}],"predecessor-version":[{"id":145,"href":"http:\/\/disseny-test.uoc.edu\/materials\/tfg\/es\/wp-json\/wp\/v2\/pages\/140\/revisions\/145"}],"wp:attachment":[{"href":"http:\/\/disseny-test.uoc.edu\/materials\/tfg\/es\/wp-json\/wp\/v2\/media?parent=140"}],"curies":[{"name":"wp","href":"https:\/\/api.w.org\/{rel}","templated":true}]}}