{"id":68,"date":"2018-11-14T13:27:22","date_gmt":"2018-11-14T11:27:22","guid":{"rendered":"http:\/\/disseny-test.uoc.edu\/materials\/tfg\/?page_id=68"},"modified":"2018-11-14T13:27:22","modified_gmt":"2018-11-14T11:27:22","slug":"1-como-me-va-a-ayudar-esta-guia","status":"publish","type":"page","link":"http:\/\/disseny-test.uoc.edu\/materials\/tfg\/es\/1-como-me-va-a-ayudar-esta-guia\/","title":{"rendered":"1. \u00bfC\u00f3mo me va a ayudar esta gu\u00eda?"},"content":{"rendered":"<p>Esta gu\u00eda de estudio propone una visi\u00f3n y una orientaci\u00f3n sobre qu\u00e9 es y c\u00f3mo elaborar con \u00e9xito un trabajo final de grado en <strong>seis sencillos pasos<\/strong>. El trabajo final de grado es la culminaci\u00f3n de todos nuestros esfuerzos durante el grado; queremos que este luzca y que adem\u00e1s combine todos nuestros aprendizajes, por eso es preciso realizarlo dedic\u00e1ndole el tiempo necesario a cada etapa.<\/p>\n<p>La presente gu\u00eda quiere ayudaros ante este emocionante desaf\u00edo, explicando paso a paso c\u00f3mo enfocar el trabajo final de grado y c\u00f3mo desarrollarlo, y, sobre todo, quiere orientaros sobre qu\u00e9 parte del TFG ser\u00e1 trabajada en su correspondiente prueba de evaluaci\u00f3n continua (PEC).<\/p>\n<p>La finalidad de la gu\u00eda tambi\u00e9n es resolver dudas gen\u00e9ricas que pueden surgir durante su elaboraci\u00f3n y, en especial, hacer hincapi\u00e9 en la memoria y que os servir\u00e1 para argumentar y describir toda la tarea.<\/p>\n<p>La metodolog\u00eda propuesta os permitir\u00e1 abordarlo de una manera clara; por otro lado, tambi\u00e9n podr\u00e9is usar esta gu\u00eda de referencia y para consultar c\u00f3mo debe ser el estilo y la adecuaci\u00f3n que se aconseja que siga el trabajo. Adem\u00e1s, os servir\u00e1 para encontrar pautas de citaci\u00f3n bibliogr\u00e1fica. Usaremos un lenguaje claro que genere un marco de reflexi\u00f3n y pensamiento ante la apasionante aventura de final de grado.<\/p>\n","protected":false},"excerpt":{"rendered":"<p>Esta gu\u00eda de estudio propone una visi\u00f3n y una orientaci\u00f3n sobre qu\u00e9 es y c\u00f3mo elaborar con \u00e9xito un trabajo final de grado en seis sencillos pasos. El trabajo final de grado es la culminaci\u00f3n de todos nuestros esfuerzos durante el grado; queremos que este luzca y que adem\u00e1s combine todos nuestros aprendizajes, por eso [&hellip;]<\/p>\n","protected":false},"author":1,"featured_media":0,"parent":0,"menu_order":0,"comment_status":"closed","ping_status":"closed","template":"","meta":{"inline_featured_image":false},"acf":[],"_links":{"self":[{"href":"http:\/\/disseny-test.uoc.edu\/materials\/tfg\/es\/wp-json\/wp\/v2\/pages\/68"}],"collection":[{"href":"http:\/\/disseny-test.uoc.edu\/materials\/tfg\/es\/wp-json\/wp\/v2\/pages"}],"about":[{"href":"http:\/\/disseny-test.uoc.edu\/materials\/tfg\/es\/wp-json\/wp\/v2\/types\/page"}],"author":[{"embeddable":true,"href":"http:\/\/disseny-test.uoc.edu\/materials\/tfg\/es\/wp-json\/wp\/v2\/users\/1"}],"replies":[{"embeddable":true,"href":"http:\/\/disseny-test.uoc.edu\/materials\/tfg\/es\/wp-json\/wp\/v2\/comments?post=68"}],"version-history":[{"count":1,"href":"http:\/\/disseny-test.uoc.edu\/materials\/tfg\/es\/wp-json\/wp\/v2\/pages\/68\/revisions"}],"predecessor-version":[{"id":69,"href":"http:\/\/disseny-test.uoc.edu\/materials\/tfg\/es\/wp-json\/wp\/v2\/pages\/68\/revisions\/69"}],"wp:attachment":[{"href":"http:\/\/disseny-test.uoc.edu\/materials\/tfg\/es\/wp-json\/wp\/v2\/media?parent=68"}],"curies":[{"name":"wp","href":"https:\/\/api.w.org\/{rel}","templated":true}]}}