{"id":70,"date":"2018-11-14T13:29:17","date_gmt":"2018-11-14T11:29:17","guid":{"rendered":"http:\/\/disseny-test.uoc.edu\/materials\/tfg\/?page_id=70"},"modified":"2018-11-21T13:51:59","modified_gmt":"2018-11-21T11:51:59","slug":"2-1-definicion-datos-resultados-y-expectativas","status":"publish","type":"page","link":"http:\/\/disseny-test.uoc.edu\/materials\/tfg\/es\/2-1-definicion-datos-resultados-y-expectativas\/","title":{"rendered":"2.1. Definici\u00f3n, datos, resultados y expectativas"},"content":{"rendered":"<p>Un trabajo final (TF) es el colof\u00f3n al grado al que le hab\u00e9is dedicado tantas horas de trabajo y estudio. Durante este podr\u00e9is desarrollar aspectos relacionados con el pensamiento cr\u00edtico, los procesos de documentaci\u00f3n y de bibliograf\u00eda, as\u00ed como de experimentaci\u00f3n y ejecuci\u00f3n.<\/p>\n<div class=\"featured featured-blue\"><p>El TFG es la acumulaci\u00f3n de todos los saberes adquiridos dentro de las diferentes materias impartidas a lo largo del grado universitario; por tanto, tiene tambi\u00e9n un enfoque interdisciplinar que implica el despliegue de gran riqueza de conocimientos.<\/p>\n<\/div>\n<p>Ser\u00e1 una oportunidad para que pod\u00e1is ejercitar vuestro pensamiento cr\u00edtico, vuestra curiosidad y vuestra capacidad de experimentaci\u00f3n y de an\u00e1lisis. Para ser pr\u00e1cticos, se recomienda, aunque no es obligatorio, que vuestro TFG gire en torno a aquellas disciplinas o PEC que os hayan llamado m\u00e1s la atenci\u00f3n, ya sea porque la superasteis satisfactoriamente, ya sea porque hay\u00e1is disfrutado m\u00e1s durante su desempe\u00f1o.<\/p>\n<p>El TFG es requisito para obtener la titulaci\u00f3n: es un puerto de llegada o el fin de un viaje, pero tambi\u00e9n debe verse como la semilla de un nuevo inicio que os abrir\u00e1 nuevos horizontes.<\/p>\n<p><strong>Los diez datos esenciales del TFG<\/strong><\/p>\n<ol>\n<li>Dura un semestre<\/li>\n<li>Sigue un m\u00e9todo de trabajo<\/li>\n<li>Es una tarea individual<\/li>\n<li>Teor\u00eda y pr\u00e1ctica van de la mano<\/li>\n<li>La memoria es la piedra angular<\/li>\n<li>Conlleva mucha carga de trabajo<\/li>\n<li>Crear\u00e9is un producto<\/li>\n<li>Los consultores os guiar\u00e1n<\/li>\n<li>Es un reto divertido<\/li>\n<li>Conectar\u00e9is muchas disciplinas<\/li>\n<\/ol>\n<p><strong>Resultados y expectativas<\/strong><\/p>\n<ul>\n<li>Realizar\u00e9is un peque\u00f1o <strong>proyecto o un prototipo mediante <em>wireframes<\/em><\/strong> que dar\u00e1 soluci\u00f3n a un problema real o posible. De manera alternativa, podr\u00e9is hacer una investigaci\u00f3n, si as\u00ed lo requiere vuestro trabajo.<\/li>\n<li>Integrar\u00e9is durante su realizaci\u00f3n <strong>planteamientos<\/strong> culturales, art\u00edsticos e instrumentales siguiendo una metodolog\u00eda cr\u00edtica y argumentada.<\/li>\n<li>Aplicar\u00e9is m\u00e9todos de <strong>investigaci\u00f3n<\/strong> y desarrollo adecuados para el objeto de estudio.<\/li>\n<li>Realizar\u00e9is una <strong>memoria<\/strong> y una producci\u00f3n siguiendo unos procesos rigurosos.<\/li>\n<li>Lo conseguir\u00e9is mediante una <strong>planificaci\u00f3n<\/strong> adecuada.<\/li>\n<li><strong>Cualquier tipo de audiencia<\/strong> ser\u00e1 potencialmente capaz de entender de manera clara y precisa vuestra soluci\u00f3n o propuesta.<\/li>\n<\/ul>\n","protected":false},"excerpt":{"rendered":"<p>Un trabajo final (TF) es el colof\u00f3n al grado al que le hab\u00e9is dedicado tantas horas de trabajo y estudio. Durante este podr\u00e9is desarrollar aspectos relacionados con el pensamiento cr\u00edtico, los procesos de documentaci\u00f3n y de bibliograf\u00eda, as\u00ed como de experimentaci\u00f3n y ejecuci\u00f3n. Ser\u00e1 una oportunidad para que pod\u00e1is ejercitar vuestro pensamiento cr\u00edtico, vuestra curiosidad [&hellip;]<\/p>\n","protected":false},"author":1,"featured_media":0,"parent":0,"menu_order":0,"comment_status":"closed","ping_status":"closed","template":"","meta":{"inline_featured_image":false},"acf":[],"_links":{"self":[{"href":"http:\/\/disseny-test.uoc.edu\/materials\/tfg\/es\/wp-json\/wp\/v2\/pages\/70"}],"collection":[{"href":"http:\/\/disseny-test.uoc.edu\/materials\/tfg\/es\/wp-json\/wp\/v2\/pages"}],"about":[{"href":"http:\/\/disseny-test.uoc.edu\/materials\/tfg\/es\/wp-json\/wp\/v2\/types\/page"}],"author":[{"embeddable":true,"href":"http:\/\/disseny-test.uoc.edu\/materials\/tfg\/es\/wp-json\/wp\/v2\/users\/1"}],"replies":[{"embeddable":true,"href":"http:\/\/disseny-test.uoc.edu\/materials\/tfg\/es\/wp-json\/wp\/v2\/comments?post=70"}],"version-history":[{"count":3,"href":"http:\/\/disseny-test.uoc.edu\/materials\/tfg\/es\/wp-json\/wp\/v2\/pages\/70\/revisions"}],"predecessor-version":[{"id":267,"href":"http:\/\/disseny-test.uoc.edu\/materials\/tfg\/es\/wp-json\/wp\/v2\/pages\/70\/revisions\/267"}],"wp:attachment":[{"href":"http:\/\/disseny-test.uoc.edu\/materials\/tfg\/es\/wp-json\/wp\/v2\/media?parent=70"}],"curies":[{"name":"wp","href":"https:\/\/api.w.org\/{rel}","templated":true}]}}