{"id":73,"date":"2018-11-14T13:38:29","date_gmt":"2018-11-14T11:38:29","guid":{"rendered":"http:\/\/disseny-test.uoc.edu\/materials\/tfg\/?page_id=73"},"modified":"2018-11-14T13:38:29","modified_gmt":"2018-11-14T11:38:29","slug":"2-2-tipos-de-trabajos","status":"publish","type":"page","link":"http:\/\/disseny-test.uoc.edu\/materials\/tfg\/es\/2-2-tipos-de-trabajos\/","title":{"rendered":"2.2. Tipos de trabajos"},"content":{"rendered":"<p>De forma general e independientemente del tipo de titulaci\u00f3n (grado, m\u00e1ster o posgrado), hay tres tipos de trabajos. Al inicio deber\u00e9is escoger con qu\u00e9 tipolog\u00eda os sentir\u00edas m\u00e1s c\u00f3modos:<\/p>\n<ol>\n<li><strong>TFG profesionalizador<\/strong>. A partir de una necesidad real o posible que os imagin\u00e9is, se trata de desarrollar una idea y una soluci\u00f3n plasmada a trav\u00e9s de un <em>mockup<\/em> o prototipo para obtener un producto o servicio para los usuarios. Por ejemplo, una app, un servicio interactivo con una funci\u00f3n espec\u00edfica, una plataforma en l\u00ednea para un negocio, una web, el redise\u00f1o de un servicio existente o que imaginemos, etc. Las personas con esp\u00edritu emprendedor pueden verse c\u00f3modas con esta modalidad trabajo; adem\u00e1s, podr\u00eda ser la base para seguir con el proyecto en el futuro.<\/li>\n<li><strong>TFG investigador<\/strong>. Este tipo de TFG pretende acercarse o simular el modelo de art\u00edculo acad\u00e9mico. Ser\u00eda, por tanto, el relato de una investigaci\u00f3n acad\u00e9mica y de los resultados obtenidos. A ra\u00edz de hacerse una pregunta, establecer unos objetivos y formular una hip\u00f3tesis, se define un m\u00e9todo de an\u00e1lisis y se escogen unos materiales para desarrollar la investigaci\u00f3n. En la metodolog\u00eda de investigaci\u00f3n se utilizar\u00e1n m\u00e9todos cuantitativos (encuestas, an\u00e1lisis de datos) y\/o cualitativos (entrevistas, observaciones, indagaci\u00f3n sobre el terreno, etc.). Con todo esto se elaborar\u00e1n unas conclusiones. Por ejemplo, un caso de estudio, un an\u00e1lisis del impacto de una nueva tecnolog\u00eda web en usuarios, un estudio de usabilidad de una app, etc. Las personas a las que les gustar\u00eda acercarse al mundo acad\u00e9mico y a la investigaci\u00f3n podr\u00edan elegir esta opci\u00f3n como punto de partida.<\/li>\n<li><strong>TFG de creaci\u00f3n art\u00edstica<\/strong>. Se trata de un trabajo de creaci\u00f3n y exploraci\u00f3n art\u00edstica, personal y original, sobre un tema relacionado con el grado en el que se evidencia de forma clara un alto nivel de cualificaci\u00f3n en el empleo de las ideas y los argumentos, tanto visuales como escritos. La parte esencial de un TFG de tipolog\u00eda \u00abcreaci\u00f3n art\u00edstica\u00bb es un resultado de naturaleza muy variada: ya sean dibujos, pinturas, esculturas, fotograf\u00edas, v\u00eddeos, dise\u00f1os, c\u00f3mics, <em>performances<\/em>, coreograf\u00eda, instalaciones o cualquier otra modalidad de la creaci\u00f3n art\u00edstica contempor\u00e1nea, de calidad art\u00edstica profesional y la documentaci\u00f3n de todo el proceso creativo y de las distintas fases de creaci\u00f3n. Las personas que tengan pensado dedicarse a un \u00e1mbito art\u00edstico podr\u00edan escoger este tipo de trabajo.<\/li>\n<\/ol>\n<p>Por la propia naturaleza y los estudios cursados en el grado de Dise\u00f1o y Creaci\u00f3n Digitales, es m\u00e1s com\u00fan la dedicaci\u00f3n a la tipolog\u00eda <strong>profesionalizadora<\/strong>, ya que el conjunto de las materias van m\u00e1s en esta l\u00ednea.<\/p>\n<div class=\"featured featured-blue\"><p>Tened muy en cuenta que el TFG ser\u00e1 la muestra clara del potencial creativo que ten\u00e9is, con lo que os aconsejamos que le dediqu\u00e9is el m\u00e1ximo cuidado, rigor, amor y dedicaci\u00f3n posibles.<\/p>\n<\/div>\n","protected":false},"excerpt":{"rendered":"<p>De forma general e independientemente del tipo de titulaci\u00f3n (grado, m\u00e1ster o posgrado), hay tres tipos de trabajos. Al inicio deber\u00e9is escoger con qu\u00e9 tipolog\u00eda os sentir\u00edas m\u00e1s c\u00f3modos: TFG profesionalizador. A partir de una necesidad real o posible que os imagin\u00e9is, se trata de desarrollar una idea y una soluci\u00f3n plasmada a trav\u00e9s de [&hellip;]<\/p>\n","protected":false},"author":1,"featured_media":0,"parent":0,"menu_order":0,"comment_status":"closed","ping_status":"closed","template":"","meta":{"inline_featured_image":false},"acf":[],"_links":{"self":[{"href":"http:\/\/disseny-test.uoc.edu\/materials\/tfg\/es\/wp-json\/wp\/v2\/pages\/73"}],"collection":[{"href":"http:\/\/disseny-test.uoc.edu\/materials\/tfg\/es\/wp-json\/wp\/v2\/pages"}],"about":[{"href":"http:\/\/disseny-test.uoc.edu\/materials\/tfg\/es\/wp-json\/wp\/v2\/types\/page"}],"author":[{"embeddable":true,"href":"http:\/\/disseny-test.uoc.edu\/materials\/tfg\/es\/wp-json\/wp\/v2\/users\/1"}],"replies":[{"embeddable":true,"href":"http:\/\/disseny-test.uoc.edu\/materials\/tfg\/es\/wp-json\/wp\/v2\/comments?post=73"}],"version-history":[{"count":1,"href":"http:\/\/disseny-test.uoc.edu\/materials\/tfg\/es\/wp-json\/wp\/v2\/pages\/73\/revisions"}],"predecessor-version":[{"id":74,"href":"http:\/\/disseny-test.uoc.edu\/materials\/tfg\/es\/wp-json\/wp\/v2\/pages\/73\/revisions\/74"}],"wp:attachment":[{"href":"http:\/\/disseny-test.uoc.edu\/materials\/tfg\/es\/wp-json\/wp\/v2\/media?parent=73"}],"curies":[{"name":"wp","href":"https:\/\/api.w.org\/{rel}","templated":true}]}}