{"id":80,"date":"2018-11-14T13:44:38","date_gmt":"2018-11-14T11:44:38","guid":{"rendered":"http:\/\/disseny-test.uoc.edu\/materials\/tfg\/?page_id=80"},"modified":"2019-01-10T14:49:17","modified_gmt":"2019-01-10T12:49:17","slug":"3-2-recursos-y-metodologia","status":"publish","type":"page","link":"http:\/\/disseny-test.uoc.edu\/materials\/tfg\/es\/3-2-recursos-y-metodologia\/","title":{"rendered":"3.2. Recursos y metodolog\u00eda"},"content":{"rendered":"<p>Para un dise\u00f1ador es necesario conocer las distintas metodolog\u00edas que hay para poder crear una propia. Es decir, cada cual puede tener distintos procesos para lograr un buen dise\u00f1o. No existe como tal una metodolog\u00eda del dise\u00f1o. Lo m\u00e1s importante es conocer los objetivos, antecedentes y el entorno, para, de este modo, poder crear el dise\u00f1o en funci\u00f3n de los conocimientos de contrastes, simetr\u00edas, diagramaciones y m\u00e1s elementos de gran relevancia.<\/p>\n<p>As\u00ed, en esta fase, hay que concretar el <strong>c\u00f3mo lo vais a hacer<\/strong>. Es decir, deb\u00e9is definir una <strong>metodolog\u00eda<\/strong> de trabajo que sea coherente con vuestra propuesta y <strong>planificar y gestionar los recursos que vais a necesitar<\/strong> para poder realizar el proyecto. \u00bfQu\u00e9 os hace falta para llevar vuestro TFG adelante? \u00bfAlg\u00fan soporte en espec\u00edfico? \u00bfQu\u00e9 ten\u00e9is? \u00bfD\u00f3nde poder encontrarlo? \u00bfHabr\u00eda que hacer un m\u00ednimo de desembolso en un dominio o necesitamos realizar instalaciones en alg\u00fan servidor? \u00bfNecesit\u00e1is alg\u00fan <em>software<\/em> que no hay\u00e1is usado durante el grado y deb\u00e9is planificar un poco c\u00f3mo encontrarlo? \u00bfNecesit\u00e1is alg\u00fan manual del que no dispon\u00e9is?<\/p>\n<p>Es un momento ideal para repasar qu\u00e9 necesit\u00e1is y qu\u00e9 no ten\u00e9is a mano. En funci\u00f3n del alcance de lo que plane\u00e9is hacer, posiblemente tambi\u00e9n contactar con personas de las que necesit\u00e1is alg\u00fan consejo u orientaci\u00f3n. \u00bfConoc\u00e9is a alguien que haya hecho algo parecido a lo que hab\u00e9is pensado realizar? \u00bfTen\u00e9is que recuperar aquel enlace que no sab\u00e9is d\u00f3nde est\u00e1 y que os servir\u00eda de inspiraci\u00f3n ahora mismo? Por otro lado, es un buen momento para tener todos los recursos, inspiraciones y ejercicios que hab\u00e9is ido realizando durante el grado bien localizados y disponibles.<\/p>\n<p>Una buena idea ser\u00eda realizar una <strong>tabla de recursos<\/strong> de este tipo, para tener una visi\u00f3n global de lo que necesitar\u00e9is y adelantaros a peque\u00f1os contratiempos:<\/p>\n<table>\n<tbody>\n<tr class=\"table-header\">\n<td width=\"102\"><strong>\u00a0<\/strong><\/td>\n<td width=\"102\"><strong>\u00bfQu\u00e9 me hace falta?<\/strong><\/td>\n<td width=\"102\"><strong>\u00bfQu\u00e9 tengo yo?<\/strong><\/td>\n<td width=\"102\"><strong>\u00bfQu\u00e9 no tengo?<\/strong><\/td>\n<td width=\"102\"><strong>\u00bfD\u00f3nde puedo encontrarlo?<\/strong><\/td>\n<td width=\"102\"><strong>\u00bfCu\u00e1ndo lo voy a necesitar?<\/strong><\/td>\n<\/tr>\n<tr>\n<td class=\"table-header-sec\" width=\"102\"><strong>Recursos propios<\/strong><\/td>\n<td width=\"102\">\n<p style=\"text-align: center;\">15 horas semanales<\/p>\n<\/td>\n<td width=\"102\"><\/td>\n<td width=\"102\"><\/td>\n<td width=\"102\"><\/td>\n<td width=\"102\"><\/td>\n<\/tr>\n<tr>\n<td width=\"102\"><strong><em>Software<\/em><\/strong><\/td>\n<td width=\"102\"><\/td>\n<td width=\"102\">\n<p style=\"text-align: center;\">Adobe Suite<\/p>\n<\/td>\n<td width=\"102\"><\/td>\n<td width=\"102\"><\/td>\n<td width=\"102\"><\/td>\n<\/tr>\n<tr>\n<td width=\"102\"><strong>Recursos materiales<\/strong><\/td>\n<td width=\"102\"><\/td>\n<td width=\"102\"><\/td>\n<td width=\"102\">\n<p style=\"text-align: center;\">C\u00e1mara de calidad para el v\u00eddeo presentaci\u00f3n<\/p>\n<\/td>\n<td style=\"text-align: center;\" width=\"102\">Ped\u00edrsela a Sonia, una compa\u00f1era<\/td>\n<td width=\"102\">\n<p style=\"text-align: center;\">Durante la fase de \u00abelaboraci\u00f3n\u00bb (semana 3)<\/p>\n<\/td>\n<\/tr>\n<tr>\n<td width=\"102\"><strong>Recursos humanos<\/strong><\/td>\n<td width=\"102\">\n<p style=\"text-align: center;\">Modelo de manos para el v\u00eddeo presentaci\u00f3n del uso de la app<\/p>\n<\/td>\n<td width=\"102\"><\/td>\n<td width=\"102\"><\/td>\n<td width=\"102\"><\/td>\n<td width=\"102\"><\/td>\n<\/tr>\n<tr>\n<td width=\"102\"><strong>Recursos econ\u00f3micos<\/strong><\/td>\n<td width=\"102\">\n<p style=\"text-align: center;\">Un dominio para el proyecto (10 \u20ac)<\/p>\n<\/td>\n<td width=\"102\"><\/td>\n<td width=\"102\"><\/td>\n<td width=\"102\"><\/td>\n<td width=\"102\"><\/td>\n<\/tr>\n<\/tbody>\n<\/table>\n<p>Deb\u00e9is ser conscientes de que un TFG tiene su propia envergadura y consume varios recursos que hay que tener muy presentes. Aqu\u00ed proponemos una peque\u00f1a lista de algunos que os pueden ayudar a lo largo del TFG, tanto para su elaboraci\u00f3n y ejecuci\u00f3n como para referencia gen\u00e9rica:<\/p>\n<table>\n<tbody>\n<tr class=\"table-header\">\n<td width=\"206\"><\/td>\n<td width=\"405\"><strong>Funciones<\/strong><\/td>\n<\/tr>\n<tr>\n<td width=\"206\"><strong>Agregador de contenidos<\/strong><\/td>\n<td width=\"405\">Os ayudar\u00e1n a unir y recopilar todas aquellas p\u00e1ginas web y clasificarlas para tenerlas a mano para poder consultarlas.<\/td>\n<\/tr>\n<tr>\n<td width=\"206\"><strong>Gestores de referencias<\/strong><\/td>\n<td width=\"405\">Herramientas para la gesti\u00f3n de referencias bibliogr\u00e1ficas. Hay muchos programas, como el de Refworks, que tambi\u00e9n ofrecen un \u00edndice de referencias en m\u00faltiples formatos.<\/td>\n<\/tr>\n<tr>\n<td width=\"206\"><strong>Blogs<\/strong><\/td>\n<td width=\"405\">Los blogs tienen varias funciones, ayudan a publicitar qu\u00e9 tema es en el que est\u00e1s trabajando. Eso ayudar\u00e1 a encontrar gente interesada en lo mismo o tambi\u00e9n los pod\u00e9is emplear para realizar un diario del TFG, ordenando cronol\u00f3gicamente el proceso de TFG y vuestras ideas, inquietudes, avances, etc. Hay muchas plataformas de blogs que ya os ser\u00e1n conocidas, como Blogger, WordPress, Medium, etc.<\/td>\n<\/tr>\n<tr>\n<td width=\"206\"><strong>Redes sociales o comunidades virtuales<\/strong><\/td>\n<td width=\"405\">Facebook, Twitter u otras comunidades que existen en la Red son una fuente de contacto con otras personas. As\u00ed, pod\u00e9is localizar a gente interesada en la misma tem\u00e1tica y\/o compartir experiencias.<\/td>\n<\/tr>\n<tr>\n<td width=\"206\"><strong>Google Docs u otras herramientas de almacenamiento <em>cloud<\/em><\/strong><\/td>\n<td width=\"405\">Son muy \u00fatiles para trabajar en l\u00ednea y disponer de tus archivos desde cualquier dispositivo m\u00f3vil u ordenador. Adem\u00e1s te permite compartir archivos en l\u00ednea y resulta muy \u00fatil para dar\/recibir <em>feedback<\/em> a diferentes personas que est\u00e9n involucradas en el TFG.<\/td>\n<\/tr>\n<\/tbody>\n<\/table>\n","protected":false},"excerpt":{"rendered":"<p>Para un dise\u00f1ador es necesario conocer las distintas metodolog\u00edas que hay para poder crear una propia. Es decir, cada cual puede tener distintos procesos para lograr un buen dise\u00f1o. No existe como tal una metodolog\u00eda del dise\u00f1o. Lo m\u00e1s importante es conocer los objetivos, antecedentes y el entorno, para, de este modo, poder crear el [&hellip;]<\/p>\n","protected":false},"author":1,"featured_media":0,"parent":0,"menu_order":0,"comment_status":"closed","ping_status":"closed","template":"","meta":{"inline_featured_image":false},"acf":[],"_links":{"self":[{"href":"http:\/\/disseny-test.uoc.edu\/materials\/tfg\/es\/wp-json\/wp\/v2\/pages\/80"}],"collection":[{"href":"http:\/\/disseny-test.uoc.edu\/materials\/tfg\/es\/wp-json\/wp\/v2\/pages"}],"about":[{"href":"http:\/\/disseny-test.uoc.edu\/materials\/tfg\/es\/wp-json\/wp\/v2\/types\/page"}],"author":[{"embeddable":true,"href":"http:\/\/disseny-test.uoc.edu\/materials\/tfg\/es\/wp-json\/wp\/v2\/users\/1"}],"replies":[{"embeddable":true,"href":"http:\/\/disseny-test.uoc.edu\/materials\/tfg\/es\/wp-json\/wp\/v2\/comments?post=80"}],"version-history":[{"count":7,"href":"http:\/\/disseny-test.uoc.edu\/materials\/tfg\/es\/wp-json\/wp\/v2\/pages\/80\/revisions"}],"predecessor-version":[{"id":325,"href":"http:\/\/disseny-test.uoc.edu\/materials\/tfg\/es\/wp-json\/wp\/v2\/pages\/80\/revisions\/325"}],"wp:attachment":[{"href":"http:\/\/disseny-test.uoc.edu\/materials\/tfg\/es\/wp-json\/wp\/v2\/media?parent=80"}],"curies":[{"name":"wp","href":"https:\/\/api.w.org\/{rel}","templated":true}]}}