{"id":84,"date":"2018-11-14T13:51:41","date_gmt":"2018-11-14T11:51:41","guid":{"rendered":"http:\/\/disseny-test.uoc.edu\/materials\/tfg\/?page_id=84"},"modified":"2018-11-21T14:05:50","modified_gmt":"2018-11-21T12:05:50","slug":"3-3-planificacion-calendario","status":"publish","type":"page","link":"http:\/\/disseny-test.uoc.edu\/materials\/tfg\/es\/3-3-planificacion-calendario\/","title":{"rendered":"3.3. Planificaci\u00f3n\/calendario"},"content":{"rendered":"<p>La organizaci\u00f3n de las tareas, su estructura y el manejo de los tiempos es esencial en el TFG y ser\u00e1, en buena medida, la clave del \u00e9xito. Hab\u00e9is llegado al final del grado y seguramente la multitarea es algo que ten\u00e9is muy incorporado en vuestra vida diaria. Es probable que teng\u00e1is muchas cosas que atender en vuestro d\u00eda a d\u00eda, y solo mediante la organizaci\u00f3n sistem\u00e1tica podr\u00e9is tener una visi\u00f3n clara y global de la viabilidad del trabajo y de los tiempos que ten\u00e9is que dedicarle, c\u00f3mo y cu\u00e1ndo encaja en vuestra rutina. La planificaci\u00f3n os ahorrar\u00e1 prisas de \u00faltima hora, estr\u00e9s y sobresaltos. Debido a que el TFG va a ser un esfuerzo extra, deb\u00e9is poder disponer del tiempo necesario para realizar un trabajo de calidad, y solo mediante un buen plan de acci\u00f3n claro lo podr\u00e9is conseguir.<\/p>\n<p>Los esquemas tipo <strong><em>planning<\/em>\/calendario<\/strong> pueden ser de una gran utilidad y os ayudar\u00e1n a crear una rutina. Con esto vais a ir desgranando cada tarea, asign\u00e1ndole un tiempo concreto en funci\u00f3n de la dificultad y de los objetivos. Como en todo, hay que trabajar sin prisa pero sin pausa, y con conciencia de nuestros biorritmos personales. Este ejercicio de planificaci\u00f3n tambi\u00e9n te ayuda a visualizar cada paso que necesitar\u00e1s hacer; gracias a un establecimiento de fases y tiempos, vuestro trabajo va a ir evolucionando durante las semanas sin tener que cargaros con grandes picos de faena al final, que es lo que suele causar ansiedad. Las metas y los objetivos que os marqu\u00e9is tambi\u00e9n deben estar bien compaginados con vuestras tareas habituales (trabajo, familia u otras actividades) a sabiendas de que este semestre vais a tener que dedicar un poco m\u00e1s de tiempo de lo habitual al grado.<\/p>\n<p>Uno de los modelos de calendario que os puede ser \u00fatil en esta fase es el c\u00e9lebre <strong>diagrama de Gantt<\/strong>. B\u00e1sicamente es un recurso gr\u00e1fico que expone el tiempo de dedicaci\u00f3n previsto para diferentes tareas a lo largo de un tiempo total determinado, pero sin mostrar la relaci\u00f3n de las tareas entre s\u00ed. A pesar de haber sido inventado ya hace tiempo, a finales del siglo <span class=\"roman\">XX<\/span>, a\u00fan sigue us\u00e1ndose. El diagrama est\u00e1 compuesto por un eje vertical donde establecen las actividades que constituyen el trabajo que se va a ejecutar y un eje horizontal que muestra en un calendario la duraci\u00f3n de cada una.<\/p>\n<figure id=\"attachment_85\" aria-describedby=\"caption-attachment-85\" style=\"width: 800px\" class=\"wp-caption alignnone\"><img loading=\"lazy\" class=\"wp-image-85 size-full\" src=\"http:\/\/disseny-test.uoc.edu\/materials\/tfg\/wp-content\/uploads\/sites\/10\/2018\/11\/20141_02.jpg\" alt=\"\" width=\"800\" height=\"508\" srcset=\"http:\/\/disseny-test.uoc.edu\/materials\/tfg\/wp-content\/uploads\/sites\/10\/2018\/11\/20141_02.jpg 800w, http:\/\/disseny-test.uoc.edu\/materials\/tfg\/wp-content\/uploads\/sites\/10\/2018\/11\/20141_02-300x191.jpg 300w, http:\/\/disseny-test.uoc.edu\/materials\/tfg\/wp-content\/uploads\/sites\/10\/2018\/11\/20141_02-768x488.jpg 768w\" sizes=\"(max-width: 800px) 100vw, 800px\" \/><figcaption id=\"caption-attachment-85\" class=\"wp-caption-text\">Modelo de calendario basado en diagrama de Gantt<\/figcaption><\/figure>\n<p>Si lo prefer\u00eds, actualmente hay muchos <strong><em>softwares<\/em> disponibles<\/strong> que os pueden ayudar en la tarea de gestionar vuestro proyecto: Asana, Basecamp, Trello\u2026 y otros muchos. La mayor\u00eda de ellos ofrecen una prueba gratuita durante un tiempo, o incluso de manera indefinida. Se trata de herramientas muy comunes para realizar trabajos en l\u00ednea, as\u00ed como para compartir recursos y <em>feedback<\/em> con otros equipos. En vuestro caso, al ser un proyecto individual podr\u00eda simplemente servir para organizaros vosotros mismos o para mostrarle el proceso a los tutores y profesores de la UOC. Suelen ser <em>interfaces<\/em> muy intuitivas y f\u00e1ciles de usar, que adem\u00e1s son utilizadas con frecuencia en el \u00e1mbito profesional. Especialmente para aquellas personas que est\u00e9n interesadas en una nueva incorporaci\u00f3n al mundo laboral, puede resultar ser una buena oportunidad acercarse a estas plataformas con la excusa del TFG. Una de las ventajas de estas plataformas es que muchas de ellas tambi\u00e9n tienen integrado un calendario, o puede ser sincronizado con vuestro Google Calendar (si est\u00e1is acostumbrados a usar Google).<\/p>\n<p>Cuando vay\u00e1is desgranando todas las subfases, ir\u00e9is asign\u00e1ndole a cada una de las tareas una duraci\u00f3n estimada que sea coherente con su complejidad, dificultad y profundidad en relaci\u00f3n con vuestras competencias. Algunas de las subfases que tendr\u00e9is que planificar son ejecuci\u00f3n o desarrollo, revisi\u00f3n, correcci\u00f3n, presentaci\u00f3n\u2026, aunque cada persona en esta fase de \u00abplanificaci\u00f3n\u00bb podr\u00e1 listar todas aquellas actividades que le ir\u00e1 bien visualizar a lo largo del tiempo. Cuanto m\u00e1s realista, espec\u00edfico y detallado sea el calendario, m\u00e1s os ayudar\u00e1 en el desarrollo del proyecto, por lo que es esencial incluir en \u00e9l, tambi\u00e9n, las fechas especiales del calendario (festivos, puentes, vacaciones, etc.).<\/p>\n<p>Algunos enlaces interesantes sobre la gesti\u00f3n de proyectos:<\/p>\n<ul>\n<li><a href=\"http:\/\/es.wikipedia.org\/wiki\/Diagrama_de_Gantt\" target=\"_blank\" rel=\"noopener\">http:\/\/es. wikipedia.org\/wiki\/Diagrama_de_Gantt<\/a><\/li>\n<li><a href=\"http:\/\/es.wikipedia.org\/wiki\/Gesti\u00f3n_de_Proyectos_por_ Cadena_Cr\u00edtica\" target=\"_blank\" rel=\"noopener\">http:\/\/es.wikipedia.org\/ wiki\/Gesti\u00f3n_de_Proyectos_por_ Cadena_Cr\u00edtica<\/a><\/li>\n<\/ul>\n<p>Adem\u00e1s, es importante que hag\u00e1is un seguimiento peri\u00f3dico de la planificaci\u00f3n a lo largo de todo el TFG. Es recomendable ir revisando si se cumplen las fechas marcadas y las tareas asignadas en cada momento. As\u00ed os pod\u00e9is anticipar a variaciones en la planificaci\u00f3n que os pueden provocar cambios de dedicaci\u00f3n en cierto momento o dificultar el cumplimiento de vuestros objetivos. Adem\u00e1s, una revisi\u00f3n constante de la planificaci\u00f3n tambi\u00e9n os permite proponer cambios realistas y a tiempo seg\u00fan el estado del proyecto, y que no tienen que suponer un problema.<\/p>\n<div class=\"featured featured-blue\"><p>En resumen, una planificaci\u00f3n clara, sint\u00e9tica y organizada, con fechas claves bien indicadas, y una visi\u00f3n del progreso del TFG es esencial para que este llegue a buen puerto.<\/p>\n<\/div>\n","protected":false},"excerpt":{"rendered":"<p>La organizaci\u00f3n de las tareas, su estructura y el manejo de los tiempos es esencial en el TFG y ser\u00e1, en buena medida, la clave del \u00e9xito. Hab\u00e9is llegado al final del grado y seguramente la multitarea es algo que ten\u00e9is muy incorporado en vuestra vida diaria. Es probable que teng\u00e1is muchas cosas que atender [&hellip;]<\/p>\n","protected":false},"author":1,"featured_media":0,"parent":0,"menu_order":0,"comment_status":"closed","ping_status":"closed","template":"","meta":{"inline_featured_image":false},"acf":[],"_links":{"self":[{"href":"http:\/\/disseny-test.uoc.edu\/materials\/tfg\/es\/wp-json\/wp\/v2\/pages\/84"}],"collection":[{"href":"http:\/\/disseny-test.uoc.edu\/materials\/tfg\/es\/wp-json\/wp\/v2\/pages"}],"about":[{"href":"http:\/\/disseny-test.uoc.edu\/materials\/tfg\/es\/wp-json\/wp\/v2\/types\/page"}],"author":[{"embeddable":true,"href":"http:\/\/disseny-test.uoc.edu\/materials\/tfg\/es\/wp-json\/wp\/v2\/users\/1"}],"replies":[{"embeddable":true,"href":"http:\/\/disseny-test.uoc.edu\/materials\/tfg\/es\/wp-json\/wp\/v2\/comments?post=84"}],"version-history":[{"count":4,"href":"http:\/\/disseny-test.uoc.edu\/materials\/tfg\/es\/wp-json\/wp\/v2\/pages\/84\/revisions"}],"predecessor-version":[{"id":281,"href":"http:\/\/disseny-test.uoc.edu\/materials\/tfg\/es\/wp-json\/wp\/v2\/pages\/84\/revisions\/281"}],"wp:attachment":[{"href":"http:\/\/disseny-test.uoc.edu\/materials\/tfg\/es\/wp-json\/wp\/v2\/media?parent=84"}],"curies":[{"name":"wp","href":"https:\/\/api.w.org\/{rel}","templated":true}]}}