{"id":87,"date":"2018-11-14T13:52:43","date_gmt":"2018-11-14T11:52:43","guid":{"rendered":"http:\/\/disseny-test.uoc.edu\/materials\/tfg\/?page_id=87"},"modified":"2018-12-18T13:26:46","modified_gmt":"2018-12-18T11:26:46","slug":"3-4-1-fases-basicas","status":"publish","type":"page","link":"http:\/\/disseny-test.uoc.edu\/materials\/tfg\/es\/3-4-1-fases-basicas\/","title":{"rendered":"3.4.1. Fases b\u00e1sicas"},"content":{"rendered":"<p>Para desarrollar algo primero es necesario investigar sobre el tema u objeto para saber si, de manera previa, ya existe alg\u00fan elemento o l\u00ednea investigada o ser\u00e1 algo hecho por primera vez. De esta forma se puede conocer si ya hay alg\u00fan referente que se debe seguir o puede ser completamente innovador. Una vez que teng\u00e1is los antecedentes, ser\u00e1 el momento de procesar la informaci\u00f3n, organizarla y analizarla para, ahora s\u00ed, dar pie al desarrollo del dise\u00f1o.<\/p>\n<p>As\u00ed, esta es de lejos la fase que os consumir\u00e1 m\u00e1s tiempo. Se trata del momento de ponerse manos a la obra de verdad. Desde el punto de vista de un trabajo \u00abprofesionalizador\u00bb, que es el que os ata\u00f1e, la materializaci\u00f3n de vuestro TFG se realizar\u00e1 durante esta fase.<\/p>\n<p>Para el dise\u00f1o y la ejecuci\u00f3n, sea el que sea vuestro producto por dise\u00f1ar, necesitar\u00e9is definir al menos cuatro fases b\u00e1sicas:<\/p>\n<ol>\n<li><strong>La creaci\u00f3n de un <em>briefing<\/em> seg\u00fan los an\u00e1lisis y b\u00fasqueda realizados<\/strong>. Es la definici\u00f3n del producto concreto por dise\u00f1ar, su audiencia, sus competidores, sus beneficios\/debilidades principales del producto, su personalidad-valores-atributos del producto, marca, persona\u2026, sus funcionalidades&#8230; Tambi\u00e9n extraer\u00e9is las palabras clave que definen vuestro proyecto y os ayudar\u00e1n a crear un concepto o idea coherente con vuestra investigaci\u00f3n y objetivo.<\/li>\n<li><strong>Exploraci\u00f3n visual de ideas y concepto<\/strong>. Una vez que tengamos definido c\u00f3mo va a ser nuestro proyecto, es el momento de pensar posibles diferentes direcciones, conceptos o propuestas coherentes con el <em>briefing<\/em> a partir de bocetos, <em>moodboards<\/em>, <em>wireframes<\/em>, etc., seg\u00fan las necesidades de vuestro proyecto.<\/li>\n<li><strong>Elecci\u00f3n de una direcci\u00f3n y prototipado<\/strong>. En este punto valorar\u00e9is los aciertos o desaciertos de los conceptos explorados y elegir\u00e9is el m\u00e1s acertado o coherente con los objetivos del <em>briefing<\/em>. Es entonces cuando entramos en la fase de \u00abFallar r\u00e1pido para acertar pronto\u00bb. Al ir prototipando, pueden enriquecerse las ideas generadas previamente. Es decir, el prototipo de la soluci\u00f3n o producto no tiene que tener ni mucho menos todas las opciones o caracter\u00edsticas a las que podemos llegar a aspirar posteriormente; se ir\u00e1n incorporando a medida que saquemos, por ejemplo, la versi\u00f3n beta, la primera versi\u00f3n, etc., y se ir\u00e1 mejorando gracias al <em>feedback<\/em> de nuestros usuarios.<\/li>\n<li><strong>Desarrollo y ejecuci\u00f3n del dise\u00f1o final<\/strong>. Durante la creaci\u00f3n de un prototipo, decidimos los elementos que se incluir\u00e1n, d\u00f3nde y de qu\u00e9 manera, e incluso c\u00f3mo interact\u00faa el usuario con ellos: el sistema de color, las tipograf\u00edas, los mensajes, el lenguaje, los diferentes elementos gr\u00e1ficos, la jerarqu\u00eda de la informaci\u00f3n, etc. Por ello, es en esta etapa cuando se llega a conclusiones sobre si falta o sobra algo en lo que estemos dise\u00f1ando, y es cuando alcanzamos a ejecutar el dise\u00f1o final.<\/li>\n<\/ol>\n<p>Esta fase contiene una tipolog\u00eda de acciones que depende fuertemente del contenido del TFG. En el apartado \u00abPosibles puntos adicionales\u00bb se adjuntan posibles ejemplos de factores adicionales que considerar dentro de esta fase.<\/p>\n","protected":false},"excerpt":{"rendered":"<p>Para desarrollar algo primero es necesario investigar sobre el tema u objeto para saber si, de manera previa, ya existe alg\u00fan elemento o l\u00ednea investigada o ser\u00e1 algo hecho por primera vez. De esta forma se puede conocer si ya hay alg\u00fan referente que se debe seguir o puede ser completamente innovador. Una vez que [&hellip;]<\/p>\n","protected":false},"author":1,"featured_media":0,"parent":0,"menu_order":0,"comment_status":"closed","ping_status":"closed","template":"","meta":{"inline_featured_image":false},"acf":[],"_links":{"self":[{"href":"http:\/\/disseny-test.uoc.edu\/materials\/tfg\/es\/wp-json\/wp\/v2\/pages\/87"}],"collection":[{"href":"http:\/\/disseny-test.uoc.edu\/materials\/tfg\/es\/wp-json\/wp\/v2\/pages"}],"about":[{"href":"http:\/\/disseny-test.uoc.edu\/materials\/tfg\/es\/wp-json\/wp\/v2\/types\/page"}],"author":[{"embeddable":true,"href":"http:\/\/disseny-test.uoc.edu\/materials\/tfg\/es\/wp-json\/wp\/v2\/users\/1"}],"replies":[{"embeddable":true,"href":"http:\/\/disseny-test.uoc.edu\/materials\/tfg\/es\/wp-json\/wp\/v2\/comments?post=87"}],"version-history":[{"count":2,"href":"http:\/\/disseny-test.uoc.edu\/materials\/tfg\/es\/wp-json\/wp\/v2\/pages\/87\/revisions"}],"predecessor-version":[{"id":308,"href":"http:\/\/disseny-test.uoc.edu\/materials\/tfg\/es\/wp-json\/wp\/v2\/pages\/87\/revisions\/308"}],"wp:attachment":[{"href":"http:\/\/disseny-test.uoc.edu\/materials\/tfg\/es\/wp-json\/wp\/v2\/media?parent=87"}],"curies":[{"name":"wp","href":"https:\/\/api.w.org\/{rel}","templated":true}]}}