{"id":186,"date":"2018-11-15T11:56:37","date_gmt":"2018-11-15T09:56:37","guid":{"rendered":"http:\/\/disseny-test.uoc.edu\/materials\/tfg\/?page_id=186"},"modified":"2018-11-15T11:56:37","modified_gmt":"2018-11-15T09:56:37","slug":"1-com-majudara-aquesta-guia","status":"publish","type":"page","link":"http:\/\/disseny-test.uoc.edu\/materials\/tfg\/1-com-majudara-aquesta-guia\/","title":{"rendered":"1. Com m&#8217;ajudar\u00e0 aquesta guia?"},"content":{"rendered":"<p>Aquesta guia d&#8217;estudi proposa una visi\u00f3 i una orientaci\u00f3 sobre qu\u00e8 \u00e9s i com elaborar amb \u00e8xit un treball final de grau en <strong>sis passos senzills<\/strong>. El treball final de grau \u00e9s la culminaci\u00f3 de tots els nostres esfor\u00e7os durant el grau; volem que aquest llueixi i que, a m\u00e9s, combini tots els nostres aprenentatges. Per aix\u00f2 cal fer-lo dedicant el temps necessari a cada etapa.<\/p>\n<p>Aquesta guia pret\u00e9n ajudar-vos davant d&#8217;aquest desafiament emocionant, explicant pas a pas com enfocar el treball final de grau i com desenvolupar-lo i, sobretot, orientar-vos sobre quina part del TFG ser\u00e0 treballada en la seva corresponent prova d&#8217;avaluaci\u00f3 cont\u00ednua (PAC).<\/p>\n<p>La finalitat de la guia tamb\u00e9 \u00e9s resoldre dubtes gen\u00e8rics que puguin sorgir durant l&#8217;elaboraci\u00f3 del TFG i, sobretot, posar l&#8217;accent en la mem\u00f2ria, que us servir\u00e0 per a argumentar i descriure tota la tasca.<\/p>\n<p>La metodologia proposada us permetr\u00e0 abordar-lo d&#8217;una manera clara i, d&#8217;altra banda, tamb\u00e9 podreu usar aquesta guia de refer\u00e8ncia per a consultar com ha de ser l&#8217;estil i l&#8217;adequaci\u00f3 que s&#8217;aconsella que segueixi el treball. A m\u00e9s, us servir\u00e0 per a trobar pautes de citaci\u00f3 bibliogr\u00e0fica. Usarem un llenguatge clar que generi un marc de reflexi\u00f3 i pensament davant l&#8217;aventura apassionant de final de grau.<\/p>\n","protected":false},"excerpt":{"rendered":"<p>Aquesta guia d&#8217;estudi proposa una visi\u00f3 i una orientaci\u00f3 sobre qu\u00e8 \u00e9s i com elaborar amb \u00e8xit un treball final de grau en sis passos senzills. El treball final de grau \u00e9s la culminaci\u00f3 de tots els nostres esfor\u00e7os durant el grau; volem que aquest llueixi i que, a m\u00e9s, combini tots els nostres aprenentatges. [&hellip;]<\/p>\n","protected":false},"author":1,"featured_media":0,"parent":0,"menu_order":0,"comment_status":"closed","ping_status":"closed","template":"","meta":{"inline_featured_image":false},"acf":[],"_links":{"self":[{"href":"http:\/\/disseny-test.uoc.edu\/materials\/tfg\/wp-json\/wp\/v2\/pages\/186"}],"collection":[{"href":"http:\/\/disseny-test.uoc.edu\/materials\/tfg\/wp-json\/wp\/v2\/pages"}],"about":[{"href":"http:\/\/disseny-test.uoc.edu\/materials\/tfg\/wp-json\/wp\/v2\/types\/page"}],"author":[{"embeddable":true,"href":"http:\/\/disseny-test.uoc.edu\/materials\/tfg\/wp-json\/wp\/v2\/users\/1"}],"replies":[{"embeddable":true,"href":"http:\/\/disseny-test.uoc.edu\/materials\/tfg\/wp-json\/wp\/v2\/comments?post=186"}],"version-history":[{"count":1,"href":"http:\/\/disseny-test.uoc.edu\/materials\/tfg\/wp-json\/wp\/v2\/pages\/186\/revisions"}],"predecessor-version":[{"id":187,"href":"http:\/\/disseny-test.uoc.edu\/materials\/tfg\/wp-json\/wp\/v2\/pages\/186\/revisions\/187"}],"wp:attachment":[{"href":"http:\/\/disseny-test.uoc.edu\/materials\/tfg\/wp-json\/wp\/v2\/media?parent=186"}],"curies":[{"name":"wp","href":"https:\/\/api.w.org\/{rel}","templated":true}]}}