{"id":188,"date":"2018-11-15T11:58:46","date_gmt":"2018-11-15T09:58:46","guid":{"rendered":"http:\/\/disseny-test.uoc.edu\/materials\/tfg\/?page_id=188"},"modified":"2018-11-27T14:47:18","modified_gmt":"2018-11-27T12:47:18","slug":"2-1-definicio-dades-resultats-i-expectatives","status":"publish","type":"page","link":"http:\/\/disseny-test.uoc.edu\/materials\/tfg\/2-1-definicio-dades-resultats-i-expectatives\/","title":{"rendered":"2.1. Definici\u00f3, dades, resultats i expectatives"},"content":{"rendered":"<p>Un treball final (TF) \u00e9s el colof\u00f3 final del grau a qu\u00e8 heu dedicat tantes hores de treball i estudi. Durant aquest podreu desenvolupar aspectes relacionats amb el pensament cr\u00edtic, els processos de documentaci\u00f3 i de bibliografia, i tamb\u00e9 d&#8217;experimentaci\u00f3 i execuci\u00f3.<\/p>\n<div class=\"featured featured-blue\"><p>El TFG \u00e9s l&#8217;acumulaci\u00f3 de tots els sabers apresos dins de les diferents mat\u00e8ries impartides al llarg del grau universitari i, per tant, tamb\u00e9 t\u00e9 un enfocament interdisciplinari que implica el desplegament d&#8217;una gran riquesa de coneixements.<\/p>\n<\/div>\n<p>Ser\u00e0 una oportunitat perqu\u00e8 pugueu exercitar el vostre pensament cr\u00edtic, la vostra curiositat i la vostra capacitat d&#8217;experimentaci\u00f3 i d&#8217;an\u00e0lisi. Per a ser pr\u00e0ctics, us\u00a0 recomanem, encara que no \u00e9s obligatori, que el vostre TFG giri entorn d&#8217;aquelles disciplines o PEC que us hagin cridat m\u00e9s l&#8217;atenci\u00f3, sia perqu\u00e8 les heu superat satisfact\u00f2riament o les heu gaudit m\u00e9s durant el seu acompliment.<\/p>\n<p>El TFG \u00e9s un requisit per a obtenir la titulaci\u00f3: \u00e9s un port d&#8217;arribada o la fi d&#8217;un viatge, per\u00f2 tamb\u00e9 s&#8217;ha d&#8217;entendre com la llavor d&#8217;un nou inici que us obrir\u00e0 nous horitzons.<\/p>\n<p><strong>Les deu dades essencials del TFG<\/strong><\/p>\n<ol>\n<li>Dura un semestre<\/li>\n<li>Segueix un m\u00e8tode de treball<\/li>\n<li>\u00c9s una tasca individual<\/li>\n<li>Teoria i pr\u00e0ctica van de la m\u00e0<\/li>\n<li>La mem\u00f2ria \u00e9s la pedra angular<\/li>\n<li>Comporta molta c\u00e0rrega de treball<\/li>\n<li>Creareu un producte<\/li>\n<li>Els consultors us guiaran<\/li>\n<li>\u00c9s un repte divertit<\/li>\n<li>Establireu contactes amb moltes disciplines<\/li>\n<\/ol>\n<p><strong>Resultats i expectatives<\/strong><\/p>\n<ul>\n<li>Realitzareu un petit <strong>projecte o un prototip mitjan\u00e7ant <em>wireframes<\/em><\/strong> que donar\u00e0 soluci\u00f3 a una problem\u00e0tica real o possible. De manera alternativa, podreu fer una recerca si aix\u00ed ho requereix el vostre treball.<\/li>\n<li>Integrareu durant la seva realitzaci\u00f3 <strong>plantejaments<\/strong> culturals, art\u00edstics i instrumentals seguint una metodologia cr\u00edtica i argumentada.<\/li>\n<li>Aplicareu m\u00e8todes adequats de <strong>recerca<\/strong> i desenvolupament per a l&#8217;objecte d&#8217;estudi.<\/li>\n<li>Elaborareu una <strong>mem\u00f2ria<\/strong> i una producci\u00f3 seguint uns processos rigorosos.<\/li>\n<li>Ho aconseguireu mitjan\u00e7ant una <strong>planificaci\u00f3<\/strong> adequada.<\/li>\n<li><strong>Qualsevol tipus d&#8217;audi\u00e8ncia<\/strong> ser\u00e0 potencialment capa\u00e7 d&#8217;entendre, de manera clara i precisa, la vostra soluci\u00f3 o proposta.<\/li>\n<\/ul>\n","protected":false},"excerpt":{"rendered":"<p>Un treball final (TF) \u00e9s el colof\u00f3 final del grau a qu\u00e8 heu dedicat tantes hores de treball i estudi. Durant aquest podreu desenvolupar aspectes relacionats amb el pensament cr\u00edtic, els processos de documentaci\u00f3 i de bibliografia, i tamb\u00e9 d&#8217;experimentaci\u00f3 i execuci\u00f3. Ser\u00e0 una oportunitat perqu\u00e8 pugueu exercitar el vostre pensament cr\u00edtic, la vostra curiositat [&hellip;]<\/p>\n","protected":false},"author":1,"featured_media":0,"parent":0,"menu_order":0,"comment_status":"closed","ping_status":"closed","template":"","meta":{"inline_featured_image":false},"acf":[],"_links":{"self":[{"href":"http:\/\/disseny-test.uoc.edu\/materials\/tfg\/wp-json\/wp\/v2\/pages\/188"}],"collection":[{"href":"http:\/\/disseny-test.uoc.edu\/materials\/tfg\/wp-json\/wp\/v2\/pages"}],"about":[{"href":"http:\/\/disseny-test.uoc.edu\/materials\/tfg\/wp-json\/wp\/v2\/types\/page"}],"author":[{"embeddable":true,"href":"http:\/\/disseny-test.uoc.edu\/materials\/tfg\/wp-json\/wp\/v2\/users\/1"}],"replies":[{"embeddable":true,"href":"http:\/\/disseny-test.uoc.edu\/materials\/tfg\/wp-json\/wp\/v2\/comments?post=188"}],"version-history":[{"count":3,"href":"http:\/\/disseny-test.uoc.edu\/materials\/tfg\/wp-json\/wp\/v2\/pages\/188\/revisions"}],"predecessor-version":[{"id":299,"href":"http:\/\/disseny-test.uoc.edu\/materials\/tfg\/wp-json\/wp\/v2\/pages\/188\/revisions\/299"}],"wp:attachment":[{"href":"http:\/\/disseny-test.uoc.edu\/materials\/tfg\/wp-json\/wp\/v2\/media?parent=188"}],"curies":[{"name":"wp","href":"https:\/\/api.w.org\/{rel}","templated":true}]}}