{"id":190,"date":"2018-11-15T12:00:31","date_gmt":"2018-11-15T10:00:31","guid":{"rendered":"http:\/\/disseny-test.uoc.edu\/materials\/tfg\/?page_id=190"},"modified":"2018-11-15T12:00:31","modified_gmt":"2018-11-15T10:00:31","slug":"2-2-tipus-de-treballs","status":"publish","type":"page","link":"http:\/\/disseny-test.uoc.edu\/materials\/tfg\/2-2-tipus-de-treballs\/","title":{"rendered":"2.2. Tipus de treballs"},"content":{"rendered":"<p>De forma general i independentment del tipus de titulaci\u00f3 (grau, m\u00e0ster o postgrau), hi ha tres tipus de treballs i, a l&#8217;inici, haureu d&#8217;escollir amb quina tipologia us sentireu m\u00e9s c\u00f2modes:<\/p>\n<ol>\n<li><strong>TFG professionalitzador<\/strong>. A partir d&#8217;una necessitat real o possible que us imagineu, es tracta de desenvolupar una idea i una soluci\u00f3 plasmada per mitj\u00e0 d&#8217;un <em>mockup<\/em> o prototip per a obtenir un producte o servei per als usuaris. Per exemple, una <em>app<\/em>, un servei interactiu amb una funci\u00f3 espec\u00edfica, una plataforma <em>online<\/em> per a un negoci, una web, el redisseny d&#8217;un servei existent o que imaginem, etc. Les persones amb esperit emprenedor es poden sentir c\u00f2modes amb aquesta modalitat de treball i, a m\u00e9s, podria ser la base per a continuar el projecte en el futur.<\/li>\n<li><strong>TFG investigador<\/strong>. Aquest tipus de TFG pret\u00e9n apropar-se o simular el model d&#8217;un article acad\u00e8mic. \u00c9s, per tant, el relat d&#8217;una recerca acad\u00e8mica i dels resultats obtinguts. Arran de fer-se una pregunta, establir uns objectius i formular una hip\u00f2tesi, es defineix un m\u00e8tode d&#8217;an\u00e0lisi i s&#8217;escullen uns materials per a desenvolupar la recerca. En la metodologia de recerca, s&#8217;utilitzaran m\u00e8todes quantitatius (enquestes, an\u00e0lisi de dades) o qualitatius (entrevistes, observacions, indagaci\u00f3 sobre el terreny, etc.). Amb tot aix\u00f2 s&#8217;elaboraran unes conclusions. Per exemple, un cas d&#8217;estudi, una an\u00e0lisi de l&#8217;impacte d&#8217;una nova tecnologia web en usuaris, un estudi d&#8217;usabilitat d&#8217;una <em>app<\/em>, etc. Les persones a qu\u00e8 els agradaria apropar-se al m\u00f3n acad\u00e8mic i a la recerca podrien triar aquesta opci\u00f3 com a punt de partida.<\/li>\n<li><strong>TFG de creaci\u00f3 art\u00edstica<\/strong>. Es tracta d&#8217;un treball de creaci\u00f3 i exploraci\u00f3 art\u00edstica, personal i original, sobre un tema relacionat amb el grau en qu\u00e8 s&#8217;evidencia, de forma clara, un alt nivell de qualificaci\u00f3 en l&#8217;ocupaci\u00f3 de les idees i arguments, tant visuals com escrites. La part essencial d&#8217;un TFG de tipologia \u00abCreaci\u00f3 art\u00edstica\u00bb \u00e9s un resultat de naturalesa molt variada: sia dibuixos, pintures, escultures, fotografies, v\u00eddeos, dissenys, c\u00f2mics, <em>performances<\/em>, coreografia, instal\u00b7lacions o qualsevol altra modalitat de creaci\u00f3 art\u00edstica contempor\u00e0nia, de qualitat art\u00edstica professional i la documentaci\u00f3 de tot el proc\u00e9s creatiu i de les diferents fases de creaci\u00f3. Les persones que vulguin dedicar-se a un \u00e0mbit art\u00edstic podrien escollir aquest tipus de treball.<\/li>\n<\/ol>\n<p>En el vostre cas i per la pr\u00f2pia naturalesa i els estudis cursats en el grau de Disseny i Creaci\u00f3 Digitals, \u00e9s m\u00e9s comuna una dedicaci\u00f3 a la tipologia <strong>professionalitzadora<\/strong>, ja que el conjunt de les mat\u00e8ries s&#8217;adiu m\u00e9s amb aquesta l\u00ednia.<\/p>\n<div class=\"featured featured-blue\"><p>Tingueu molt present que el TFG ser\u00e0 una mostra clara del potencial creatiu que teniu, de manera que us aconsellem que li dediqueu la m\u00e0xima cura, rigor, amor i esfor\u00e7 possible.<\/p>\n<\/div>\n","protected":false},"excerpt":{"rendered":"<p>De forma general i independentment del tipus de titulaci\u00f3 (grau, m\u00e0ster o postgrau), hi ha tres tipus de treballs i, a l&#8217;inici, haureu d&#8217;escollir amb quina tipologia us sentireu m\u00e9s c\u00f2modes: TFG professionalitzador. A partir d&#8217;una necessitat real o possible que us imagineu, es tracta de desenvolupar una idea i una soluci\u00f3 plasmada per mitj\u00e0 [&hellip;]<\/p>\n","protected":false},"author":1,"featured_media":0,"parent":0,"menu_order":0,"comment_status":"closed","ping_status":"closed","template":"","meta":{"inline_featured_image":false},"acf":[],"_links":{"self":[{"href":"http:\/\/disseny-test.uoc.edu\/materials\/tfg\/wp-json\/wp\/v2\/pages\/190"}],"collection":[{"href":"http:\/\/disseny-test.uoc.edu\/materials\/tfg\/wp-json\/wp\/v2\/pages"}],"about":[{"href":"http:\/\/disseny-test.uoc.edu\/materials\/tfg\/wp-json\/wp\/v2\/types\/page"}],"author":[{"embeddable":true,"href":"http:\/\/disseny-test.uoc.edu\/materials\/tfg\/wp-json\/wp\/v2\/users\/1"}],"replies":[{"embeddable":true,"href":"http:\/\/disseny-test.uoc.edu\/materials\/tfg\/wp-json\/wp\/v2\/comments?post=190"}],"version-history":[{"count":1,"href":"http:\/\/disseny-test.uoc.edu\/materials\/tfg\/wp-json\/wp\/v2\/pages\/190\/revisions"}],"predecessor-version":[{"id":191,"href":"http:\/\/disseny-test.uoc.edu\/materials\/tfg\/wp-json\/wp\/v2\/pages\/190\/revisions\/191"}],"wp:attachment":[{"href":"http:\/\/disseny-test.uoc.edu\/materials\/tfg\/wp-json\/wp\/v2\/media?parent=190"}],"curies":[{"name":"wp","href":"https:\/\/api.w.org\/{rel}","templated":true}]}}